{"id":7292,"date":"2024-06-18T15:06:24","date_gmt":"2024-06-18T13:06:24","guid":{"rendered":"https:\/\/intercommerce.si\/izdelek\/vakuummaschinen-der-s-serie\/"},"modified":"2024-06-18T15:06:24","modified_gmt":"2024-06-18T13:06:24","slug":"vakuummaschinen-der-s-serie","status":"publish","type":"product","link":"https:\/\/intercommerce.si\/de\/produkt\/vakuummaschinen-der-s-serie\/","title":{"rendered":"Vakuummaschinen der S-Serie"},"content":{"rendered":"<p>Maschinenmerkmale:<br \/>\n\u2022 Versiegeln und Schrumpfen in einem Arbeitsgang<br \/>\n\u2022 Schwei\u00dfmesser mit PTFE-Beschichtung<br \/>\n\u2022 Luftk\u00fchlung des Maschinengestells<br \/>\n\u2022 H\u00f6henverstellung der inneren Verpackungsplatte<br \/>\n\u2022 Bewegliche Produktauflageplatte, getrennt von der Folienrollenhalterung, was eine bessere Anpassung der Folie an die Paketgr\u00f6\u00dfe erm\u00f6glicht<br \/>\n\u2022 Elektromagnet zur Deckelbefestigung<br \/>\n\u2022 Automatische Deckelentriegelung<br \/>\n\u2022 Flextron\u00ae Steuerungssystem, ausgestattet mit:<br \/>\n1. Alphanumerischem LCD-Bedienfeld, ausgestattet mit einer 16-Bit-Mikroprozessorkarte und Solid-State-Relais, die eine einfache und pr\u00e4zise Steuerung aller Maschinenoperationen erm\u00f6glichen, wie zum Beispiel:<br \/>\n\u2013 Maschinenzustand<br \/>\n\u2013 Anzahl der mit Hilfe eines elektronischen Packungsz\u00e4hlers produzierten Packungen<br \/>\n\u2013 Einstellung der Schwei\u00dftemperatur<br \/>\n\u2013 Einstellung der Verz\u00f6gerung der Deckel\u00f6ffnung<br \/>\n\u2013 Einstellung der Schrumpfverz\u00f6gerung<br \/>\n\u2013 Einstellung der Schrumpfzeit<br \/>\n\u2013 Einstellung der Temperatur der Schrumpfkammer<br \/>\n\u2013 M\u00f6glichkeit, bis zu 10 verschiedene Arbeitszyklen zu planen, was die Produktivit\u00e4t erh\u00f6ht und die Bedienung vereinfacht<br \/>\n\u2013 Fehlerbehebung<br \/>\n2. Modulares Netzteil, getrennt vom Bedienfeld und gekennzeichnet durch:<br \/>\n\u2013 robustere Solid-State-Relais, was die Wartung erleichtert<br \/>\n\u2013 im Falle eines Defekts besteht die M\u00f6glichkeit, nur das besch\u00e4digte Modul auszutauschen, ohne Verlust der im Speicher gespeicherten Daten<br \/>\n\u2022 Reduzierter Energieverbrauch<br \/>\n\u2022 Konformit\u00e4t mit der CE-Verordnung<\/p>\n","protected":false},"excerpt":{"rendered":"Vakuummaschinen des Modells S mit L-Schwei\u00dfsystem sind halbautomatische Maschinen, die gleichzeitig schwei\u00dfen und vakuumverpacken. Dies erm\u00f6glicht eine h\u00f6here Kapazit\u00e4t im Vergleich zur SL-Serie. Aufgrund ihrer F\u00e4higkeiten erreichen sie recht hohe Produktionsgeschwindigkeiten.  \n\nWir haben vier Modelle, die eine Geschwindigkeit von bis zu 900 Paketen pro Stunde erreichen.\n\nAnwendung in Branchen:\nBackwaren, S\u00fc\u00dfwaren, Milchprodukte, Obst und Gem\u00fcse, Fisch, Fleisch, Eier, Druckindustrie, B\u00fcromaterial, Computerindustrie, W\u00e4schereien, Haushaltsprodukte, Spielzeug, Kosmetik, Pharmazeutika, Elektro- und Elektronikindustrie, Kunststoffe, Holz, Papier, Reinigungsmittel, Maschinenbauindustrie, Schmierstoffe, Koffer und Kartons, Regale, Logistik, Verpackungsdienstleister.","protected":false},"featured_media":5358,"template":"","meta":{"_acf_changed":false,"inline_featured_image":false},"product_cat":[1813,1818,1829,1871],"product_tag":[],"class_list":{"0":"post-7292","1":"product","2":"type-product","3":"status-publish","4":"has-post-thumbnail","6":"product_cat-artikel","7":"product_cat-verpackungsmaschinen-und-gerate","8":"product_cat-maschinen","9":"product_cat-maschinen-fur-die-vakuumverpackung","11":"first","12":"instock","13":"product-type-simple"},"acf":[],"gallery_images":[5356],"_links":{"self":[{"href":"https:\/\/intercommerce.si\/de\/wp-json\/wp\/v2\/product\/7292","targetHints":{"allow":["GET"]}}],"collection":[{"href":"https:\/\/intercommerce.si\/de\/wp-json\/wp\/v2\/product"}],"about":[{"href":"https:\/\/intercommerce.si\/de\/wp-json\/wp\/v2\/types\/product"}],"wp:featuredmedia":[{"embeddable":true,"href":"https:\/\/intercommerce.si\/de\/wp-json\/wp\/v2\/media\/5358"}],"wp:attachment":[{"href":"https:\/\/intercommerce.si\/de\/wp-json\/wp\/v2\/media?parent=7292"}],"wp:term":[{"taxonomy":"product_cat","embeddable":true,"href":"https:\/\/intercommerce.si\/de\/wp-json\/wp\/v2\/product_cat?post=7292"},{"taxonomy":"product_tag","embeddable":true,"href":"https:\/\/intercommerce.si\/de\/wp-json\/wp\/v2\/product_tag?post=7292"}],"curies":[{"name":"wp","href":"https:\/\/api.w.org\/{rel}","templated":true}]}}