{"id":7291,"date":"2024-06-18T15:05:51","date_gmt":"2024-06-18T13:05:51","guid":{"rendered":"https:\/\/intercommerce.si\/izdelek\/krepp-klebebaender\/"},"modified":"2024-06-18T15:05:51","modified_gmt":"2024-06-18T13:05:51","slug":"krepp-klebebaender","status":"publish","type":"product","link":"https:\/\/intercommerce.si\/de\/produkt\/krepp-klebebaender\/","title":{"rendered":"Krepp-Klebeb\u00e4nder"},"content":{"rendered":"<p><strong>Eigenschaften von Krepp-Klebeb\u00e4ndern<\/strong><\/p>\n<ul>\n<li><strong>Hinterlassen keine Klebstoffr\u00fcckst\u00e4nde<\/strong>: Besch\u00e4digen nach dem Entfernen keine Oberfl\u00e4chen und hinterlassen keine Klebstoffr\u00fcckst\u00e4nde, was eine saubere und einfache Anwendung erm\u00f6glicht.<\/li>\n<li><strong>Hohe Temperaturbest\u00e4ndigkeit<\/strong>: Sie sind best\u00e4ndig gegen hohe Temperaturen, was ihre Verwendung unter anspruchsvolleren Bedingungen erm\u00f6glicht, wie z. B. in Prozessen in der Automobil- und Holzindustrie.<\/li>\n<\/ul>\n","protected":false},"excerpt":{"rendered":"Krepp-Klebeb\u00e4nder werden aus Krepppapier hergestellt. Sie werden im Baugewerbe (Maler), in der Automobil- und Holzindustrie eingesetzt. Ihr Zweck ist der Schutz von Gegenst\u00e4nden beim Lackieren oder Lackieren. Kreppb\u00e4nder sind einfach anzubringen und zu entfernen. Dabei hinterlassen sie keine Klebstoffr\u00fcckst\u00e4nde. Wir kennen 60- und 110-Grad-Krepp-Klebeb\u00e4nder. Erstere sind f\u00fcr das Baugewerbe, Maler bestimmt, letztere f\u00fcr die Automobil- und Holzindustrie. Der Unterschied zwischen den Bandtypen liegt in der Temperaturbest\u00e4ndigkeit, was bedeutet, dass das 110-Grad-Krepp-Klebeband h\u00f6heren Temperaturen standh\u00e4lt.       ","protected":false},"featured_media":1830,"template":"","meta":{"_acf_changed":false,"inline_featured_image":false},"product_cat":[1813,1823,1846,1921,1836,1858],"product_tag":[],"class_list":{"0":"post-7291","1":"product","2":"type-product","3":"status-publish","4":"has-post-thumbnail","6":"product_cat-artikel","7":"product_cat-verpackungsmaterialien","8":"product_cat-klebebander","9":"product_cat-krepp-klebebander","10":"product_cat-nachhaltige-verpackung","11":"product_cat-nachhaltige-klebebander","12":"pa_aplikacija-handbuch","13":"pa_barva-braun","14":"pa_navitje-na-roli-m-50-de","15":"pa_nosilec-medium-krepppapier","16":"pa_sirina-mm-9-de","17":"pa_sirina-mm-15-de","18":"pa_sirina-mm-19-de","19":"pa_sirina-mm-25-de","20":"pa_sirina-mm-38-de","21":"pa_sirina-mm-50-de","22":"pa_sirina-mm-100-de","23":"pa_st-izdelkov-v-skatli-12-de","24":"pa_st-izdelkov-v-skatli-24-de","25":"pa_st-izdelkov-v-skatli-36-de","26":"pa_st-izdelkov-v-skatli-48-de","27":"pa_st-izdelkov-v-skatli-72-de","28":"pa_st-izdelkov-v-skatli-96-de","29":"pa_vrsta-lepila-naturkautschuk-losungsmittel","31":"first","32":"instock","33":"product-type-simple"},"acf":[],"gallery_images":[],"_links":{"self":[{"href":"https:\/\/intercommerce.si\/de\/wp-json\/wp\/v2\/product\/7291","targetHints":{"allow":["GET"]}}],"collection":[{"href":"https:\/\/intercommerce.si\/de\/wp-json\/wp\/v2\/product"}],"about":[{"href":"https:\/\/intercommerce.si\/de\/wp-json\/wp\/v2\/types\/product"}],"wp:featuredmedia":[{"embeddable":true,"href":"https:\/\/intercommerce.si\/de\/wp-json\/wp\/v2\/media\/1830"}],"wp:attachment":[{"href":"https:\/\/intercommerce.si\/de\/wp-json\/wp\/v2\/media?parent=7291"}],"wp:term":[{"taxonomy":"product_cat","embeddable":true,"href":"https:\/\/intercommerce.si\/de\/wp-json\/wp\/v2\/product_cat?post=7291"},{"taxonomy":"product_tag","embeddable":true,"href":"https:\/\/intercommerce.si\/de\/wp-json\/wp\/v2\/product_tag?post=7291"}],"curies":[{"name":"wp","href":"https:\/\/api.w.org\/{rel}","templated":true}]}}