{"id":7290,"date":"2024-06-18T15:05:51","date_gmt":"2024-06-18T13:05:51","guid":{"rendered":"https:\/\/intercommerce.si\/izdelek\/wasseraktivierbare-natron-klebebaender\/"},"modified":"2024-06-18T15:05:51","modified_gmt":"2024-06-18T13:05:51","slug":"wasseraktivierbare-natron-klebebaender","status":"publish","type":"product","link":"https:\/\/intercommerce.si\/de\/produkt\/wasseraktivierbare-natron-klebebaender\/","title":{"rendered":"Wasseraktivierbare Natron-Klebeb\u00e4nder"},"content":{"rendered":"<div class=\"flex-shrink-0 flex flex-col relative items-end\">\n<div>\n<div class=\"pt-0\">\n<div class=\"gizmo-bot-avatar flex h-8 w-8 items-center justify-center overflow-hidden rounded-full\">\n<div class=\"relative p-1 rounded-sm flex items-center justify-center bg-token-main-surface-primary text-token-text-primary h-8 w-8\"><strong>Eigenschaften von wasseraktivierbaren Natron-Klebeb\u00e4ndern<\/strong><\/div>\n<\/div>\n<\/div>\n<\/div>\n<\/div>\n<div class=\"group\/conversation-turn relative flex w-full min-w-0 flex-col agent-turn\">\n<div class=\"flex-col gap-1 md:gap-3\">\n<div class=\"flex max-w-full flex-col flex-grow\">\n<div class=\"min-h-8 text-message flex w-full flex-col items-end gap-2 whitespace-normal break-words text-start [.text-message+&amp;]:mt-5\" dir=\"auto\" data-message-author-role=\"assistant\" data-message-id=\"0bf0bf76-bbea-4d83-a280-b1d4cfccfca8\" data-message-model-slug=\"gpt-4o\">\n<div class=\"flex w-full flex-col gap-1 empty:hidden first:pt-[3px]\">\n<div class=\"markdown prose w-full break-words dark:prose-invert light\">\n<ul>\n<li><strong>Klebstoffaktivierung durch Wasser<\/strong>: Die Klebefl\u00e4che wird bei Kontakt mit Wasser aktiviert, was eine einfache und zuverl\u00e4ssige Anwendung erm\u00f6glicht.<\/li>\n<li><strong>Nachhaltige L\u00f6sung<\/strong>: Aus Papier hergestellt, sind sie umweltfreundlich und k\u00f6nnen zusammen mit der Kartonverpackung recycelt werden.<\/li>\n<li><strong>Gew\u00e4hrleistung der Verpackungssicherheit<\/strong>: Es ist unm\u00f6glich, sie ohne sichtbare Spuren von der Verpackung zu entfernen, was Schutz bietet und unbefugtes \u00d6ffnen verhindert.<\/li>\n<\/ul>\n<\/div>\n<\/div>\n<\/div>\n<\/div>\n<\/div>\n<\/div>\n","protected":false},"excerpt":{"rendered":"Wasseraktivierbare Natron-Klebeb\u00e4nder werden aus Papier hergestellt und sind eine umweltfreundliche L\u00f6sung zum Verschlie\u00dfen von Verpackungen. Auf der Innenseite befindet sich ein Klebstoff, der bei Kontakt mit Wasser aktiviert wird, was einen starken und dauerhaften Halt erm\u00f6glicht.\nDiese B\u00e4nder sind beim sicheren Verpacken unerl\u00e4sslich, da sie aufgrund ihrer Klebkraft und Festigkeit nicht ohne sichtbare Spuren von der Verpackung entfernt werden k\u00f6nnen. ","protected":false},"featured_media":1832,"template":"","meta":{"_acf_changed":false,"inline_featured_image":false},"product_cat":[1813,1823,1846,1920,1836,1858,1874],"product_tag":[],"class_list":{"0":"post-7290","1":"product","2":"type-product","3":"status-publish","4":"has-post-thumbnail","6":"product_cat-artikel","7":"product_cat-verpackungsmaterialien","8":"product_cat-klebebander","9":"product_cat-wasseraktivierbare-natron-klebebander","10":"product_cat-nachhaltige-verpackung","11":"product_cat-nachhaltige-klebebander","12":"product_cat-nachhaltige-papierklebebander","13":"pa_aplikacija-hardware","14":"pa_barva-weiss-de","15":"pa_barva-braun","16":"pa_navitje-na-roli-m-200-de","17":"pa_nosilec-papier","18":"pa_sirina-mm-40-de","19":"pa_sirina-mm-60-de","20":"pa_sirina-mm-70-de","21":"pa_sirina-mm-80-de","22":"pa_st-izdelkov-v-embalazi-12-de","23":"pa_st-izdelkov-v-embalazi-18-de","25":"first","26":"instock","27":"product-type-simple"},"acf":[],"gallery_images":[1833],"_links":{"self":[{"href":"https:\/\/intercommerce.si\/de\/wp-json\/wp\/v2\/product\/7290","targetHints":{"allow":["GET"]}}],"collection":[{"href":"https:\/\/intercommerce.si\/de\/wp-json\/wp\/v2\/product"}],"about":[{"href":"https:\/\/intercommerce.si\/de\/wp-json\/wp\/v2\/types\/product"}],"wp:featuredmedia":[{"embeddable":true,"href":"https:\/\/intercommerce.si\/de\/wp-json\/wp\/v2\/media\/1832"}],"wp:attachment":[{"href":"https:\/\/intercommerce.si\/de\/wp-json\/wp\/v2\/media?parent=7290"}],"wp:term":[{"taxonomy":"product_cat","embeddable":true,"href":"https:\/\/intercommerce.si\/de\/wp-json\/wp\/v2\/product_cat?post=7290"},{"taxonomy":"product_tag","embeddable":true,"href":"https:\/\/intercommerce.si\/de\/wp-json\/wp\/v2\/product_tag?post=7290"}],"curies":[{"name":"wp","href":"https:\/\/api.w.org\/{rel}","templated":true}]}}