{"id":7289,"date":"2024-06-18T15:05:51","date_gmt":"2024-06-18T13:05:51","guid":{"rendered":"https:\/\/intercommerce.si\/izdelek\/sicherheitsklebebaender-tamper-evident\/"},"modified":"2024-06-18T15:05:51","modified_gmt":"2024-06-18T13:05:51","slug":"sicherheitsklebebaender-tamper-evident","status":"publish","type":"product","link":"https:\/\/intercommerce.si\/de\/produkt\/sicherheitsklebebaender-tamper-evident\/","title":{"rendered":"Sicherheitsklebeb\u00e4nder TAMPER EVIDENT"},"content":{"rendered":"<p><strong>Eigenschaften der manipulationssicheren Klebeb\u00e4nder<\/strong><\/p>\n<ul>\n<li><strong>Hinterlassen Spuren beim Abziehen<\/strong>: Beim Versuch, das Band zu entfernen, bleiben sichtbare Spuren auf der Verpackung zur\u00fcck, was deutlich zeigt, dass die Verpackung ge\u00f6ffnet wurde.<\/li>\n<li><strong>Sch\u00fctzen vor unbefugtem \u00d6ffnen<\/strong>: Sie gew\u00e4hrleisten den Schutz der Produkte und verhindern, dass die Verpackung unbemerkt ge\u00f6ffnet wird.<\/li>\n<li><strong>Bedruckung des Bandes m\u00f6glich<\/strong>: Beliebiger Text oder Logos k\u00f6nnen auf das Band gedruckt werden, was eine Personalisierung und Steigerung der Markenbekanntheit erm\u00f6glicht.<\/li>\n<li><strong>Verschiedene Farben verf\u00fcgbar<\/strong>: Die B\u00e4nder sind in verschiedenen Farben erh\u00e4ltlich, was eine Anpassung an die Unternehmensbed\u00fcrfnisse oder einen speziellen Verwendungszweck erm\u00f6glicht.<\/li>\n<\/ul>\n","protected":false},"excerpt":{"rendered":"Manipulationssichere Klebeb\u00e4nder dienen dem Schutz vor unbefugten Eingriffen in verschlossene Verpackungen. Sie werden zum Verschlie\u00dfen von Kartons und anderen Verpackungen verwendet, da jeder \u00d6ffnungsversuch sofort deutlich sichtbar wird. Beim Versuch, das Band zu entfernen, hinterl\u00e4sst es Farbe auf der Verpackung, was bedeutet, dass die Verpackung ge\u00f6ffnet wurde.  \n\nManipulationssichere Klebeb\u00e4nder bieten mehr Sicherheit und Gewissheit beim Transport, da sie eine einfache Identifizierung erm\u00f6glichen, falls die Verpackung unbefugt ge\u00f6ffnet wurde. Dar\u00fcber hinaus kann auf diese B\u00e4nder jeder beliebige Text gedruckt werden, der den W\u00fcnschen und Bed\u00fcrfnissen des Kunden entspricht. Die B\u00e4nder lassen sich auch einfach mit einem handels\u00fcblichen Abroller verwenden, was Bequemlichkeit und schnelle Anwendung gew\u00e4hrleistet.  ","protected":false},"featured_media":1840,"template":"","meta":{"_acf_changed":false,"inline_featured_image":false},"product_cat":[1813,1823,1846,1919],"product_tag":[],"class_list":{"0":"post-7289","1":"product","2":"type-product","3":"status-publish","4":"has-post-thumbnail","6":"product_cat-artikel","7":"product_cat-verpackungsmaterialien","8":"product_cat-klebebander","9":"product_cat-sicherheitsklebebander-tamper-evident","10":"pa_aplikacija-handbuch","11":"pa_aplikacija-hardware","12":"pa_barva-moderiert-von","13":"pa_barva-auf-bestellung","14":"pa_navitje-na-roli-m-50-de","15":"pa_navitje-na-roli-m-500-de","16":"pa_nosilec-pet-de","17":"pa_sirina-mm-48-de","18":"pa_sirina-mm-50-de","19":"pa_st-izdelkov-v-skatli-36-de","20":"pa_st-izdelkov-v-skatli-6-de","21":"pa_vrsta-lepila-wasser-acrylat-bio-losungsmittel","23":"first","24":"instock","25":"product-type-simple"},"acf":[],"gallery_images":[1841],"_links":{"self":[{"href":"https:\/\/intercommerce.si\/de\/wp-json\/wp\/v2\/product\/7289","targetHints":{"allow":["GET"]}}],"collection":[{"href":"https:\/\/intercommerce.si\/de\/wp-json\/wp\/v2\/product"}],"about":[{"href":"https:\/\/intercommerce.si\/de\/wp-json\/wp\/v2\/types\/product"}],"wp:featuredmedia":[{"embeddable":true,"href":"https:\/\/intercommerce.si\/de\/wp-json\/wp\/v2\/media\/1840"}],"wp:attachment":[{"href":"https:\/\/intercommerce.si\/de\/wp-json\/wp\/v2\/media?parent=7289"}],"wp:term":[{"taxonomy":"product_cat","embeddable":true,"href":"https:\/\/intercommerce.si\/de\/wp-json\/wp\/v2\/product_cat?post=7289"},{"taxonomy":"product_tag","embeddable":true,"href":"https:\/\/intercommerce.si\/de\/wp-json\/wp\/v2\/product_tag?post=7289"}],"curies":[{"name":"wp","href":"https:\/\/api.w.org\/{rel}","templated":true}]}}