{"id":7288,"date":"2024-06-18T15:06:24","date_gmt":"2024-06-18T13:06:24","guid":{"rendered":"https:\/\/intercommerce.si\/izdelek\/kartonaufrichter-comarme-f2010-gem-b670\/"},"modified":"2024-06-18T15:06:24","modified_gmt":"2024-06-18T13:06:24","slug":"kartonaufrichter-comarme-f2010-gem-b670","status":"publish","type":"product","link":"https:\/\/intercommerce.si\/de\/produkt\/kartonaufrichter-comarme-f2010-gem-b670\/","title":{"rendered":"Kartonaufrichter Comarme F2010 + GEM B670"},"content":{"rendered":"<p>Die automatischen Kartonaufrichter F2008-F2009-F2010 formen Kartons automatisch, indem sie diese aus dem seitlichen Magazin entnehmen und die vier unteren Klappen falten. Nach dem Verkleben des Bodens wird der Karton zur F\u00fclllinie weitergeleitet. Das Aufrichten des Kartons ist auch bei leichten Kartons dank des patentierten Ger\u00e4ts absolut zuverl\u00e4ssig. Es gen\u00fcgt, das Magazin mit einer Kapazit\u00e4t von 80-120 Kartons, je nach Modell, zu f\u00fcllen, um 10 bis 15 aufgerichtete und verklebte Kartons pro Minute zu erhalten. Der Formatwechsel erfolgt manuell \u00fcber Handr\u00e4der. Ihre geringe Gr\u00f6\u00dfe erm\u00f6glicht die Aufstellung in engen R\u00e4umen oder bestehenden Linien.     <\/p>\n<p>Die Aufrichter werden mit einem nicht motorisierten Schr\u00e4gmagazin geliefert; auf Anfrage ist ein motorisiertes Magazin mit erh\u00f6hter Kapazit\u00e4t von 200 Kartons und umlaufenden Sicherheitsschutzvorrichtungen erh\u00e4ltlich.<\/p>\n<p>Dar\u00fcber hinaus warten die Aufrichter F2008\/F2009\/F2010, durch die Installation eines automatischen Start\/Stopp-Systems, das mit einer auf der Klebebasis installierten Fotozelle ausgestattet ist, darauf, dass der Bediener die Klebebasis vom Karton befreit, bevor sie mit dem Aufrichten eines weiteren Kartons fortfahren.<\/p>\n","protected":false},"excerpt":{"rendered":"Kartonaufrichter \u2013 automatische Kartonformmaschine\nDie Kartonformmaschine F2008 bereitet Kartons mit vier gefalteten Bodenklappen vor, indem sie diese aus dem seitlichen Magazin (Kartonlader) entnimmt. Die Bodenklappen werden mit Klebeband verschlossen und zur F\u00fcllstation geschickt. Diese Kartonformmaschine formt perfekt gefaltete Kartons, auch bei leichten Kartons, dank einer speziell f\u00fcr diese Maschine entwickelten Faltvorrichtung. Alle St\u00f6rungen zwischen den Klappen w\u00e4hrend des Faltvorgangs werden vollst\u00e4ndig eliminiert. Die kompakten Abmessungen erm\u00f6glichen die Integration der Maschine in bestehende Linien oder die Installation auf begrenztem Raum.\nAutomatische Kartonformmaschine f\u00fcr Kartons mit einer maximalen Gr\u00f6\u00dfe von 1000x650x650 mm.    ","protected":false},"featured_media":2502,"template":"","meta":{"_acf_changed":false,"inline_featured_image":false},"product_cat":[1813,1818,1829,1845],"product_tag":[],"class_list":{"0":"post-7288","1":"product","2":"type-product","3":"status-publish","4":"has-post-thumbnail","6":"product_cat-artikel","7":"product_cat-verpackungsmaschinen-und-gerate","8":"product_cat-maschinen","9":"product_cat-kartonierer","11":"first","12":"instock","13":"product-type-simple"},"acf":[],"gallery_images":[2503,2504,2505],"_links":{"self":[{"href":"https:\/\/intercommerce.si\/de\/wp-json\/wp\/v2\/product\/7288","targetHints":{"allow":["GET"]}}],"collection":[{"href":"https:\/\/intercommerce.si\/de\/wp-json\/wp\/v2\/product"}],"about":[{"href":"https:\/\/intercommerce.si\/de\/wp-json\/wp\/v2\/types\/product"}],"wp:featuredmedia":[{"embeddable":true,"href":"https:\/\/intercommerce.si\/de\/wp-json\/wp\/v2\/media\/2502"}],"wp:attachment":[{"href":"https:\/\/intercommerce.si\/de\/wp-json\/wp\/v2\/media?parent=7288"}],"wp:term":[{"taxonomy":"product_cat","embeddable":true,"href":"https:\/\/intercommerce.si\/de\/wp-json\/wp\/v2\/product_cat?post=7288"},{"taxonomy":"product_tag","embeddable":true,"href":"https:\/\/intercommerce.si\/de\/wp-json\/wp\/v2\/product_tag?post=7288"}],"curies":[{"name":"wp","href":"https:\/\/api.w.org\/{rel}","templated":true}]}}