{"id":7287,"date":"2024-06-18T15:06:24","date_gmt":"2024-06-18T13:06:24","guid":{"rendered":"https:\/\/intercommerce.si\/izdelek\/kartonierer-comarme-pp08\/"},"modified":"2024-06-18T15:06:24","modified_gmt":"2024-06-18T13:06:24","slug":"kartonierer-comarme-pp08","status":"publish","type":"product","link":"https:\/\/intercommerce.si\/de\/produkt\/kartonierer-comarme-pp08\/","title":{"rendered":"Kartonierer Comarme PP08"},"content":{"rendered":"<p>Halbautomatischer Kartonaufrichter. Er formt den Boden von Kartons gleicher Gr\u00f6\u00dfe des amerikanischen Typs mit Hilfe des Bedieners. Die Bedienung ist einfach, legen Sie einfach den ge\u00f6ffneten Karton in den Kartonaufrichter. Die vier unteren Laschen werden gefaltet und der Karton wird automatisch in der F\u00fcllposition verriegelt. Der pneumatische Schieber erm\u00f6glicht das Auswerfen des Kartons zur Klebemaschine. PACK POINT 08 bildet in Kombination mit der Klebemaschine eine kompakte und produktive halbautomatische Verpackungslinie. Die Maschine ist mit 4 R\u00e4dern mit Bremsen ausgestattet.      <\/p>\n","protected":false},"excerpt":{"rendered":"Die halbautomatische Kartoniermaschine\nPP08 erm\u00f6glicht ein schnelles und einfaches Formen von Kartons. Diese m\u00fcssen in einem leichten Winkel eingesetzt werden, damit die vorderen und hinteren Laschen zusammengeklappt werden. \nDer Karton muss nach unten gehalten werden, damit er nach vorne geschoben und mit pneumatischer Steuerung das Schlie\u00dfen der unteren Kartonlaschen aktiviert werden kann. Max. Gr\u00f6\u00dfe mm: 500x500x650.  ","protected":false},"featured_media":2510,"template":"","meta":{"_acf_changed":false,"inline_featured_image":false},"product_cat":[1813,1818,1829,1845],"product_tag":[],"class_list":{"0":"post-7287","1":"product","2":"type-product","3":"status-publish","4":"has-post-thumbnail","6":"product_cat-artikel","7":"product_cat-verpackungsmaschinen-und-gerate","8":"product_cat-maschinen","9":"product_cat-kartonierer","11":"first","12":"instock","13":"product-type-simple"},"acf":[],"gallery_images":[2511],"_links":{"self":[{"href":"https:\/\/intercommerce.si\/de\/wp-json\/wp\/v2\/product\/7287","targetHints":{"allow":["GET"]}}],"collection":[{"href":"https:\/\/intercommerce.si\/de\/wp-json\/wp\/v2\/product"}],"about":[{"href":"https:\/\/intercommerce.si\/de\/wp-json\/wp\/v2\/types\/product"}],"wp:featuredmedia":[{"embeddable":true,"href":"https:\/\/intercommerce.si\/de\/wp-json\/wp\/v2\/media\/2510"}],"wp:attachment":[{"href":"https:\/\/intercommerce.si\/de\/wp-json\/wp\/v2\/media?parent=7287"}],"wp:term":[{"taxonomy":"product_cat","embeddable":true,"href":"https:\/\/intercommerce.si\/de\/wp-json\/wp\/v2\/product_cat?post=7287"},{"taxonomy":"product_tag","embeddable":true,"href":"https:\/\/intercommerce.si\/de\/wp-json\/wp\/v2\/product_tag?post=7287"}],"curies":[{"name":"wp","href":"https:\/\/api.w.org\/{rel}","templated":true}]}}