{"id":7286,"date":"2024-06-18T15:05:51","date_gmt":"2024-06-18T13:05:51","guid":{"rendered":"https:\/\/intercommerce.si\/izdelek\/netzverstaerkte-polyolefinfolie-fuer-die-lebensmittelindustrie\/"},"modified":"2024-06-18T15:05:51","modified_gmt":"2024-06-18T13:05:51","slug":"netzverstaerkte-polyolefinfolie-fuer-die-lebensmittelindustrie","status":"publish","type":"product","link":"https:\/\/intercommerce.si\/de\/produkt\/netzverstaerkte-polyolefinfolie-fuer-die-lebensmittelindustrie\/","title":{"rendered":"Netzverst\u00e4rkte Polyolefinfolie f\u00fcr die Lebensmittelindustrie"},"content":{"rendered":"<p>Eigenschaften der netzverst\u00e4rkten Polyolefinfolie f\u00fcr die Lebensmittelindustrie:<\/p>\n<ul>\n<li>Wird haupts\u00e4chlich in der Lebensmittelindustrie eingesetzt (kann aber auch in anderen Branchen verwendet werden).<\/li>\n<li>Transparent, damit das Produkt f\u00fcr den Verbraucher gut sichtbar ist.<\/li>\n<li>Bietet Schutz f\u00fcr das Produkt vor \u00e4u\u00dferen Einfl\u00fcssen.<\/li>\n<\/ul>\n","protected":false},"excerpt":{"rendered":"Polyolefinfolie (POF) f\u00fcr die Lebensmittelindustrie ist eine weiche Netzfolie f\u00fcr ein breites Anwendungsspektrum. Aufgrund ihrer Elastizit\u00e4t schmiegt sich die Folie an das Produkt an. Sie wird haupts\u00e4chlich in der Lebensmittelindustrie zum Verpacken verschiedener Lebensmittelprodukte, am h\u00e4ufigsten f\u00fcr Brot, verwendet. POF-Folie bietet auch die M\u00f6glichkeit der Perforation, die eine Bel\u00fcftung des Produkts erm\u00f6glicht.   ","protected":false},"featured_media":6618,"template":"","meta":{"_acf_changed":false,"inline_featured_image":false},"product_cat":[1813,1814,1913,1823],"product_tag":[],"class_list":{"0":"post-7286","1":"product","2":"type-product","3":"status-publish","4":"has-post-thumbnail","6":"product_cat-artikel","7":"product_cat-folien","8":"product_cat-polyolefin-schrumpffolie","9":"product_cat-verpackungsmaterialien","10":"pa_aplikacija-handbuch","11":"pa_aplikacija-hardware","12":"pa_barva-transparent-de","13":"pa_debelina-mm-15-de","14":"pa_debelina-mm-19-de","15":"pa_navitje-na-roli-m-1067-de","16":"pa_navitje-na-roli-m-1325-de","17":"pa_navitje-na-roli-m-auf-bestellung","18":"pa_premer-tulca-mm-76-de","19":"pa_sirina-mm-200-de","20":"pa_sirina-mm-250-de","21":"pa_sirina-mm-300-de","22":"pa_sirina-mm-350-de","23":"pa_sirina-mm-400-de","24":"pa_sirina-mm-450-de","25":"pa_sirina-mm-500-de","26":"pa_sirina-mm-auf-bestellung","27":"pa_specificne-lastnosti-mikro-perforiert","29":"first","30":"instock","31":"product-type-simple"},"acf":[],"gallery_images":[6386,6389],"_links":{"self":[{"href":"https:\/\/intercommerce.si\/de\/wp-json\/wp\/v2\/product\/7286","targetHints":{"allow":["GET"]}}],"collection":[{"href":"https:\/\/intercommerce.si\/de\/wp-json\/wp\/v2\/product"}],"about":[{"href":"https:\/\/intercommerce.si\/de\/wp-json\/wp\/v2\/types\/product"}],"wp:featuredmedia":[{"embeddable":true,"href":"https:\/\/intercommerce.si\/de\/wp-json\/wp\/v2\/media\/6618"}],"wp:attachment":[{"href":"https:\/\/intercommerce.si\/de\/wp-json\/wp\/v2\/media?parent=7286"}],"wp:term":[{"taxonomy":"product_cat","embeddable":true,"href":"https:\/\/intercommerce.si\/de\/wp-json\/wp\/v2\/product_cat?post=7286"},{"taxonomy":"product_tag","embeddable":true,"href":"https:\/\/intercommerce.si\/de\/wp-json\/wp\/v2\/product_tag?post=7286"}],"curies":[{"name":"wp","href":"https:\/\/api.w.org\/{rel}","templated":true}]}}