{"id":7285,"date":"2024-06-18T15:05:51","date_gmt":"2024-06-18T13:05:51","guid":{"rendered":"https:\/\/intercommerce.si\/izdelek\/epe-folien-baender-und-saecke\/"},"modified":"2024-06-18T15:05:51","modified_gmt":"2024-06-18T13:05:51","slug":"epe-folien-baender-und-saecke","status":"publish","type":"product","link":"https:\/\/intercommerce.si\/de\/produkt\/epe-folien-baender-und-saecke\/","title":{"rendered":"EPE-Folien, -B\u00e4nder und -S\u00e4cke"},"content":{"rendered":"<p><strong>Eigenschaften der EPE-Folie<\/strong><\/p>\n<ul>\n<li>Geringes Gewicht.<\/li>\n<li>Einfache Anwendung.<\/li>\n<li>Guter Schutz verschiedener Gegenst\u00e4nde und verschiedener Materialarten vor mechanischen Besch\u00e4digungen (Keramik, Glas, elektronische Ger\u00e4te usw.).<\/li>\n<li>Anpassungsm\u00f6glichkeit: Herstellung von B\u00e4ndern, S\u00e4cken, Formaten und anderen Formen nach Ma\u00df.<\/li>\n<li>M\u00f6glichkeit der Herstellung in antistatischer Ausf\u00fchrung.<\/li>\n<\/ul>\n","protected":false},"excerpt":{"rendered":"<div class=\"flex-shrink-0 flex flex-col relative items-end\">\n<div>\n<div class=\"pt-0\">\n<div class=\"gizmo-bot-avatar flex h-8 w-8 items-center justify-center overflow-hidden rounded-full\">\n<div class=\"relative p-1 rounded-sm flex items-center justify-center bg-token-main-surface-primary text-token-text-primary h-8 w-8\">EPE-Folie ist eine leichte und elastische Verpackung aus geschlossenzelligem Polyethylen, die einen ausgezeichneten Schutz vor mechanischen Besch\u00e4digungen bietet. Sie wird h\u00e4ufig zur Herstellung von B\u00e4ndern, S\u00e4cken und Schutzprofilen in der Verpackungsindustrie verwendet. <\/div>\n<\/div>\n<\/div>\n<\/div>\n<\/div>","protected":false},"featured_media":1817,"template":"","meta":{"_acf_changed":false,"inline_featured_image":false},"product_cat":[1813,1823,1814,1875,1824,1860,1918],"product_tag":[],"class_list":{"0":"post-7285","1":"product","2":"type-product","3":"status-publish","4":"has-post-thumbnail","6":"product_cat-artikel","7":"product_cat-verpackungsmaterialien","8":"product_cat-folien","9":"product_cat-epe-folien-und-profile","10":"product_cat-schutz-von-produkten-und-fullmaterial","11":"product_cat-schutz-von-produkten-vor-beschadigungen","12":"product_cat-schutz-mit-epe-folie","13":"pa_aplikacija-handbuch","14":"pa_debelina-mm-5-de","15":"pa_debelina-mm-10-de","16":"pa_debelina-mm-1-de","17":"pa_debelina-mm-2-de","18":"pa_debelina-mm-3-de","19":"pa_debelina-mm-auf-bestellung-mm","20":"pa_izvedba-band","21":"pa_izvedba-ein-halbes-jahr","22":"pa_izvedba-flache-wicklung","23":"pa_izvedba-format-de","24":"pa_izvedba-tasche","25":"pa_sirina-mm-1000-de","26":"pa_sirina-mm-1200-de","27":"pa_sirina-mm-1500-de","28":"pa_sirina-mm-1600-de","29":"pa_sirina-mm-2100-de","30":"pa_sirina-mm-auf-bestellung","32":"first","33":"instock","34":"product-type-simple"},"acf":[],"gallery_images":[],"_links":{"self":[{"href":"https:\/\/intercommerce.si\/de\/wp-json\/wp\/v2\/product\/7285","targetHints":{"allow":["GET"]}}],"collection":[{"href":"https:\/\/intercommerce.si\/de\/wp-json\/wp\/v2\/product"}],"about":[{"href":"https:\/\/intercommerce.si\/de\/wp-json\/wp\/v2\/types\/product"}],"wp:featuredmedia":[{"embeddable":true,"href":"https:\/\/intercommerce.si\/de\/wp-json\/wp\/v2\/media\/1817"}],"wp:attachment":[{"href":"https:\/\/intercommerce.si\/de\/wp-json\/wp\/v2\/media?parent=7285"}],"wp:term":[{"taxonomy":"product_cat","embeddable":true,"href":"https:\/\/intercommerce.si\/de\/wp-json\/wp\/v2\/product_cat?post=7285"},{"taxonomy":"product_tag","embeddable":true,"href":"https:\/\/intercommerce.si\/de\/wp-json\/wp\/v2\/product_tag?post=7285"}],"curies":[{"name":"wp","href":"https:\/\/api.w.org\/{rel}","templated":true}]}}