{"id":7284,"date":"2024-06-18T15:06:15","date_gmt":"2024-06-18T13:06:15","guid":{"rendered":"https:\/\/intercommerce.si\/izdelek\/manuelles-schneidegeraet-fuer-kartonwinkel\/"},"modified":"2024-06-18T15:06:15","modified_gmt":"2024-06-18T13:06:15","slug":"manuelles-schneidegeraet-fuer-kartonwinkel","status":"publish","type":"product","link":"https:\/\/intercommerce.si\/de\/produkt\/manuelles-schneidegeraet-fuer-kartonwinkel\/","title":{"rendered":"Manuelles Schneideger\u00e4t f\u00fcr Kartonwinkel"},"content":{"rendered":"","protected":false},"excerpt":{"rendered":"Das Kartonschneideger\u00e4t ist ein einfaches Handger\u00e4t zum Zuschneiden von Kantenschutzwinkeln auf die gew\u00fcnschte Gr\u00f6\u00dfe. Es eignet sich zum Schutz einer kleineren Anzahl von Packungen pro Tag und \u00fcberall dort, wo eine gr\u00f6\u00dfere Anzahl unterschiedlicher Kantenschutzwinkelabmessungen erforderlich ist. ","protected":false},"featured_media":2134,"template":"","meta":{"_acf_changed":false,"inline_featured_image":false},"product_cat":[1813,1823,1841,1916,1917],"product_tag":[],"class_list":{"0":"post-7284","1":"product","2":"type-product","3":"status-publish","4":"has-post-thumbnail","6":"product_cat-artikel","7":"product_cat-verpackungsmaterialien","8":"product_cat-papier-und-kartonprodukte","9":"product_cat-kartonwinkel-und-hulsen","10":"product_cat-manuelles-schneidegerat-fur-kartonwinkel","12":"first","13":"instock","14":"product-type-simple"},"acf":[],"gallery_images":[],"_links":{"self":[{"href":"https:\/\/intercommerce.si\/de\/wp-json\/wp\/v2\/product\/7284","targetHints":{"allow":["GET"]}}],"collection":[{"href":"https:\/\/intercommerce.si\/de\/wp-json\/wp\/v2\/product"}],"about":[{"href":"https:\/\/intercommerce.si\/de\/wp-json\/wp\/v2\/types\/product"}],"wp:featuredmedia":[{"embeddable":true,"href":"https:\/\/intercommerce.si\/de\/wp-json\/wp\/v2\/media\/2134"}],"wp:attachment":[{"href":"https:\/\/intercommerce.si\/de\/wp-json\/wp\/v2\/media?parent=7284"}],"wp:term":[{"taxonomy":"product_cat","embeddable":true,"href":"https:\/\/intercommerce.si\/de\/wp-json\/wp\/v2\/product_cat?post=7284"},{"taxonomy":"product_tag","embeddable":true,"href":"https:\/\/intercommerce.si\/de\/wp-json\/wp\/v2\/product_tag?post=7284"}],"curies":[{"name":"wp","href":"https:\/\/api.w.org\/{rel}","templated":true}]}}