{"id":7283,"date":"2024-06-18T15:06:15","date_gmt":"2024-06-18T13:06:15","guid":{"rendered":"https:\/\/intercommerce.si\/izdelek\/wellpappe\/"},"modified":"2024-06-18T15:06:15","modified_gmt":"2024-06-18T13:06:15","slug":"wellpappe","status":"publish","type":"product","link":"https:\/\/intercommerce.si\/de\/produkt\/wellpappe\/","title":{"rendered":"Wellpappe"},"content":{"rendered":"<p><strong>Eigenschaften von Wellpappe<\/strong><\/p>\n<ul>\n<li><strong>Abmessungen:<\/strong> Erh\u00e4ltlich in Rollenbreiten von: 800, 900, 1050, 1600, 1800 und 2100 mm.<\/li>\n<li><strong>Material:<\/strong> Hergestellt aus Zellulose, der Grundrohstoff ist Papier.<\/li>\n<li><strong>Zusammensetzung:<\/strong> Wellpappe mit mindestens einer glatten und einer gewellten Papierschicht (bis zu neun Schichten).<\/li>\n<li><strong>Struktur:<\/strong> Die Wellenkonstruktion gew\u00e4hrleistet Langlebigkeit und Schutz auf l\u00e4ngeren Transportwegen.<\/li>\n<li><strong>Flexibilit\u00e4t:<\/strong> M\u00f6glichkeit zur Auswahl der Schichtanzahl, Wellenh\u00f6he, Qualit\u00e4t und Verarbeitung der einzelnen Schichten.<\/li>\n<li><strong>Abmessungen:<\/strong> Erh\u00e4ltlich in den Abmessungen 800, 900, 1050, 1800 und 2100 mm.<\/li>\n<li><strong>Format:<\/strong> Anpassungsm\u00f6glichkeit in verschiedenen Formaten.<\/li>\n<\/ul>\n","protected":false},"excerpt":{"rendered":"Wellpappe besteht aus zwei Papierschichten, einer glatten und einer gewellten Schicht. Sie besteht aus einem weichen Material, das dank seines Polstereffekts die Energie von St\u00f6\u00dfen und St\u00fcrzen absorbiert. Sie sch\u00fctzt empfindliche Produkte vor mechanischen Besch\u00e4digungen bei Lagerung und Transport.  ","protected":false},"featured_media":5004,"template":"","meta":{"_acf_changed":false,"inline_featured_image":false},"product_cat":[1813,1823,1841,1915,1836,1842],"product_tag":[],"class_list":{"0":"post-7283","1":"product","2":"type-product","3":"status-publish","4":"has-post-thumbnail","6":"product_cat-artikel","7":"product_cat-verpackungsmaterialien","8":"product_cat-papier-und-kartonprodukte","9":"product_cat-wellpappe","10":"product_cat-nachhaltige-verpackung","11":"product_cat-papier-und-kartonprodukte-de","13":"first","14":"instock","15":"product-type-simple"},"acf":[],"gallery_images":[5006,5008],"_links":{"self":[{"href":"https:\/\/intercommerce.si\/de\/wp-json\/wp\/v2\/product\/7283","targetHints":{"allow":["GET"]}}],"collection":[{"href":"https:\/\/intercommerce.si\/de\/wp-json\/wp\/v2\/product"}],"about":[{"href":"https:\/\/intercommerce.si\/de\/wp-json\/wp\/v2\/types\/product"}],"wp:featuredmedia":[{"embeddable":true,"href":"https:\/\/intercommerce.si\/de\/wp-json\/wp\/v2\/media\/5004"}],"wp:attachment":[{"href":"https:\/\/intercommerce.si\/de\/wp-json\/wp\/v2\/media?parent=7283"}],"wp:term":[{"taxonomy":"product_cat","embeddable":true,"href":"https:\/\/intercommerce.si\/de\/wp-json\/wp\/v2\/product_cat?post=7283"},{"taxonomy":"product_tag","embeddable":true,"href":"https:\/\/intercommerce.si\/de\/wp-json\/wp\/v2\/product_tag?post=7283"}],"curies":[{"name":"wp","href":"https:\/\/api.w.org\/{rel}","templated":true}]}}