{"id":7280,"date":"2024-06-18T15:06:24","date_gmt":"2024-06-18T13:06:24","guid":{"rendered":"https:\/\/intercommerce.si\/izdelek\/klebemaschine-gem-serie-xf-bm\/"},"modified":"2024-06-18T15:06:24","modified_gmt":"2024-06-18T13:06:24","slug":"klebemaschine-gem-serie-xf-bm","status":"publish","type":"product","link":"https:\/\/intercommerce.si\/de\/produkt\/klebemaschine-gem-serie-xf-bm\/","title":{"rendered":"Klebemaschine GEM Serie XF-BM"},"content":{"rendered":"<p>Automatische Kartonverschlie\u00dfmaschine mit Klappen und automatischer Gr\u00f6\u00dfenanpassung, zum Verkleben der oberen und unteren Seiten von amerikanischen Kartons zuf\u00e4lliger Gr\u00f6\u00dfen mit Selbstklebeband. Die Maschine ist f\u00fcr den Einsatz in automatischen Linien ohne Bediener\u00fcberwachung konzipiert. <\/p>\n<p>Die Grundstruktur der Maschine besteht aus gebogenem, verschraubtem und lackiertem Blech. Die Kartons werden \u00fcber zwei untere seitliche Antriebsb\u00e4nder zugef\u00fchrt, die von einem einzigen Motor angetrieben werden. Die Maschine passt sich automatisch an verschiedene Formate an. Pneumatischer Betrieb.   <\/p>\n<p>F\u00fcr den Einsatz dieser Klebemaschinen ist die Kombination mit einer automatischen Zentriervorrichtung erforderlich:<\/p>\n<p>Automatische Zentriervorrichtung am Eingang Mod. DAC 520<br \/>\nAutomatische Zentriervorrichtung am Eingang Mod. DAC 670  <\/p>\n<p>W\u00e4hlen Sie Ihren Klebkopf und Ihre Ma\u00dfe<br \/>\nDer Verschlusskopf unterst\u00fctzt Abmessungen mit einem maximalen Umfang von bis zu 360 mm und einem Innenumfang von bis zu 76 mm (T21, 21.5, 22, 23, 32 und 33). Was die Kartons betrifft, bieten beide Modelle unterschiedliche maximale Gr\u00f6\u00dfen. Zum Beispiel nimmt der GEM XF520 L\u00e4ngen bis zu 800 mm, Breiten bis zu 520 mm und Tiefen bis zu 520 mm auf.  <\/p>\n<p>Im Gegensatz dazu nimmt der GEM XF670 Kartons mit einer L\u00e4nge von bis zu 800 mm auf, erstreckt sich aber in Breite und Tiefe auf bis zu 670 mm. Maximale Flexibilit\u00e4t f\u00fcr die Endstation in Ihrem Lager. <\/p>\n","protected":false},"excerpt":{"rendered":"Die automatische Kartonverschlie\u00dfmaschine der XF-Serie passt sich automatisch an die Kartongr\u00f6\u00dfe an. Sie wurde entwickelt, um die anspruchsvollsten Anforderungen zu erf\u00fcllen. Zuverl\u00e4ssigkeit, Pr\u00e4zision und Robustheit sind ihre gr\u00f6\u00dften Qualit\u00e4ten. Diese Maschine verspricht eine Arbeitsgeschwindigkeit, die es Ihnen erm\u00f6glicht, Kartons verschiedener Formate mit Selbstklebeband zu verschlie\u00dfen und zu versiegeln.   \n\n\nDer Vorteil der XF-Serie ist ihre F\u00e4higkeit zur automatischen Gr\u00f6\u00dfenanpassung. Dadurch ist es nicht notwendig, mit Serien gleicher Gr\u00f6\u00dfe zu arbeiten. Die Maschine passt sich dem Karton an, um ihn zuverl\u00e4ssig zu verschlie\u00dfen. Diese Funktion macht sie zu einer universellen Verschlie\u00dfeinheit.   ","protected":false},"featured_media":2492,"template":"","meta":{"_acf_changed":false,"inline_featured_image":false},"product_cat":[1813,1818,1829,1898],"product_tag":[],"class_list":{"0":"post-7280","1":"product","2":"type-product","3":"status-publish","4":"has-post-thumbnail","6":"product_cat-artikel","7":"product_cat-verpackungsmaschinen-und-gerate","8":"product_cat-maschinen","9":"product_cat-klebebandmaschinen-und-klebekopfe","11":"first","12":"instock","13":"product-type-simple"},"acf":[],"gallery_images":[],"_links":{"self":[{"href":"https:\/\/intercommerce.si\/de\/wp-json\/wp\/v2\/product\/7280","targetHints":{"allow":["GET"]}}],"collection":[{"href":"https:\/\/intercommerce.si\/de\/wp-json\/wp\/v2\/product"}],"about":[{"href":"https:\/\/intercommerce.si\/de\/wp-json\/wp\/v2\/types\/product"}],"wp:featuredmedia":[{"embeddable":true,"href":"https:\/\/intercommerce.si\/de\/wp-json\/wp\/v2\/media\/2492"}],"wp:attachment":[{"href":"https:\/\/intercommerce.si\/de\/wp-json\/wp\/v2\/media?parent=7280"}],"wp:term":[{"taxonomy":"product_cat","embeddable":true,"href":"https:\/\/intercommerce.si\/de\/wp-json\/wp\/v2\/product_cat?post=7280"},{"taxonomy":"product_tag","embeddable":true,"href":"https:\/\/intercommerce.si\/de\/wp-json\/wp\/v2\/product_tag?post=7280"}],"curies":[{"name":"wp","href":"https:\/\/api.w.org\/{rel}","templated":true}]}}