{"id":7278,"date":"2024-06-18T15:05:55","date_gmt":"2024-06-18T13:05:55","guid":{"rendered":"https:\/\/intercommerce.si\/izdelek\/tesa-4513-papier-packband-mit-robuster-papierunterlage\/"},"modified":"2024-06-18T15:05:55","modified_gmt":"2024-06-18T13:05:55","slug":"tesa-4513-papier-packband-mit-robuster-papierunterlage","status":"publish","type":"product","link":"https:\/\/intercommerce.si\/de\/produkt\/tesa-4513-papier-packband-mit-robuster-papierunterlage\/","title":{"rendered":"tesa\u00ae 4513 \u2013 Papier-Packband mit robuster Papierunterlage"},"content":{"rendered":"<p>Eigenschaften des tesa\u00ae 4513 Klebebands:<\/p>\n<ul>\n<li>Hohe Zuverl\u00e4ssigkeit f\u00fcr reibungslose Prozesse.<\/li>\n<li>Papierunterlage mit Klebstoff auf Kautschukbasis.<\/li>\n<li>Erh\u00e4ltlich in Havana (braun) und Wei\u00df.<\/li>\n<li>Bedruckbar f\u00fcr Branding- und Werbezwecke.<\/li>\n<\/ul>\n","protected":false},"excerpt":{"rendered":"tesa\u00ae 4513 ist ein Papier-Packband mit robuster Papierunterlage und einem Klebstoff aus synthetischem Kautschuk mit hervorragender Leistung. Die Papierunterlage von tesa\u00ae 4513 wird aus Papier aus nachhaltig bewirtschafteten W\u00e4ldern und anderen kontrollierten Quellen hergestellt. Das Klebesystem aus synthetischem Kautschuk gew\u00e4hrleistet eine sehr hohe Klebkraft und Anfangshaftung auf unterschiedlichsten Kartonqualit\u00e4ten. tesa\u00ae 4513 ist die perfekte L\u00f6sung f\u00fcr leichte und mittelschwere Verpackungsanwendungen (bis maximal 15 kg), bei denen eine ausgezeichnete Leistung erforderlich ist.   ","protected":false},"featured_media":1859,"template":"","meta":{"_acf_changed":false,"inline_featured_image":false},"product_cat":[1813,1823,1846,1847,1848,1836,1858,1859],"product_tag":[],"class_list":{"0":"post-7278","1":"product","2":"type-product","3":"status-publish","4":"has-post-thumbnail","6":"product_cat-artikel","7":"product_cat-verpackungsmaterialien","8":"product_cat-klebebander","9":"product_cat-tesa-de","10":"product_cat-tesa-klebebander","11":"product_cat-nachhaltige-verpackung","12":"product_cat-nachhaltige-klebebander","13":"product_cat-verpackungsklebebander","14":"pa_aplikacija-handbuch","15":"pa_aplikacija-hardware","16":"pa_barva-braun","17":"pa_navitje-na-roli-m-50-de","18":"pa_navitje-na-roli-m-500-de","19":"pa_nosilec-papier","20":"pa_sirina-mm-50-de","21":"pa_sirina-mm-75-de","22":"pa_sirina-mm-150-de","23":"pa_st-izdelkov-v-skatli-2-de","24":"pa_st-izdelkov-v-skatli-24-de","25":"pa_st-izdelkov-v-skatli-36-de","26":"pa_st-izdelkov-v-skatli-6-de","27":"pa_vrsta-lepila-synthetischer-kautschuk","29":"first","30":"instock","31":"product-type-simple"},"acf":[],"gallery_images":[1860,1861],"_links":{"self":[{"href":"https:\/\/intercommerce.si\/de\/wp-json\/wp\/v2\/product\/7278","targetHints":{"allow":["GET"]}}],"collection":[{"href":"https:\/\/intercommerce.si\/de\/wp-json\/wp\/v2\/product"}],"about":[{"href":"https:\/\/intercommerce.si\/de\/wp-json\/wp\/v2\/types\/product"}],"wp:featuredmedia":[{"embeddable":true,"href":"https:\/\/intercommerce.si\/de\/wp-json\/wp\/v2\/media\/1859"}],"wp:attachment":[{"href":"https:\/\/intercommerce.si\/de\/wp-json\/wp\/v2\/media?parent=7278"}],"wp:term":[{"taxonomy":"product_cat","embeddable":true,"href":"https:\/\/intercommerce.si\/de\/wp-json\/wp\/v2\/product_cat?post=7278"},{"taxonomy":"product_tag","embeddable":true,"href":"https:\/\/intercommerce.si\/de\/wp-json\/wp\/v2\/product_tag?post=7278"}],"curies":[{"name":"wp","href":"https:\/\/api.w.org\/{rel}","templated":true}]}}