{"id":7277,"date":"2024-06-18T15:06:24","date_gmt":"2024-06-18T13:06:24","guid":{"rendered":"https:\/\/intercommerce.si\/izdelek\/klebemaschine-gem-serie-f\/"},"modified":"2024-06-18T15:06:24","modified_gmt":"2024-06-18T13:06:24","slug":"klebemaschine-gem-serie-f","status":"publish","type":"product","link":"https:\/\/intercommerce.si\/de\/produkt\/klebemaschine-gem-serie-f\/","title":{"rendered":"Klebemaschine GEM Serie F"},"content":{"rendered":"<p>AUTOMATISCHE KLEBEMASCHINE MIT KLAPPENVERSCHLUSS GEM F470 \u2013 F520 \u2013 F670<\/p>\n<p>Kartonverschlie\u00dfmaschine mit manueller Gr\u00f6\u00dfeneinstellung und automatischem Klappenverschluss. Sie faltet automatisch die vier oberen Klappen und verschlie\u00dft mit Klebeband den oberen und unteren Teil von Serien gleicher, amerikanischer Kartons. <\/p>\n<p>Die obere Klebeeinheit verf\u00fcgt \u00fcber ein patentiertes System, das durch Federregulierung eine Einstellung des Anpressgewichts auf dem Karton erm\u00f6glicht und somit das Ausgleichen jeglicher H\u00f6henunterschiede der Kartons gew\u00e4hrleistet.<\/p>\n<p>Die Kartons werden von seitlichen Transportb\u00e4ndern bewegt, die von einem einzigen Motor angetrieben werden, was ein gleichm\u00e4\u00dfiges Gleiten der Kartons optimiert und eine perfekte Ausrichtung der oberen und unteren Klappen gew\u00e4hrleistet, was wiederum einen vollst\u00e4ndigen Verschluss sichert.<\/p>\n<p>Die Einstellungen mit Handr\u00e4dern sind einfach und schnell, was die Bedienung auch f\u00fcr ungeschultes Personal erm\u00f6glicht.<\/p>\n<p>Verschluss der oberen Klappen: mobiler Klappenverschlie\u00dfer mit pneumatischer Bet\u00e4tigung<br \/>\nKartonvorschub: 2 seitliche Antriebsb\u00e4nder, parallel und selbstzentrierend<br \/>\nSt\u00fctzen: fest<br \/>\nStandard-Klebek\u00f6pfe: T22 oder T23 f\u00fcr Klebebandbreite 50 mm<br \/>\nSchutz: bewegliche Scharnierplatten mit Sicherheitsmikroschaltern<\/p>\n<p>GEM F470 G (mit schwimmendem Kopf): ist ein Modell, das mit einem schwimmenden Kopf des oberen Wagens ausgestattet ist und mehrere Vorteile bietet:<\/p>\n<p>\u00dcberf\u00fcllte Kartons k\u00f6nnen problemlos verklebt werden.<br \/>\nDer schwimmende Kopf erleichtert bei festen Kartons das Verschlie\u00dfen der Seitenklappen.<br \/>\nMit dem schwimmenden System kann der Kopf \u00fcber die maximale Grenze hinaus angehoben werden, um das Band des unteren Kopfes zu wechseln, wobei die schwimmenden Zylinder genutzt werden. Nach Abschluss des Vorgangs kehrt der Zylinder in seine Ausgangsposition zur\u00fcck, und es ist keine erneute H\u00f6henanpassung der oberen Klebeeinheit erforderlich.<br \/>\nGEM F470 S (kurz): Modell mit einer Maschinenbasis von 1500 mm L\u00e4nge. Es unterscheidet sich vom Standardmodell, da die maximale Kartonl\u00e4nge von 600 mm auf 400 mm reduziert wird. Dieses Modell muss bei der Bestellung angegeben werden, der Preis bleibt jedoch im Vergleich zu den Standardmodellen unver\u00e4ndert.   <\/p>\n<p>KLEBEK\u00d6PFE: F\u00fcr die Modelle F470 und F520 ist es bei Bestellung gegen Aufpreis m\u00f6glich, die Maschine mit Klebek\u00f6pfen auszustatten, die die Verwendung von 75 mm Band erm\u00f6glichen.<\/p>\n","protected":false},"excerpt":{"rendered":"Automatische Kartonverschlie\u00dfmaschine mit manueller Gr\u00f6\u00dfeneinstellung und Klappenverschlie\u00dfer aus Edelstahl\n\nSie verschlie\u00dft automatisch die vier oberen Klappen und verschlie\u00dft mit Klebeband den oberen und unteren Teil von Kartons mit festem Format des amerikanischen Typs.","protected":false},"featured_media":2488,"template":"","meta":{"_acf_changed":false,"inline_featured_image":false},"product_cat":[1813,1818,1829,1898],"product_tag":[],"class_list":{"0":"post-7277","1":"product","2":"type-product","3":"status-publish","4":"has-post-thumbnail","6":"product_cat-artikel","7":"product_cat-verpackungsmaschinen-und-gerate","8":"product_cat-maschinen","9":"product_cat-klebebandmaschinen-und-klebekopfe","11":"first","12":"instock","13":"product-type-simple"},"acf":[],"gallery_images":[2489,2490],"_links":{"self":[{"href":"https:\/\/intercommerce.si\/de\/wp-json\/wp\/v2\/product\/7277","targetHints":{"allow":["GET"]}}],"collection":[{"href":"https:\/\/intercommerce.si\/de\/wp-json\/wp\/v2\/product"}],"about":[{"href":"https:\/\/intercommerce.si\/de\/wp-json\/wp\/v2\/types\/product"}],"wp:featuredmedia":[{"embeddable":true,"href":"https:\/\/intercommerce.si\/de\/wp-json\/wp\/v2\/media\/2488"}],"wp:attachment":[{"href":"https:\/\/intercommerce.si\/de\/wp-json\/wp\/v2\/media?parent=7277"}],"wp:term":[{"taxonomy":"product_cat","embeddable":true,"href":"https:\/\/intercommerce.si\/de\/wp-json\/wp\/v2\/product_cat?post=7277"},{"taxonomy":"product_tag","embeddable":true,"href":"https:\/\/intercommerce.si\/de\/wp-json\/wp\/v2\/product_tag?post=7277"}],"curies":[{"name":"wp","href":"https:\/\/api.w.org\/{rel}","templated":true}]}}