{"id":7276,"date":"2024-06-18T15:06:24","date_gmt":"2024-06-18T13:06:24","guid":{"rendered":"https:\/\/intercommerce.si\/izdelek\/klebekopf-serie-t\/"},"modified":"2024-06-18T15:06:24","modified_gmt":"2024-06-18T13:06:24","slug":"klebekopf-serie-t","status":"publish","type":"product","link":"https:\/\/intercommerce.si\/de\/produkt\/klebekopf-serie-t\/","title":{"rendered":"Klebekopf Serie T"},"content":{"rendered":"<p>Der Klebeband-Applikationsmechanismus am Klebekopf ist so konzipiert, dass er einen konstanten Banddruck auf die Kartonoberfl\u00e4che gew\u00e4hrleistet, auch wenn diese uneben ist. Eine Bandzentrierrolle ist am Mechanismus angebracht, dessen Druck auf die Rolle sich automatisch an die Verringerung des Durchmessers w\u00e4hrend des Abrollens anpasst. Es besteht die M\u00f6glichkeit, Medienrollen bis zu einem Au\u00dfendurchmesser von 360 mm zu verwenden. Die Schnittkraft l\u00e4sst sich leicht an verschiedene Arten des verwendeten Klebebands anpassen.   <\/p>\n","protected":false},"excerpt":{"rendered":"Klebek\u00f6pfe f\u00fcr Klebebandbreiten von 25-50-75-100 mm. Geeignet f\u00fcr die Montage an halbautomatischen oder automatischen Maschinen. Erh\u00e4ltlich in speziellen Ausf\u00fchrungen aus Edelstahl, f\u00fcr hohe Geschwindigkeiten und f\u00fcr seitliches Verkleben.  \n\nKopftypen: \nT12 \/ T21 \/ T21,5 \/ T22 \/ T23 \/ T32 \/ T33 \/ T43","protected":false},"featured_media":2477,"template":"","meta":{"_acf_changed":false,"inline_featured_image":false},"product_cat":[1813,1818,1829,1898],"product_tag":[],"class_list":{"0":"post-7276","1":"product","2":"type-product","3":"status-publish","4":"has-post-thumbnail","6":"product_cat-artikel","7":"product_cat-verpackungsmaschinen-und-gerate","8":"product_cat-maschinen","9":"product_cat-klebebandmaschinen-und-klebekopfe","11":"first","12":"instock","13":"product-type-simple"},"acf":[],"gallery_images":[2478],"_links":{"self":[{"href":"https:\/\/intercommerce.si\/de\/wp-json\/wp\/v2\/product\/7276","targetHints":{"allow":["GET"]}}],"collection":[{"href":"https:\/\/intercommerce.si\/de\/wp-json\/wp\/v2\/product"}],"about":[{"href":"https:\/\/intercommerce.si\/de\/wp-json\/wp\/v2\/types\/product"}],"wp:featuredmedia":[{"embeddable":true,"href":"https:\/\/intercommerce.si\/de\/wp-json\/wp\/v2\/media\/2477"}],"wp:attachment":[{"href":"https:\/\/intercommerce.si\/de\/wp-json\/wp\/v2\/media?parent=7276"}],"wp:term":[{"taxonomy":"product_cat","embeddable":true,"href":"https:\/\/intercommerce.si\/de\/wp-json\/wp\/v2\/product_cat?post=7276"},{"taxonomy":"product_tag","embeddable":true,"href":"https:\/\/intercommerce.si\/de\/wp-json\/wp\/v2\/product_tag?post=7276"}],"curies":[{"name":"wp","href":"https:\/\/api.w.org\/{rel}","templated":true}]}}