{"id":7275,"date":"2024-06-18T15:06:24","date_gmt":"2024-06-18T13:06:24","guid":{"rendered":"https:\/\/intercommerce.si\/izdelek\/klebstoffmaschine-gem-x520-gem-x670-und-gem-x820\/"},"modified":"2024-06-18T15:06:24","modified_gmt":"2024-06-18T13:06:24","slug":"klebstoffmaschine-gem-x520-gem-x670-und-gem-x820","status":"publish","type":"product","link":"https:\/\/intercommerce.si\/de\/produkt\/klebstoffmaschine-gem-x520-gem-x670-und-gem-x820\/","title":{"rendered":"Klebstoffmaschine GEM X520, GEM X670 und GEM X820"},"content":{"rendered":"<p>Verschlie\u00dfmaschinen GEM X520 \u2013 GEM X670 \u2013 X820<\/p>\n<p>Automatische Verschlie\u00dfmaschine zum oberen und unteren Verschlie\u00dfen von amerikanischen Schachteln mit variablem Format, ideal zum Verschlie\u00dfen von Kartons unterschiedlicher H\u00f6he, Breite und Tiefe.<\/p>\n<p>Automatisierung auf Ihrer Seite<br \/>\nGEMs sind hochentwickelte Kartonverschlie\u00dfmaschinen, die sich an jede Einheit anpassen, um die Produktivit\u00e4t zu steigern. Die automatische Gr\u00f6\u00dfenanpassung erm\u00f6glicht es GEM, jede zu verschlie\u00dfende Einheit zu erkennen. Dank des DAC-Systems kann es Teil einer unabh\u00e4ngigen Endlinie werden, ohne dass eine Bedienung durch den Bediener erforderlich ist.  <\/p>\n<p>Zwei Klebek\u00f6pfe tragen gleichzeitig Klebeband oben und unten auf den Karton auf. Ideal zum Verschlie\u00dfen von Kartons mit variablem Format (mit unterschiedlicher H\u00f6he und Breite von Karton zu Karton). Der Karton muss mit gefalteten Oberklappen auf der Arbeitsfl\u00e4che ankommen. Die Maschine passt sich automatisch sowohl in der Breite als auch in der H\u00f6he an. Die hohe Leistung erm\u00f6glicht es, mehrere Linien in derselben Maschine zusammenzuf\u00fchren. Alle Verschlie\u00dfmaschinen der GEM-Serie sind standardm\u00e4\u00dfig mit einem Klebekopf mit Sicherheitsvorrichtung zum anf\u00e4nglichen Schneiden des Klebebands, einem Mechanismus f\u00fcr konstanten Druck des Klebebands auf unregelm\u00e4\u00dfigen Oberfl\u00e4chen, einem Knopf zur Anpassung des Drucks der Klebebandauftragswalzen, einer Einstellung der Klebebandschneidekraft und einer automatischen Klebebandzentrierwalze ausgestattet.     <\/p>\n","protected":false},"excerpt":{"rendered":"Automatische Kartonverschlie\u00dfmaschinen mit automatischer Gr\u00f6\u00dfenanpassung und Klebeband zum oberen und unteren Verschlie\u00dfen von zuf\u00e4lligen Schachteln amerikanischen Typs. Die Maschinen des Modells Gem X sind ideal zum Verschlie\u00dfen von Kartons mit unterschiedlichen Abmessungen in L\u00e4nge, Breite und H\u00f6he, die dem Klebstoffauftragswerk zuf\u00e4llig zugef\u00fchrt werden. Der Klebekopf und zwei Seitenb\u00e4nder passen sich automatisch an die Gr\u00f6\u00dfe jedes Kartons an. Die Kartons werden von seitlichen F\u00f6rderb\u00e4ndern bewegt, die von einem einzigen Motor angetrieben werden, was ein gleichm\u00e4\u00dfiges Gleiten der Kartons optimiert und eine perfekte Ausrichtung der oberen und unteren Klappen gew\u00e4hrleistet, was wiederum ein perfektes Verschlie\u00dfen gew\u00e4hrleistet. Diese Modelle k\u00f6nnen von ungelernten Arbeitskr\u00e4ften verwendet werden und stellen in Kombination mit Eingangs- und Ausgangsf\u00f6rderb\u00e4ndern eine einfache, effiziente und kosteng\u00fcnstige Verpackungsstation dar.    ","protected":false},"featured_media":2486,"template":"","meta":{"_acf_changed":false,"inline_featured_image":false},"product_cat":[1813,1818,1829,1898],"product_tag":[],"class_list":{"0":"post-7275","1":"product","2":"type-product","3":"status-publish","4":"has-post-thumbnail","6":"product_cat-artikel","7":"product_cat-verpackungsmaschinen-und-gerate","8":"product_cat-maschinen","9":"product_cat-klebebandmaschinen-und-klebekopfe","11":"first","12":"instock","13":"product-type-simple"},"acf":[],"gallery_images":[],"_links":{"self":[{"href":"https:\/\/intercommerce.si\/de\/wp-json\/wp\/v2\/product\/7275","targetHints":{"allow":["GET"]}}],"collection":[{"href":"https:\/\/intercommerce.si\/de\/wp-json\/wp\/v2\/product"}],"about":[{"href":"https:\/\/intercommerce.si\/de\/wp-json\/wp\/v2\/types\/product"}],"wp:featuredmedia":[{"embeddable":true,"href":"https:\/\/intercommerce.si\/de\/wp-json\/wp\/v2\/media\/2486"}],"wp:attachment":[{"href":"https:\/\/intercommerce.si\/de\/wp-json\/wp\/v2\/media?parent=7275"}],"wp:term":[{"taxonomy":"product_cat","embeddable":true,"href":"https:\/\/intercommerce.si\/de\/wp-json\/wp\/v2\/product_cat?post=7275"},{"taxonomy":"product_tag","embeddable":true,"href":"https:\/\/intercommerce.si\/de\/wp-json\/wp\/v2\/product_tag?post=7275"}],"curies":[{"name":"wp","href":"https:\/\/api.w.org\/{rel}","templated":true}]}}