{"id":7274,"date":"2024-06-18T15:06:24","date_gmt":"2024-06-18T13:06:24","guid":{"rendered":"https:\/\/intercommerce.si\/izdelek\/kartonierer-comarme-f2000-gem-b52\/"},"modified":"2024-06-18T15:06:24","modified_gmt":"2024-06-18T13:06:24","slug":"kartonierer-comarme-f2000-gem-b52","status":"publish","type":"product","link":"https:\/\/intercommerce.si\/de\/produkt\/kartonierer-comarme-f2000-gem-b52\/","title":{"rendered":"Kartonierer Comarme F2000 + GEM B52"},"content":{"rendered":"<p>Der Kartonierer F2000 wird verwendet, wenn eine gro\u00dfe Anzahl von Schachteln gleicher Gr\u00f6\u00dfe geformt werden muss. Es ist m\u00f6glich, Schachteln zu formen und sie in einem bestimmten Bereich des Lagers zu lagern, bereit f\u00fcr den Einsatz.<br \/>\nDurch die Kombination des Kartonierers in einer Linie mit einer GEM B52 Klebemaschine k\u00f6nnen Schachteln nach Bedarf erstellt werden, ohne Platz f\u00fcr die Lagerung zu beanspruchen. Der Kartonierer formt die Schachteln automatisch, indem er sie aus dem seitlichen Vorrat entnimmt und die vier unteren Laschen biegt. Die Einstellungen in Bezug auf Schachteln, Gr\u00f6\u00dfen, Geschwindigkeiten usw. k\u00f6nnen alle \u00fcber ein praktisches Bedienfeld eingestellt werden.<br \/>\nDer Betrieb kann automatisch oder manuell eingestellt werden. Dar\u00fcber hinaus wartet der Kartonierer F2000 durch die Installation eines automatischen Start\/Stopp-Systems, das mit einer Fotozelle ausgestattet ist, die an der Basis f\u00fcr das Verkleben angebracht ist, bis der Bediener die Basis f\u00fcr das Verkleben von der Schachtel freigibt, bevor er mit dem Formen einer anderen Schachtel fortf\u00e4hrt.  <\/p>\n<p>Das Formen der Schachtel erfolgt auch bei leichtem Karton mit maximaler Zuverl\u00e4ssigkeit. Die Format\u00e4nderung erfolgt manuell. Die geringen Abmessungen des Kartonierers F2000 erm\u00f6glichen die Integration in bestehende Linien oder beengte R\u00e4ume. Der Vorratsbeh\u00e4lter kann mit einem automatischen Lader CAR2002 auf bis zu 270 Schachteln erweitert werden.   <\/p>\n","protected":false},"excerpt":{"rendered":"Kartonierer \u2013 automatische Maschine zum Aufrichten von Kartons\nDie Maschine zum Formen von Schachteln F2000 bereitet Schachteln mit vier unteren, gefalteten Laschen vor, indem sie diese aus dem seitlichen Vorratsbeh\u00e4lter (Schachtellader) entnimmt. Die unteren Laschen werden mit Klebeband verschlossen und zur F\u00fcllstation transportiert. Diese Maschine zum Aufrichten von Kartons formt vollst\u00e4ndig gefaltete Schachteln, auch bei leichten Kartons, dank einer speziell f\u00fcr diese Maschine entwickelten Faltvorrichtung.  \n\nAutomatische Maschine zum Aufrichten von Kartons f\u00fcr Schachteln mit einer maximalen Gr\u00f6\u00dfe von 600x500x500 mm. Produktion 840 St\u00fcck\/Stunde. ","protected":false},"featured_media":2494,"template":"","meta":{"_acf_changed":false,"inline_featured_image":false},"product_cat":[1813,1818,1829,1845],"product_tag":[],"class_list":{"0":"post-7274","1":"product","2":"type-product","3":"status-publish","4":"has-post-thumbnail","6":"product_cat-artikel","7":"product_cat-verpackungsmaschinen-und-gerate","8":"product_cat-maschinen","9":"product_cat-kartonierer","11":"first","12":"instock","13":"product-type-simple"},"acf":[],"gallery_images":[2495],"_links":{"self":[{"href":"https:\/\/intercommerce.si\/de\/wp-json\/wp\/v2\/product\/7274","targetHints":{"allow":["GET"]}}],"collection":[{"href":"https:\/\/intercommerce.si\/de\/wp-json\/wp\/v2\/product"}],"about":[{"href":"https:\/\/intercommerce.si\/de\/wp-json\/wp\/v2\/types\/product"}],"wp:featuredmedia":[{"embeddable":true,"href":"https:\/\/intercommerce.si\/de\/wp-json\/wp\/v2\/media\/2494"}],"wp:attachment":[{"href":"https:\/\/intercommerce.si\/de\/wp-json\/wp\/v2\/media?parent=7274"}],"wp:term":[{"taxonomy":"product_cat","embeddable":true,"href":"https:\/\/intercommerce.si\/de\/wp-json\/wp\/v2\/product_cat?post=7274"},{"taxonomy":"product_tag","embeddable":true,"href":"https:\/\/intercommerce.si\/de\/wp-json\/wp\/v2\/product_tag?post=7274"}],"curies":[{"name":"wp","href":"https:\/\/api.w.org\/{rel}","templated":true}]}}