{"id":7273,"date":"2024-06-18T15:05:51","date_gmt":"2024-06-18T13:05:51","guid":{"rendered":"https:\/\/intercommerce.si\/izdelek\/standard-polyolefinfolie\/"},"modified":"2024-06-18T15:05:51","modified_gmt":"2024-06-18T13:05:51","slug":"standard-polyolefinfolie","status":"publish","type":"product","link":"https:\/\/intercommerce.si\/de\/produkt\/standard-polyolefinfolie\/","title":{"rendered":"Standard-Polyolefinfolie"},"content":{"rendered":"<p><strong>Eigenschaften der Standard-Polyolefinfolie<\/strong><\/p>\n<ul>\n<li>Wird haupts\u00e4chlich in der Druck- und Kosmetikindustrie eingesetzt.<\/li>\n<li>Transparent, wodurch das Produkt f\u00fcr den Verbraucher gut sichtbar ist.<\/li>\n<li>Bietet effektiven Schutz des Produkts vor \u00e4u\u00dferen Einfl\u00fcssen wie Staub, Schmutz und Feuchtigkeit.<\/li>\n<\/ul>\n","protected":false},"excerpt":{"rendered":"Standard-Polyolefinfolie (POF) erm\u00f6glicht ein breites Spektrum an Verpackungen, die an die Kundenbed\u00fcrfnisse angepasst sind. Sie enth\u00e4lt eine Mikroperforation, was bedeutet, dass sie w\u00e4hrend des Schrumpfprozesses den Austritt von Luft erm\u00f6glicht, wodurch eine hervorragende Anpassung der Folie an das Produkt gew\u00e4hrleistet wird. ","protected":false},"featured_media":1766,"template":"","meta":{"_acf_changed":false,"inline_featured_image":false},"product_cat":[1813,1823,1814,1913],"product_tag":[],"class_list":{"0":"post-7273","1":"product","2":"type-product","3":"status-publish","4":"has-post-thumbnail","6":"product_cat-artikel","7":"product_cat-verpackungsmaterialien","8":"product_cat-folien","9":"product_cat-polyolefin-schrumpffolie","10":"pa_aplikacija-handbuch","11":"pa_aplikacija-hardware","12":"pa_barva-transparent-de","13":"pa_debelina-mm-15-de","14":"pa_debelina-mm-19-de","15":"pa_navitje-na-roli-m-1067-de","16":"pa_navitje-na-roli-m-1250-de","17":"pa_navitje-na-roli-m-auf-bestellung","18":"pa_premer-tulca-mm-76-de","19":"pa_sirina-mm-200-de","20":"pa_sirina-mm-250-de","21":"pa_sirina-mm-350-de","22":"pa_sirina-mm-300-de","23":"pa_sirina-mm-400-de","24":"pa_sirina-mm-450-de","25":"pa_sirina-mm-500-de","26":"pa_sirina-mm-600-de","27":"pa_sirina-mm-auf-bestellung","28":"pa_specificne-lastnosti-mikro-perforiert","30":"first","31":"instock","32":"product-type-simple"},"acf":[],"gallery_images":[3805],"_links":{"self":[{"href":"https:\/\/intercommerce.si\/de\/wp-json\/wp\/v2\/product\/7273","targetHints":{"allow":["GET"]}}],"collection":[{"href":"https:\/\/intercommerce.si\/de\/wp-json\/wp\/v2\/product"}],"about":[{"href":"https:\/\/intercommerce.si\/de\/wp-json\/wp\/v2\/types\/product"}],"wp:featuredmedia":[{"embeddable":true,"href":"https:\/\/intercommerce.si\/de\/wp-json\/wp\/v2\/media\/1766"}],"wp:attachment":[{"href":"https:\/\/intercommerce.si\/de\/wp-json\/wp\/v2\/media?parent=7273"}],"wp:term":[{"taxonomy":"product_cat","embeddable":true,"href":"https:\/\/intercommerce.si\/de\/wp-json\/wp\/v2\/product_cat?post=7273"},{"taxonomy":"product_tag","embeddable":true,"href":"https:\/\/intercommerce.si\/de\/wp-json\/wp\/v2\/product_tag?post=7273"}],"curies":[{"name":"wp","href":"https:\/\/api.w.org\/{rel}","templated":true}]}}