{"id":7271,"date":"2024-06-18T15:05:51","date_gmt":"2024-06-18T13:05:51","guid":{"rendered":"https:\/\/intercommerce.si\/izdelek\/hdpe-folien\/"},"modified":"2024-06-18T15:05:51","modified_gmt":"2024-06-18T13:05:51","slug":"hdpe-folien","status":"publish","type":"product","link":"https:\/\/intercommerce.si\/de\/produkt\/hdpe-folien\/","title":{"rendered":"HDPE-Folien"},"content":{"rendered":"<p><strong>Angebot an HDPE-Folien:<\/strong><\/p>\n<ul>\n<li>Abdeckfolien aus HDPE<\/li>\n<li>HDPE-Halbschl\u00e4uche, -Schl\u00e4uche und Flachwickel<\/li>\n<\/ul>\n<p>HDPE-Folien werden nach Kundenwunsch bestellt, einschlie\u00dflich Abmessung, Dicke, Ausf\u00fchrung und Farbe.<\/p>\n","protected":false},"excerpt":{"rendered":"HDPE-Folien sind hochdichte Folien, die zur Herstellung verschiedener Produkte wie S\u00e4cke, Abdeckfolien, Schl\u00e4uche und Halbschl\u00e4uche verwendet werden. Im Vergleich zu LDPE- und MDPE-Material erm\u00f6glicht HDPE die Herstellung von Folien mit der geringsten Dicke. HDPE-Folien sind in Dicken ab 7 \u03bcm erh\u00e4ltlich.  ","protected":false},"featured_media":1801,"template":"","meta":{"_acf_changed":false,"inline_featured_image":false},"product_cat":[1813,1823,1814,1866],"product_tag":[],"class_list":{"0":"post-7271","1":"product","2":"type-product","3":"status-publish","4":"has-post-thumbnail","6":"product_cat-artikel","7":"product_cat-verpackungsmaterialien","8":"product_cat-folien","9":"product_cat-pe-folien-ldpe-hdpe","10":"pa_aplikacija-handbuch","11":"pa_aplikacija-hardware","12":"pa_barva-weis","13":"pa_barva-blau","14":"pa_barva-transparent-de","15":"pa_barva-auf-bestellung","16":"pa_debelina-mm-zu-bestellen-ab-7-mm-und-mehr","17":"pa_izvedba-ein-halbes-jahr","18":"pa_izvedba-flache-wicklung","19":"pa_izvedba-hulse","20":"pa_izvedba-perforiert-auf-der-rolle","21":"pa_premer-tulca-mm-76-de","22":"pa_sirina-m-05-bis-27-m","23":"pa_specificne-lastnosti-antistatisch","24":"pa_specificne-lastnosti-drucken","25":"pa_specificne-lastnosti-gleitend-nicht-gleitend","26":"pa_specificne-lastnosti-korona-behandlung","27":"pa_specificne-lastnosti-perforiert-auf-der-rolle","28":"pa_specificne-lastnosti-regenerieren","29":"pa_specificne-lastnosti-uv-12-de","30":"pa_teza-kg-20-de","31":"pa_teza-kg-25-de","32":"pa_teza-kg-50-de","33":"pa_teza-kg-auf-bestellung","35":"first","36":"instock","37":"product-type-simple"},"acf":[],"gallery_images":[],"_links":{"self":[{"href":"https:\/\/intercommerce.si\/de\/wp-json\/wp\/v2\/product\/7271","targetHints":{"allow":["GET"]}}],"collection":[{"href":"https:\/\/intercommerce.si\/de\/wp-json\/wp\/v2\/product"}],"about":[{"href":"https:\/\/intercommerce.si\/de\/wp-json\/wp\/v2\/types\/product"}],"wp:featuredmedia":[{"embeddable":true,"href":"https:\/\/intercommerce.si\/de\/wp-json\/wp\/v2\/media\/1801"}],"wp:attachment":[{"href":"https:\/\/intercommerce.si\/de\/wp-json\/wp\/v2\/media?parent=7271"}],"wp:term":[{"taxonomy":"product_cat","embeddable":true,"href":"https:\/\/intercommerce.si\/de\/wp-json\/wp\/v2\/product_cat?post=7271"},{"taxonomy":"product_tag","embeddable":true,"href":"https:\/\/intercommerce.si\/de\/wp-json\/wp\/v2\/product_tag?post=7271"}],"curies":[{"name":"wp","href":"https:\/\/api.w.org\/{rel}","templated":true}]}}