{"id":7270,"date":"2024-06-18T15:05:51","date_gmt":"2024-06-18T13:05:51","guid":{"rendered":"https:\/\/intercommerce.si\/izdelek\/netzverstaerkte-polyolefinfolie\/"},"modified":"2024-06-18T15:05:51","modified_gmt":"2024-06-18T13:05:51","slug":"netzverstaerkte-polyolefinfolie","status":"publish","type":"product","link":"https:\/\/intercommerce.si\/de\/produkt\/netzverstaerkte-polyolefinfolie\/","title":{"rendered":"Netzverst\u00e4rkte Polyolefinfolie"},"content":{"rendered":"<p><strong>Eigenschaften der netzverst\u00e4rkten Polyolefinfolie<\/strong><\/p>\n<ul>\n<li>Sie ist f\u00fcr das Verpacken schwerer Produkte bestimmt.<\/li>\n<li>Sie hat eine hohe Durchsto\u00dffestigkeit, wodurch sie sich f\u00fcr Produkte mit scharfen Kanten eignet.<\/li>\n<li>Sie schrumpft in L\u00e4ngs- und Querrichtung, was das Verpacken von ovalen oder runden Produkten erleichtert.<\/li>\n<\/ul>\n","protected":false},"excerpt":{"rendered":"Netzverst\u00e4rkte Polyolefinfolie (POF) ist ideal f\u00fcr das Verpacken von Produkten mit scharfen Kanten und unregelm\u00e4\u00dfigen Formen. Sie wird haupts\u00e4chlich f\u00fcr das Verpacken schwerer Produkte verwendet, da sie eine hohe Durchsto\u00dffestigkeit bietet. \n\n&nbsp;","protected":false},"featured_media":3806,"template":"","meta":{"_acf_changed":false,"inline_featured_image":false},"product_cat":[1813,1823,1814,1913],"product_tag":[],"class_list":{"0":"post-7270","1":"product","2":"type-product","3":"status-publish","4":"has-post-thumbnail","6":"product_cat-artikel","7":"product_cat-verpackungsmaterialien","8":"product_cat-folien","9":"product_cat-polyolefin-schrumpffolie","10":"pa_aplikacija-handbuch","11":"pa_aplikacija-hardware","12":"pa_barva-transparent-de","13":"pa_debelina-mm-15-de","14":"pa_debelina-mm-19-de","15":"pa_navitje-na-roli-m-1067-de","16":"pa_navitje-na-roli-m-1325-de","17":"pa_navitje-na-roli-m-auf-bestellung","18":"pa_premer-tulca-mm-76-de","19":"pa_sirina-mm-200-de","20":"pa_sirina-mm-250-de","21":"pa_sirina-mm-350-de","22":"pa_sirina-mm-300-de","23":"pa_sirina-mm-400-de","24":"pa_sirina-mm-450-de","25":"pa_sirina-mm-500-de","26":"pa_sirina-mm-auf-bestellung","27":"pa_specificne-lastnosti-mikro-perforiert","29":"first","30":"instock","31":"product-type-simple"},"acf":[],"gallery_images":[3807],"_links":{"self":[{"href":"https:\/\/intercommerce.si\/de\/wp-json\/wp\/v2\/product\/7270","targetHints":{"allow":["GET"]}}],"collection":[{"href":"https:\/\/intercommerce.si\/de\/wp-json\/wp\/v2\/product"}],"about":[{"href":"https:\/\/intercommerce.si\/de\/wp-json\/wp\/v2\/types\/product"}],"wp:featuredmedia":[{"embeddable":true,"href":"https:\/\/intercommerce.si\/de\/wp-json\/wp\/v2\/media\/3806"}],"wp:attachment":[{"href":"https:\/\/intercommerce.si\/de\/wp-json\/wp\/v2\/media?parent=7270"}],"wp:term":[{"taxonomy":"product_cat","embeddable":true,"href":"https:\/\/intercommerce.si\/de\/wp-json\/wp\/v2\/product_cat?post=7270"},{"taxonomy":"product_tag","embeddable":true,"href":"https:\/\/intercommerce.si\/de\/wp-json\/wp\/v2\/product_tag?post=7270"}],"curies":[{"name":"wp","href":"https:\/\/api.w.org\/{rel}","templated":true}]}}