{"id":7269,"date":"2024-06-18T15:06:29","date_gmt":"2024-06-18T13:06:29","guid":{"rendered":"https:\/\/intercommerce.si\/izdelek\/vakuummaschinen-der-bp-serie\/"},"modified":"2024-06-18T15:06:29","modified_gmt":"2024-06-18T13:06:29","slug":"vakuummaschinen-der-bp-serie","status":"publish","type":"product","link":"https:\/\/intercommerce.si\/de\/produkt\/vakuummaschinen-der-bp-serie\/","title":{"rendered":"Vakuummaschinen der BP-Serie"},"content":{"rendered":"<p>Eigenschaften des St\u00e4nders:<br \/>\n\u2022 Halbautomatische Schrumpfmaschine<br \/>\n\u2022 Einkammer-Schrumpftunnel<br \/>\n\u2022 Motorisierter Abzug der oberen und unteren Folie<br \/>\n\u2022 Pneumatischer Produktschieber, zweihandbet\u00e4tigt<br \/>\n\u2022 Im Lieferumfang enthalten: Maschinenf\u00fc\u00dfe zur Befestigung, Anschlagstange f\u00fcr Produkte, K\u00fchlgebl\u00e4se am Tunnelausgang<br \/>\n\u2022 Monoblock-Rahmen<br \/>\n\u2022 Pneumatischer Schwei\u00dfbalken, ausgestattet mit Sicherheitssensoren<br \/>\n\u2022 Pneumatischer Folienschnitt mit Kaltmesser<br \/>\n\u2022 Rollen sind an den oberen und unteren Folienabwicklern angebracht, um das Laden der Rollen zu erleichtern<br \/>\n\u2022 Metrisches System zum Zentrieren der Folienrollen<br \/>\n\u2022 Das elektronische Steuerungssystem FLXMOD\u00ae wird \u00fcber ein 4,3-Zoll-Grafik-LCD-Drehbedienfeld gesteuert, das mit einer SPS ausgestattet ist<br \/>\n\u2022 Der Versorgungs- und Steuerungsabschnitt besteht aus:<br \/>\n\u2022 Wechselrichter<br \/>\n\u2022 Eingangs-\/Ausgangs- (Input\/Output) Steuermodule mit 16 digitalen Ein-\/Ausg\u00e4ngen<br \/>\n\u2022 Analogeingangs-Steuermodule<br \/>\n\u2022 Steuermodule zum Auslesen von Thermoelementen<br \/>\n\u2022 Ein solches System erm\u00f6glicht eine einfache und pr\u00e4zise Steuerung aller aktuellen Vorg\u00e4nge, wie zum Beispiel:<br \/>\n\u2022 Speicherung von 20 verschiedenen Arbeitszyklen<br \/>\n\u2022 Anpassung der Geschwindigkeit des Schrumpfger\u00e4ts und der Tunneltransporter mittels Wechselrichter<br \/>\n\u2022 Prozessstatistik<br \/>\n\u2022 Der Luftstrom im Tunnel ist einstellbar mittels unabh\u00e4ngiger Umlenker<br \/>\n\u2022 Der Tunneltransporteur ist mit glasfaserverst\u00e4rkten St\u00e4ben ausgestattet (SMI-Patent), die Folgendes gew\u00e4hrleisten:<br \/>\n\u2022 Steifigkeit des Transporters, die die Stabilit\u00e4t der Produkte w\u00e4hrend des Durchlaufs gew\u00e4hrleistet, f\u00fcr eine kompakte und gut geschrumpfte Verpackung<br \/>\n\u2022 der Transporteur kann ein Produktgewicht von bis zu 30 Kilogramm tragen<br \/>\n\u2022 die Transportst\u00e4be rosten niemals, wie es bei der Verwendung herk\u00f6mmlicher Metalltransporteure der Fall ist<br \/>\n\u2022 die Wartung ist einfach und kosteng\u00fcnstig, dank der M\u00f6glichkeit, verschlissene St\u00e4be auszutauschen<br \/>\n\u2022 K\u00fchlsystem des Ofens<br \/>\n\u2022 Geringer Energieverbrauch<br \/>\n\u2022 Konformit\u00e4t mit der CE-Verordnung<\/p>\n","protected":false},"excerpt":{"rendered":"Die BP-Serie von halbautomatischen und automatischen Monoblock-Schrumpfmaschinen mit Schwei\u00dfbalken zeichnet sich durch ihre Vielseitigkeit aus. Je nach Modell eignet sich diese Serie von Verpackungsmaschinen besonders gut f\u00fcr die Verpackung einer sehr breiten Palette von Produkten aus verschiedenen Marktsegmenten, entweder nur in Folie oder in einer Kombination aus Unterlage + Folie. \n\nDie Maschinen k\u00f6nnen mit einer 90-Grad- oder Inline-Produktzuf\u00fchrung zur Einheit ausgestattet werden, die die Produkte anschlie\u00dfend in eine Transportverpackung verpackt. Diese Maschinen lassen sich vollst\u00e4ndig und einfach in Verpackungslinien integrieren. Die BP-Serie kann eine Produktion von bis zu 25 Paketen\/Minute erreichen.  ","protected":false},"featured_media":6775,"template":"","meta":{"_acf_changed":false,"inline_featured_image":false},"product_cat":[1813,1818,1829,1871],"product_tag":[],"class_list":{"0":"post-7269","1":"product","2":"type-product","3":"status-publish","4":"has-post-thumbnail","6":"product_cat-artikel","7":"product_cat-verpackungsmaschinen-und-gerate","8":"product_cat-maschinen","9":"product_cat-maschinen-fur-die-vakuumverpackung","11":"first","12":"instock","13":"product-type-simple"},"acf":[],"gallery_images":[],"_links":{"self":[{"href":"https:\/\/intercommerce.si\/de\/wp-json\/wp\/v2\/product\/7269","targetHints":{"allow":["GET"]}}],"collection":[{"href":"https:\/\/intercommerce.si\/de\/wp-json\/wp\/v2\/product"}],"about":[{"href":"https:\/\/intercommerce.si\/de\/wp-json\/wp\/v2\/types\/product"}],"wp:featuredmedia":[{"embeddable":true,"href":"https:\/\/intercommerce.si\/de\/wp-json\/wp\/v2\/media\/6775"}],"wp:attachment":[{"href":"https:\/\/intercommerce.si\/de\/wp-json\/wp\/v2\/media?parent=7269"}],"wp:term":[{"taxonomy":"product_cat","embeddable":true,"href":"https:\/\/intercommerce.si\/de\/wp-json\/wp\/v2\/product_cat?post=7269"},{"taxonomy":"product_tag","embeddable":true,"href":"https:\/\/intercommerce.si\/de\/wp-json\/wp\/v2\/product_tag?post=7269"}],"curies":[{"name":"wp","href":"https:\/\/api.w.org\/{rel}","templated":true}]}}