{"id":7266,"date":"2024-06-18T15:05:55","date_gmt":"2024-06-18T13:05:55","guid":{"rendered":"https:\/\/intercommerce.si\/izdelek\/tesa-60650-universelles-aluminium\/"},"modified":"2024-06-18T15:05:55","modified_gmt":"2024-06-18T13:05:55","slug":"tesa-60650-universelles-aluminium","status":"publish","type":"product","link":"https:\/\/intercommerce.si\/de\/produkt\/tesa-60650-universelles-aluminium\/","title":{"rendered":"tesa\u00ae 60650 \u2013 universelles Aluminium"},"content":{"rendered":"<p>Eigenschaften des tesa\u00ae 60650 Klebebands:<\/p>\n<p>tesa\u00ae 60650 wird f\u00fcr die Montage von K\u00fchlschlangen in der Wei\u00dfwarenindustrie, zum Verbinden und Abdichten von W\u00e4rmed\u00e4mmungen, Kan\u00e4len und Rohren, f\u00fcr die elektrische und thermische Leitf\u00e4higkeit von Substraten sowie zur Reflexion von W\u00e4rmestrahlung verwendet.<\/p>\n","protected":false},"excerpt":{"rendered":"tesa\u00ae 60650 ist ein universelles Aluminiumband auf Basis einer 50 Mikrometer (2 mil) starken Aluminiumfolie und eines transparenten Acrylatklebstoffs. Es ist mechanisch stabil, f\u00fcr den dauerhaften Einsatz geeignet und leicht zu entfernen. Es bietet guten Schutz vor Feuchtigkeit, Gasen und D\u00e4mpfen und ist elektrisch sowie thermisch leitf\u00e4hig. Gleichzeitig zeichnet es sich durch W\u00e4rme- und Lichtreflexion aus und ist alterungsbest\u00e4ndig. Es ist feuerbest\u00e4ndig nach DIN 4102, Klasse B1, und flammhemmend gem\u00e4\u00df den Anforderungen von UL 510A.    ","protected":false},"featured_media":1916,"template":"","meta":{"_acf_changed":false,"inline_featured_image":false},"product_cat":[1813,1823,1846,1847,1848],"product_tag":[],"class_list":{"0":"post-7266","1":"product","2":"type-product","3":"status-publish","4":"has-post-thumbnail","6":"product_cat-artikel","7":"product_cat-verpackungsmaterialien","8":"product_cat-klebebander","9":"product_cat-tesa-de","10":"product_cat-tesa-klebebander","11":"pa_aplikacija-handbuch","12":"pa_barva-silber","13":"pa_navitje-na-roli-m-50-de","14":"pa_nosilec-aluminiumfolie","15":"pa_sirina-mm-25-de","16":"pa_sirina-mm-50-de","17":"pa_st-izdelkov-v-skatli-36-de","18":"pa_st-izdelkov-v-skatli-72-de","19":"pa_vrsta-lepila-silizium","21":"first","22":"instock","23":"product-type-simple"},"acf":[],"gallery_images":[1917],"_links":{"self":[{"href":"https:\/\/intercommerce.si\/de\/wp-json\/wp\/v2\/product\/7266","targetHints":{"allow":["GET"]}}],"collection":[{"href":"https:\/\/intercommerce.si\/de\/wp-json\/wp\/v2\/product"}],"about":[{"href":"https:\/\/intercommerce.si\/de\/wp-json\/wp\/v2\/types\/product"}],"wp:featuredmedia":[{"embeddable":true,"href":"https:\/\/intercommerce.si\/de\/wp-json\/wp\/v2\/media\/1916"}],"wp:attachment":[{"href":"https:\/\/intercommerce.si\/de\/wp-json\/wp\/v2\/media?parent=7266"}],"wp:term":[{"taxonomy":"product_cat","embeddable":true,"href":"https:\/\/intercommerce.si\/de\/wp-json\/wp\/v2\/product_cat?post=7266"},{"taxonomy":"product_tag","embeddable":true,"href":"https:\/\/intercommerce.si\/de\/wp-json\/wp\/v2\/product_tag?post=7266"}],"curies":[{"name":"wp","href":"https:\/\/api.w.org\/{rel}","templated":true}]}}