{"id":7265,"date":"2024-06-18T15:05:51","date_gmt":"2024-06-18T13:05:51","guid":{"rendered":"https:\/\/intercommerce.si\/izdelek\/ldpe-halbschlauch-und-schlauch\/"},"modified":"2024-06-18T15:05:51","modified_gmt":"2024-06-18T13:05:51","slug":"ldpe-halbschlauch-und-schlauch","status":"publish","type":"product","link":"https:\/\/intercommerce.si\/de\/produkt\/ldpe-halbschlauch-und-schlauch\/","title":{"rendered":"LDPE-Halbschlauch und -Schlauch"},"content":{"rendered":"<p><strong>Eigenschaften von LDPE-Folien als Halbschlauch und Schlauch<\/strong><\/p>\n<ul>\n<li>M\u00f6glichkeit des Mehrfarbendrucks auf die Folie.<\/li>\n<li>Verschiedene Farben verf\u00fcgbar (am h\u00e4ufigsten wird transparente Folie verwendet).<\/li>\n<li>Wahl zwischen gleitf\u00e4higer und nicht gleitf\u00e4higer Folie.<\/li>\n<li>M\u00f6glichkeit der Thermoschrumpfung.<\/li>\n<li>UV-Best\u00e4ndigkeit f\u00fcr zus\u00e4tzlichen Schutz vor Sonnenstrahlen.<\/li>\n<\/ul>\n","protected":false},"excerpt":{"rendered":"LDPE-Halbschl\u00e4uche und -Schl\u00e4uche werden zum Verpacken von Halbzeugen und Endprodukten verwendet. Sie werden am h\u00e4ufigsten in der Lebensmittelindustrie, der Getr\u00e4nkeindustrie, der Kerzenherstellung, der Holzindustrie und anderen Branchen eingesetzt. Es steht eine gro\u00dfe Auswahl an LDPE-Folien zur Verf\u00fcgung, die sich in Breite und Dicke unterscheiden, was eine Anpassung an die Bed\u00fcrfnisse verschiedener Industrien erm\u00f6glicht.  ","protected":false},"featured_media":6756,"template":"","meta":{"_acf_changed":false,"inline_featured_image":false},"product_cat":[1813,1823,1814,1866],"product_tag":[],"class_list":{"0":"post-7265","1":"product","2":"type-product","3":"status-publish","4":"has-post-thumbnail","6":"product_cat-artikel","7":"product_cat-verpackungsmaterialien","8":"product_cat-folien","9":"product_cat-pe-folien-ldpe-hdpe","10":"pa_aplikacija-handbuch","11":"pa_aplikacija-hardware","12":"pa_barva-weis","13":"pa_barva-transparent-de","14":"pa_barva-auf-bestellung","15":"pa_debelina-mm-auf-bestellung-von-20-bis-200-mm","16":"pa_izvedba-ein-halbes-jahr","17":"pa_izvedba-flache-wicklung","18":"pa_izvedba-hulse","19":"pa_izvedba-perforiert-auf-der-rolle","20":"pa_premer-tulca-mm-76-de","21":"pa_sirina-m-von-005-bis-14-m","22":"pa_specificne-lastnosti-antistatisch","23":"pa_specificne-lastnosti-drucken","24":"pa_specificne-lastnosti-gleitend-nicht-gleitend","25":"pa_specificne-lastnosti-regenerieren","26":"pa_specificne-lastnosti-uv-12-de","27":"pa_teza-kg-20-de","28":"pa_teza-kg-25-de","29":"pa_teza-kg-50-de","30":"pa_teza-kg-auf-bestellung","32":"first","33":"instock","34":"product-type-simple"},"acf":[],"gallery_images":[6748,6751],"_links":{"self":[{"href":"https:\/\/intercommerce.si\/de\/wp-json\/wp\/v2\/product\/7265","targetHints":{"allow":["GET"]}}],"collection":[{"href":"https:\/\/intercommerce.si\/de\/wp-json\/wp\/v2\/product"}],"about":[{"href":"https:\/\/intercommerce.si\/de\/wp-json\/wp\/v2\/types\/product"}],"wp:featuredmedia":[{"embeddable":true,"href":"https:\/\/intercommerce.si\/de\/wp-json\/wp\/v2\/media\/6756"}],"wp:attachment":[{"href":"https:\/\/intercommerce.si\/de\/wp-json\/wp\/v2\/media?parent=7265"}],"wp:term":[{"taxonomy":"product_cat","embeddable":true,"href":"https:\/\/intercommerce.si\/de\/wp-json\/wp\/v2\/product_cat?post=7265"},{"taxonomy":"product_tag","embeddable":true,"href":"https:\/\/intercommerce.si\/de\/wp-json\/wp\/v2\/product_tag?post=7265"}],"curies":[{"name":"wp","href":"https:\/\/api.w.org\/{rel}","templated":true}]}}