{"id":7264,"date":"2024-06-18T15:06:29","date_gmt":"2024-06-18T13:06:29","guid":{"rendered":"https:\/\/intercommerce.si\/izdelek\/vakuummaschinen-der-ha-serie\/"},"modified":"2024-06-18T15:06:29","modified_gmt":"2024-06-18T13:06:29","slug":"vakuummaschinen-der-ha-serie","status":"publish","type":"product","link":"https:\/\/intercommerce.si\/de\/produkt\/vakuummaschinen-der-ha-serie\/","title":{"rendered":"Vakuummaschinen der HA-Serie"},"content":{"rendered":"<p>Eigenschaften des St\u00e4nders:<br \/>\n\u2022 Monoblockrahmen aus lackiertem Stahl<br \/>\n\u2022 Schiebet\u00fcren mit Bremssystem<br \/>\n\u2022 Eingangsf\u00f6rderer mit Gummibeschichtung, mit Ketten aus thermoplastischem Material, die einen hohen Reibungskoeffizienten gew\u00e4hrleisten<br \/>\n\u2022 Intralox-Eingangsf\u00f6rderer mit variabler Geschwindigkeit<br \/>\n\u2022 Kartonetiketten mit pneumatischer Entnahme und elektronischer Kontrolle der Griffposition<br \/>\n\u2022 Magazin f\u00fcr die mittlere Griffunterst\u00fctzung f\u00fcr Kartonetiketten mit einer Kapazit\u00e4t von bis zu 5.000 St\u00fcck, das im oberen Teil der Maschine installiert und mit einem Signalton ausgestattet ist, wenn eine Etikett fehlt<br \/>\n\u2022 Pneumatische Positionierung und Schneiden des Griffs auf der Packung in Bewegung, mit elektronischer Kontrolle der Griffl\u00e4nge und ausgestattet mit einem Signalton, wenn eine Etikett fehlt<br \/>\n\u2022 Schneidwalzen mit pneumatischer Verriegelung<br \/>\n\u2022 Motorisierte Walzenunterst\u00fctzung mit pneumatischer Verriegelung und automatischer Spannung des Zugklebebands mithilfe eines motorisierten Rades, das von einem Encoder und einem Inverter angetrieben wird<br \/>\n\u2022 FLXMOD\u00ae-Steuerungssystem, ausgestattet mit:<br \/>\n\u2022 7-Zoll-Farb-Touchscreen, der sich \u00fcber die gesamte L\u00e4nge der Maschine bewegt<br \/>\n\u2022 SPS<br \/>\n\u2022 Inverter mit integrierter Encoder-Lesung<br \/>\n\u2022 IN\/OUT-Steuermodule<br \/>\n\u2022 M\u00f6glichkeit, bis zu 50 verschiedene Arbeitszyklen zu planen<br \/>\n\u2022 Konformit\u00e4t mit Industriestandard 4.0<br \/>\n\u2022 Konformit\u00e4t mit der CE-Verordnung<\/p>\n","protected":false},"excerpt":{"rendered":"Die Maschinen der HA-Serie sind automatische Maschinen, die das Anbringen eines Tr\u00e4gerbandes mit Kartonbanderole auf die Transportverpackung erm\u00f6glichen: auf Schrumpffolienverpackungen, Kartons, Papierrollen oder jede starre Verpackung. Die HA-Serie kann verschiedene Arten von Griffen zusammen mit transparentem Klebeband anbringen, die aus folgenden Materialien hergestellt sind: vorgeschnittenen Kartonetiketten, vorgefertigten Klebebandrollen, Papier- und Polypropylengriffen auf der Rolle. \n\nDerzeit sind die Modelle HA 25, HA 40, HA 60, HA 80 erh\u00e4ltlich, wobei die Endzahl die maximale Maschinengeschwindigkeit in Packungen pro Minute angibt.\nSie werden in folgenden Branchen eingesetzt:\nGetr\u00e4nkeindustrie (Milch, Wasser, alkoholfreie Getr\u00e4nke, Bier, Wein usw.), Konserven (Tomaten, Essiggurken, Saucen usw.), Speise\u00f6l, Mehl \u2013 K\u00f6rner, Zucker, Papier, Reinigungsmittel.","protected":false},"featured_media":6771,"template":"","meta":{"_acf_changed":false,"inline_featured_image":false},"product_cat":[1813,1818,1829,1871],"product_tag":[],"class_list":{"0":"post-7264","1":"product","2":"type-product","3":"status-publish","4":"has-post-thumbnail","6":"product_cat-artikel","7":"product_cat-verpackungsmaschinen-und-gerate","8":"product_cat-maschinen","9":"product_cat-maschinen-fur-die-vakuumverpackung","11":"first","12":"instock","13":"product-type-simple"},"acf":[],"gallery_images":[],"_links":{"self":[{"href":"https:\/\/intercommerce.si\/de\/wp-json\/wp\/v2\/product\/7264","targetHints":{"allow":["GET"]}}],"collection":[{"href":"https:\/\/intercommerce.si\/de\/wp-json\/wp\/v2\/product"}],"about":[{"href":"https:\/\/intercommerce.si\/de\/wp-json\/wp\/v2\/types\/product"}],"wp:featuredmedia":[{"embeddable":true,"href":"https:\/\/intercommerce.si\/de\/wp-json\/wp\/v2\/media\/6771"}],"wp:attachment":[{"href":"https:\/\/intercommerce.si\/de\/wp-json\/wp\/v2\/media?parent=7264"}],"wp:term":[{"taxonomy":"product_cat","embeddable":true,"href":"https:\/\/intercommerce.si\/de\/wp-json\/wp\/v2\/product_cat?post=7264"},{"taxonomy":"product_tag","embeddable":true,"href":"https:\/\/intercommerce.si\/de\/wp-json\/wp\/v2\/product_tag?post=7264"}],"curies":[{"name":"wp","href":"https:\/\/api.w.org\/{rel}","templated":true}]}}