{"id":7263,"date":"2024-06-18T15:06:09","date_gmt":"2024-06-18T13:06:09","guid":{"rendered":"https:\/\/intercommerce.si\/izdelek\/big-bag-saecke\/"},"modified":"2024-06-18T15:06:09","modified_gmt":"2024-06-18T13:06:09","slug":"big-bag-saecke","status":"publish","type":"product","link":"https:\/\/intercommerce.si\/de\/produkt\/big-bag-saecke\/","title":{"rendered":"BIG BAG S\u00e4cke"},"content":{"rendered":"<p><strong>Eigenschaften von BIG BAG S\u00e4cken:<\/strong><\/p>\n<ul>\n<li>Das Grundmaterial der S\u00e4cke ist 100 % Polypropylen (umweltfreundlich, gesundheitlich unbedenklich), auch f\u00fcr die Lebensmittel- und Pharmaindustrie geeignet.<\/li>\n<li>Das Anwendungsgebiet der S\u00e4cke ist breit (zum Verpacken, Transportieren, Lagern).<\/li>\n<li>M\u00f6glichkeit einer relativ schnellen Konstruktion eines neuen Sacktyps.<\/li>\n<li>Sie nehmen wenig Platz im Lager ein.<\/li>\n<li>Durch die Verwendung eines Inlays ist der Containersack f\u00fcr die breiteste Palette hygroskopischer Materialien geeignet.<\/li>\n<li>M\u00f6glichkeit der Mehrfachverwendung.<\/li>\n<li>Die S\u00e4cke sind vollst\u00e4ndig recycelbar.<\/li>\n<li>Der Inhalt ist vor Feuchtigkeit und UV-Strahlen gesch\u00fctzt.<\/li>\n<li>Die S\u00e4cke verf\u00fcgen \u00fcber ein entsprechendes Zertifikat.<\/li>\n<\/ul>\n","protected":false},"excerpt":{"rendered":"BIG BAG S\u00e4cke sind eine effiziente Verpackungsmethode f\u00fcr den Transport und die Lagerung gr\u00f6\u00dferer Mengen verschiedener Materialien. Sie werden aus Polypropylengewebe unter Einhaltung internationaler Normen hergestellt. Jeder BIG BAG Sack ist ein Unikat. Ihr Mehrwert besteht darin, dass sie nach den vom Kunden festgelegten Spezifikationen und Ausf\u00fchrungen gefertigt werden. Dabei unterst\u00fctzen wir Sie, Ihre Anforderungen mit unserer Erfahrung und unserem Wissen zu verbinden.    \n\nWir haben mehrere Arten von BIG BAG S\u00e4cken:\n\u2022 Standard-S\u00e4cke\n\u2022 formstabile S\u00e4cke (S\u00e4cke, die ihre Form behalten)\n\u2022 S\u00e4cke mit Kreuzschlaufen\n\u2022 S\u00e4cke mit Tunnelschlaufen\n\u2022 UN-S\u00e4cke (geeignet f\u00fcr umweltgef\u00e4hrdende Materialien)\n\u2022 Ein-\/Zweischlaufen-S\u00e4cke\n\u2022 konische S\u00e4cke (leichtere Entleerung)\n\nDie Abmessungen und Eigenschaften der BIG BAG S\u00e4cke werden in Absprache mit dem Kunden festgelegt.","protected":false},"featured_media":4938,"template":"","meta":{"_acf_changed":false,"inline_featured_image":false},"product_cat":[1813,1823,1885,1912,1836,1839],"product_tag":[],"class_list":{"0":"post-7263","1":"product","2":"type-product","3":"status-publish","4":"has-post-thumbnail","6":"product_cat-artikel","7":"product_cat-verpackungsmaterialien","8":"product_cat-sacke","9":"product_cat-big-bag-sacke","10":"product_cat-nachhaltige-verpackung","11":"product_cat-beutel","13":"first","14":"instock","15":"product-type-simple"},"acf":[],"gallery_images":[5318,5320,5322,4946,4948],"_links":{"self":[{"href":"https:\/\/intercommerce.si\/de\/wp-json\/wp\/v2\/product\/7263","targetHints":{"allow":["GET"]}}],"collection":[{"href":"https:\/\/intercommerce.si\/de\/wp-json\/wp\/v2\/product"}],"about":[{"href":"https:\/\/intercommerce.si\/de\/wp-json\/wp\/v2\/types\/product"}],"wp:featuredmedia":[{"embeddable":true,"href":"https:\/\/intercommerce.si\/de\/wp-json\/wp\/v2\/media\/4938"}],"wp:attachment":[{"href":"https:\/\/intercommerce.si\/de\/wp-json\/wp\/v2\/media?parent=7263"}],"wp:term":[{"taxonomy":"product_cat","embeddable":true,"href":"https:\/\/intercommerce.si\/de\/wp-json\/wp\/v2\/product_cat?post=7263"},{"taxonomy":"product_tag","embeddable":true,"href":"https:\/\/intercommerce.si\/de\/wp-json\/wp\/v2\/product_tag?post=7263"}],"curies":[{"name":"wp","href":"https:\/\/api.w.org\/{rel}","templated":true}]}}