{"id":7262,"date":"2024-06-18T15:06:29","date_gmt":"2024-06-18T13:06:29","guid":{"rendered":"https:\/\/intercommerce.si\/izdelek\/vakuummaschinen-der-xp-serie\/"},"modified":"2024-06-18T15:06:29","modified_gmt":"2024-06-18T13:06:29","slug":"vakuummaschinen-der-xp-serie","status":"publish","type":"product","link":"https:\/\/intercommerce.si\/de\/produkt\/vakuummaschinen-der-xp-serie\/","title":{"rendered":"Vakuummaschinen der XP-Serie"},"content":{"rendered":"<p>Eigenschaften des St\u00e4nders:<br \/>\n\u2022 Automatische \u00dcberlappungswickelmaschine mit Inline-Transportband<br \/>\n\u2022 Schiebet\u00fcren mit Bremssystem<br \/>\n\u2022 Betriebsart: nur Folie<br \/>\n\u2022 Doppelkammer-Tunneltrommel<br \/>\nEigenschaften des St\u00e4nders:<br \/>\n\u2022 Inline-Ein- und Auslauftransporteure mit variabler, durch Inverter gesteuerter Geschwindigkeit<br \/>\n\u2022 Breite des vorderen Einlauftransporters 540 mm<br \/>\n\u2022 Die Maschine ist mit Bedienerseite links oder rechts erh\u00e4ltlich<br \/>\n\u2022 Fotozellen f\u00fcr Folienverpackung, Hinderniserkennung im Tunnel und Ansammlung am Ausgang enthalten<br \/>\n\u2022 Motorisiertes Abwickeln der Unterfolie, gesteuert durch Inverter und Potentiometer<br \/>\n\u2022 Spulenhalter mit pneumatischer Verriegelung<br \/>\n\u2022 Manuelle Spulendichtung<br \/>\n\u2022 Pneumatischer Folienschnitt mit Kaltmesser<br \/>\n\u2022 Intermittierender Schneidzyklus<br \/>\n\u2022 Folienabwicklung, gesteuert durch b\u00fcrstenlosen Servomotor<br \/>\n\u2022 Verpackungswicklung, gesteuert durch b\u00fcrstenlosen Servomotor<br \/>\n\u2022 Automatische Konfiguration der Packungstrennung und -wicklung<br \/>\n\u2022 Verbindungstransporteur mit einstellbarer Geschwindigkeit, gesteuert durch Inverter und Encoder<br \/>\n\u2022 Inklusive: Maschinenbefestigungsf\u00fc\u00dfe, Befestigungsstange zum Anhalten von Produkten, K\u00fchlgebl\u00e4se am Tunnelausgang<br \/>\n\u2022 Automatik-, Halbautomatik-, Durchgangsmodus<br \/>\n\u2022 Metrisches System zur Zentrierung von Folienrollen<br \/>\n\u2022 Tunneltransportband mit einstellbarer Geschwindigkeit, gesteuert durch Inverter<br \/>\n\u2022 Luftstrom im Tunnel einstellbar mit Hilfe unabh\u00e4ngiger Umlenkvorrichtungen<br \/>\n\u2022 Tunneltransportband mit Glasfaserst\u00e4ben (SMI-Patent)<br \/>\n\u2022 Ofen-K\u00fchlsystem<br \/>\n\u2022 FLXMOD\u00ae-Steuerungssystem ausgestattet mit:<br \/>\n\u2022 Bedienerschnittstelle mit 7-Zoll-Farb-Touchscreen<br \/>\n\u2022 SPS<br \/>\n\u2022 Inverter mit integrierter Encoder-Lesung<br \/>\n\u2022 Eingangs-\/Ausgangs-Steuermodule<br \/>\n\u2022 Speicherung von 50 verschiedenen Arbeitszyklen<br \/>\n\u2022 Konformit\u00e4t mit Industriestandard 4.0<br \/>\n\u2022 Konformit\u00e4t mit der CE-Verordnung<\/p>\n","protected":false},"excerpt":{"rendered":"Die XP-Serie umfasst automatische Schrumpfverpackungsmaschinen. Sie bietet zahlreiche Vorteile gegen\u00fcber anderen Verpackungssystemen, wie z. B. die Verwendung einer einzigen Folienrolle anstelle eines Schwei\u00dfbalkensystems.\nDiese Modelle eignen sich auch f\u00fcr die Zentrierung von bedruckter Folie und erm\u00f6glichen eine deutliche Produktionssteigerung. Die XP-Serie eignet sich besonders f\u00fcr die Verpackung von Flaschen und PET-Flaschen, Dosen, Kartons, Trays, Gl\u00e4sern usw., die nur in Folie, Pad + Folie oder Tray + Folie verpackt sind. Die XP-Serie kann eine Produktion von bis zu 25 Packungen\/Minute erreichen.    \n\nSie werden in folgenden Branchen eingesetzt:\nGetr\u00e4nkeindustrie (Milch, Wasser, alkoholfreie Getr\u00e4nke, Bier, Wein usw.), Konserven (Tomaten, saure Gurken, Saucen usw.), Speise\u00f6l, Mehl in Granulat, Zucker, Gefl\u00fcgelzucht (Eierpaletten), Druckindustrie, Schreibwaren, Computerindustrie, Haushaltswaren, Aerosole, Kosmetik, Pharmazeutik, Elektro- und Elektronikindustrie, Kunststoffe, Holz, Papier, Shampoo-Reinigungsmittel, Maschinenbau, Schmierstoffe, Etuis und Kartons, Regale, Logistik, Verpackungsunternehmen.","protected":false},"featured_media":6768,"template":"","meta":{"_acf_changed":false,"inline_featured_image":false},"product_cat":[1813,1818,1829,1871],"product_tag":[],"class_list":{"0":"post-7262","1":"product","2":"type-product","3":"status-publish","4":"has-post-thumbnail","6":"product_cat-artikel","7":"product_cat-verpackungsmaschinen-und-gerate","8":"product_cat-maschinen","9":"product_cat-maschinen-fur-die-vakuumverpackung","11":"first","12":"instock","13":"product-type-simple"},"acf":[],"gallery_images":[],"_links":{"self":[{"href":"https:\/\/intercommerce.si\/de\/wp-json\/wp\/v2\/product\/7262","targetHints":{"allow":["GET"]}}],"collection":[{"href":"https:\/\/intercommerce.si\/de\/wp-json\/wp\/v2\/product"}],"about":[{"href":"https:\/\/intercommerce.si\/de\/wp-json\/wp\/v2\/types\/product"}],"wp:featuredmedia":[{"embeddable":true,"href":"https:\/\/intercommerce.si\/de\/wp-json\/wp\/v2\/media\/6768"}],"wp:attachment":[{"href":"https:\/\/intercommerce.si\/de\/wp-json\/wp\/v2\/media?parent=7262"}],"wp:term":[{"taxonomy":"product_cat","embeddable":true,"href":"https:\/\/intercommerce.si\/de\/wp-json\/wp\/v2\/product_cat?post=7262"},{"taxonomy":"product_tag","embeddable":true,"href":"https:\/\/intercommerce.si\/de\/wp-json\/wp\/v2\/product_tag?post=7262"}],"curies":[{"name":"wp","href":"https:\/\/api.w.org\/{rel}","templated":true}]}}