{"id":7261,"date":"2025-03-24T09:38:18","date_gmt":"2025-03-24T08:38:18","guid":{"rendered":"https:\/\/intercommerce.si\/izdelek\/tesa-51865-neue-generation-typ-4965\/"},"modified":"2025-03-24T09:38:18","modified_gmt":"2025-03-24T08:38:18","slug":"tesa-51865-neue-generation-typ-4965","status":"publish","type":"product","link":"https:\/\/intercommerce.si\/de\/produkt\/tesa-51865-neue-generation-typ-4965\/","title":{"rendered":"tesa\u00ae 51865 Neue Generation Typ 4965"},"content":{"rendered":"<p><strong>Eigenschaften:<\/strong><\/p>\n<ul>\n<li>Asymmetrisches Design mit 100\u00b5m Klebstoff auf der Tr\u00e4gerseite und 60\u00b5m Klebstoff auf der offenen Seite.<\/li>\n<li>Ausgezeichnete Haftung auf extrudierten Leisten und Profilen.<\/li>\n<li>Zertifiziert f\u00fcr den Hautkontakt (ISO 10993-5 und ISO 10993-10).<\/li>\n<li>Zuverl\u00e4ssige Haftung auch auf Oberfl\u00e4chen mit geringer Oberfl\u00e4chenenergie.<\/li>\n<li>Sofortige Nutzbarkeit nach der Montage.<\/li>\n<li>Geringer Gehalt an fl\u00fcchtigen organischen Verbindungen (VOC).<\/li>\n<\/ul>\n","protected":false},"excerpt":{"rendered":"tesa\u00ae 51865 neue Generation Typ 4965 ist ein transparentes, doppelseitiges Industrieklebeband, hergestellt mit Biomasse-ausgeglichenem Klebstoff und 90 % PCR PET-Tr\u00e4ger, was die CO\u2082-Emissionen im Vergleich zu tesa\u00ae 51865 um -37 % reduziert. Das Band hat ein asymmetrisches Design mit unterschiedlicher Klebstoffdicke auf beiden Seiten, was eine optimale Haftung auf verschiedenen Oberfl\u00e4chen erm\u00f6glicht. Es ist f\u00fcr den Einsatz in verschiedenen Umgebungen geeignet, einschlie\u00dflich Feuchtigkeit, UV-Licht und Temperaturen bis zu 200 \u00b0C f\u00fcr begrenzte Zeitr\u00e4ume.  ","protected":false},"featured_media":4142,"template":"","meta":{"_acf_changed":false,"inline_featured_image":false},"product_cat":[1821,1822],"product_tag":[],"class_list":{"0":"post-7261","1":"product","2":"type-product","3":"status-publish","4":"has-post-thumbnail","6":"product_cat-nachhaltige-klebebander-von-tesa","7":"product_cat-montagebander","9":"first","10":"instock","11":"taxable","12":"shipping-taxable","13":"product-type-simple"},"acf":[],"gallery_images":[],"_links":{"self":[{"href":"https:\/\/intercommerce.si\/de\/wp-json\/wp\/v2\/product\/7261","targetHints":{"allow":["GET"]}}],"collection":[{"href":"https:\/\/intercommerce.si\/de\/wp-json\/wp\/v2\/product"}],"about":[{"href":"https:\/\/intercommerce.si\/de\/wp-json\/wp\/v2\/types\/product"}],"wp:featuredmedia":[{"embeddable":true,"href":"https:\/\/intercommerce.si\/de\/wp-json\/wp\/v2\/media\/4142"}],"wp:attachment":[{"href":"https:\/\/intercommerce.si\/de\/wp-json\/wp\/v2\/media?parent=7261"}],"wp:term":[{"taxonomy":"product_cat","embeddable":true,"href":"https:\/\/intercommerce.si\/de\/wp-json\/wp\/v2\/product_cat?post=7261"},{"taxonomy":"product_tag","embeddable":true,"href":"https:\/\/intercommerce.si\/de\/wp-json\/wp\/v2\/product_tag?post=7261"}],"curies":[{"name":"wp","href":"https:\/\/api.w.org\/{rel}","templated":true}]}}