{"id":7259,"date":"2024-06-18T15:06:00","date_gmt":"2024-06-18T13:06:00","guid":{"rendered":"https:\/\/intercommerce.si\/izdelek\/manuelles-pp-band-umreifungsgeraet\/"},"modified":"2024-06-18T15:06:00","modified_gmt":"2024-06-18T13:06:00","slug":"manuelles-pp-band-umreifungsgeraet","status":"publish","type":"product","link":"https:\/\/intercommerce.si\/de\/produkt\/manuelles-pp-band-umreifungsgeraet\/","title":{"rendered":"Manuelles PP-Band-Umreifungsger\u00e4t"},"content":{"rendered":"<div class=\"flex-shrink-0 flex flex-col relative items-end\">\n<div>\n<div class=\"pt-0\">\n<div class=\"gizmo-bot-avatar flex h-8 w-8 items-center justify-center overflow-hidden rounded-full\">\n<div class=\"relative p-1 rounded-sm flex items-center justify-center bg-token-main-surface-primary text-token-text-primary h-8 w-8\"><strong>Eigenschaften des manuellen Umreifungsger\u00e4ts f\u00fcr PP-B\u00e4nder<\/strong><\/div>\n<\/div>\n<\/div>\n<\/div>\n<\/div>\n<div class=\"group\/conversation-turn relative flex w-full min-w-0 flex-col agent-turn\">\n<div class=\"flex-col gap-1 md:gap-3\">\n<div class=\"flex max-w-full flex-col flex-grow\">\n<div class=\"min-h-8 text-message flex w-full flex-col items-end gap-2 whitespace-normal break-words text-start [.text-message+&amp;]:mt-5\" dir=\"auto\" data-message-author-role=\"assistant\" data-message-id=\"7bb773a6-fc61-4d2e-a3e2-56cb5aeed872\" data-message-model-slug=\"gpt-4o-mini\">\n<div class=\"flex w-full flex-col gap-1 empty:hidden first:pt-[3px]\">\n<div class=\"markdown prose w-full break-words dark:prose-invert light\">\n<ul>\n<li><strong>Einfache Bedienung<\/strong>: Das manuelle Umreifungsger\u00e4t erm\u00f6glicht ein schnelles und einfaches Spannen von PP-B\u00e4ndern ohne Stromversorgung.<\/li>\n<li><strong>Hohe Pr\u00e4zision<\/strong>: Gew\u00e4hrleistet ein zuverl\u00e4ssiges und pr\u00e4zises Spannen des Bandes f\u00fcr eine effektive Fixierung der Ladung.<\/li>\n<li><strong>Kompaktes Design<\/strong>: Einfach und leicht zu bedienen, geeignet f\u00fcr kleine und mittelgro\u00dfe Verpackungsaufgaben.<\/li>\n<li><strong>Geeignet f\u00fcr verschiedene Bandbreiten<\/strong>: Kann mit PP-B\u00e4ndern unterschiedlicher Breite verwendet werden, was Flexibilit\u00e4t gew\u00e4hrleistet.<\/li>\n<li><strong>Haltbarkeit und Robustheit<\/strong>: Hergestellt aus hochwertigen Materialien, die eine lange Lebensdauer und Zuverl\u00e4ssigkeit im Einsatz gew\u00e4hrleisten.<\/li>\n<li><strong>Sichere Ladungssicherung<\/strong>: Erm\u00f6glicht eine stabile und sichere Fixierung der Ladung f\u00fcr einen sorgenfreien Transport.<\/li>\n<\/ul>\n<\/div>\n<\/div>\n<\/div>\n<\/div>\n<\/div>\n<\/div>\n","protected":false},"excerpt":{"rendered":"Das manuelle Umreifungsger\u00e4t f\u00fcr PP-B\u00e4nder ist f\u00fcr ein einfaches und schnelles Spannen von Umreifungsb\u00e4ndern konzipiert. Es ist ideal f\u00fcr den Einsatz bei kleineren und mittelgro\u00dfen Verpackungsaufgaben, bei denen eine hohe Pr\u00e4zision bei der Fixierung der Ladung erforderlich ist. Das Umreifungsger\u00e4t erm\u00f6glicht eine einfache Bedienung ohne elektrische Ger\u00e4te, da es ein manuelles Spannen und Fixieren des Bandes erm\u00f6glicht. Es bietet eine zuverl\u00e4ssige L\u00f6sung f\u00fcr den sicheren und stabilen Transport verschiedener Arten von Ladung und ist f\u00fcr PP-Umreifungsb\u00e4nder in verschiedenen Breiten geeignet.   ","protected":false},"featured_media":1944,"template":"","meta":{"_acf_changed":false,"inline_featured_image":false},"product_cat":[1813,1823,1831,1832,1833],"product_tag":[],"class_list":{"0":"post-7259","1":"product","2":"type-product","3":"status-publish","4":"has-post-thumbnail","6":"product_cat-artikel","7":"product_cat-verpackungsmaterialien","8":"product_cat-umreifungsbander","9":"product_cat-werkzeuge-und-zubehor-fur-umreifungsbander","10":"product_cat-manuelles-umreifungsgerat","12":"first","13":"instock","14":"product-type-simple"},"acf":[],"gallery_images":[1945,1946],"_links":{"self":[{"href":"https:\/\/intercommerce.si\/de\/wp-json\/wp\/v2\/product\/7259","targetHints":{"allow":["GET"]}}],"collection":[{"href":"https:\/\/intercommerce.si\/de\/wp-json\/wp\/v2\/product"}],"about":[{"href":"https:\/\/intercommerce.si\/de\/wp-json\/wp\/v2\/types\/product"}],"wp:featuredmedia":[{"embeddable":true,"href":"https:\/\/intercommerce.si\/de\/wp-json\/wp\/v2\/media\/1944"}],"wp:attachment":[{"href":"https:\/\/intercommerce.si\/de\/wp-json\/wp\/v2\/media?parent=7259"}],"wp:term":[{"taxonomy":"product_cat","embeddable":true,"href":"https:\/\/intercommerce.si\/de\/wp-json\/wp\/v2\/product_cat?post=7259"},{"taxonomy":"product_tag","embeddable":true,"href":"https:\/\/intercommerce.si\/de\/wp-json\/wp\/v2\/product_tag?post=7259"}],"curies":[{"name":"wp","href":"https:\/\/api.w.org\/{rel}","templated":true}]}}