{"id":7258,"date":"2024-06-18T15:06:00","date_gmt":"2024-06-18T13:06:00","guid":{"rendered":"https:\/\/intercommerce.si\/izdelek\/manuelles-umreifungsgeraet-fuer-metallband-ohne-klammern\/"},"modified":"2024-06-18T15:06:00","modified_gmt":"2024-06-18T13:06:00","slug":"manuelles-umreifungsgeraet-fuer-metallband-ohne-klammern","status":"publish","type":"product","link":"https:\/\/intercommerce.si\/de\/produkt\/manuelles-umreifungsgeraet-fuer-metallband-ohne-klammern\/","title":{"rendered":"Manuelles Umreifungsger\u00e4t f\u00fcr Metallband \u2013 ohne Klammern"},"content":{"rendered":"","protected":false},"excerpt":{"rendered":"Das Werkzeug ist zum Umreifen von schwereren, flachen Gegenst\u00e4nden oder Waren bestimmt, die auf Paletten gestapelt sind und f\u00fcr die keine zus\u00e4tzlichen Spanner ben\u00f6tigt werden. Durch die Umformung des Materials verbindet das Werkzeug beide Enden des Bandes. ","protected":false},"featured_media":1954,"template":"","meta":{"_acf_changed":false,"inline_featured_image":false},"product_cat":[1813,1823,1831,1832,1833],"product_tag":[],"class_list":{"0":"post-7258","1":"product","2":"type-product","3":"status-publish","4":"has-post-thumbnail","6":"product_cat-artikel","7":"product_cat-verpackungsmaterialien","8":"product_cat-umreifungsbander","9":"product_cat-werkzeuge-und-zubehor-fur-umreifungsbander","10":"product_cat-manuelles-umreifungsgerat","12":"first","13":"instock","14":"product-type-simple"},"acf":[],"gallery_images":[1955,1956],"_links":{"self":[{"href":"https:\/\/intercommerce.si\/de\/wp-json\/wp\/v2\/product\/7258","targetHints":{"allow":["GET"]}}],"collection":[{"href":"https:\/\/intercommerce.si\/de\/wp-json\/wp\/v2\/product"}],"about":[{"href":"https:\/\/intercommerce.si\/de\/wp-json\/wp\/v2\/types\/product"}],"wp:featuredmedia":[{"embeddable":true,"href":"https:\/\/intercommerce.si\/de\/wp-json\/wp\/v2\/media\/1954"}],"wp:attachment":[{"href":"https:\/\/intercommerce.si\/de\/wp-json\/wp\/v2\/media?parent=7258"}],"wp:term":[{"taxonomy":"product_cat","embeddable":true,"href":"https:\/\/intercommerce.si\/de\/wp-json\/wp\/v2\/product_cat?post=7258"},{"taxonomy":"product_tag","embeddable":true,"href":"https:\/\/intercommerce.si\/de\/wp-json\/wp\/v2\/product_tag?post=7258"}],"curies":[{"name":"wp","href":"https:\/\/api.w.org\/{rel}","templated":true}]}}