{"id":7256,"date":"2024-06-18T15:06:19","date_gmt":"2024-06-18T13:06:19","guid":{"rendered":"https:\/\/intercommerce.si\/izdelek\/klebemaschine-gem-52\/"},"modified":"2024-06-18T15:06:19","modified_gmt":"2024-06-18T13:06:19","slug":"klebemaschine-gem-52","status":"publish","type":"product","link":"https:\/\/intercommerce.si\/de\/produkt\/klebemaschine-gem-52\/","title":{"rendered":"Klebemaschine GEM 52"},"content":{"rendered":"<p>Die Verschlie\u00dfmaschine GEM B52 ist die perfekte Erg\u00e4nzung f\u00fcr Ihr Lager. Wenn Sie eine grundlegende Maschine zum Verschlie\u00dfen von Kartons suchen, die leicht ist, aber eine hohe Produktionskapazit\u00e4t bietet, ist dies Ihre beste Wahl. <\/p>\n<p>Schnell und einfach zu bedienen<br \/>\nDie Maschinen GEM B52 und B670 passen perfekt an das Ende Ihrer Produktionslinie und passen sich sofort Ihren Bed\u00fcrfnissen an. Eine Maschine, die keine spezielle Bedienung erfordert und von jedem in Ihrem Lager bedient werden kann. Dank des seitlichen Riemenantriebs und eines einzelnen Motors sind Ein- und Auslauf gut kontrolliert. Dies bedeutet auch, dass das Verschlie\u00dfen f\u00fcr einheitliche Formate amerikanischer Kartons perfekt ist. Die Maschine ist mit 4 R\u00e4dern mit Bremsen ausgestattet.   <\/p>\n","protected":false},"excerpt":{"rendered":"Die GEM-Serie basiert auf einem modularen Konstruktionskonzept f\u00fcr die Einheitlichkeit und Flexibilit\u00e4t von Ersatzteilen. Die GEM-Serie ist eine halbautomatische Verschlie\u00dfmaschine mit seitlichen Antriebsriemen. Anpassungen f\u00fcr verschiedene Formate erfolgen mittels Handr\u00e4dern. Zwei K\u00f6pfe bringen gleichzeitig das Band oben und unten am Karton an. Ideal zum Verschlie\u00dfen von hohen und schmalen Kartons sowie zum Verschlie\u00dfen von Kartons mit festem Format (mit konstanter H\u00f6he und Breite).    \n\nDie Bewegung der Kartons erfolgt durch zwei seitliche Antriebsriemen, die von einem einzigen Motor angetrieben werden.","protected":false},"featured_media":3257,"template":"","meta":{"_acf_changed":false,"inline_featured_image":false},"product_cat":[1813,1818,1829,1898],"product_tag":[],"class_list":{"0":"post-7256","1":"product","2":"type-product","3":"status-publish","4":"has-post-thumbnail","6":"product_cat-artikel","7":"product_cat-verpackungsmaschinen-und-gerate","8":"product_cat-maschinen","9":"product_cat-klebebandmaschinen-und-klebekopfe","11":"first","12":"instock","13":"product-type-simple"},"acf":[],"gallery_images":[],"_links":{"self":[{"href":"https:\/\/intercommerce.si\/de\/wp-json\/wp\/v2\/product\/7256","targetHints":{"allow":["GET"]}}],"collection":[{"href":"https:\/\/intercommerce.si\/de\/wp-json\/wp\/v2\/product"}],"about":[{"href":"https:\/\/intercommerce.si\/de\/wp-json\/wp\/v2\/types\/product"}],"wp:featuredmedia":[{"embeddable":true,"href":"https:\/\/intercommerce.si\/de\/wp-json\/wp\/v2\/media\/3257"}],"wp:attachment":[{"href":"https:\/\/intercommerce.si\/de\/wp-json\/wp\/v2\/media?parent=7256"}],"wp:term":[{"taxonomy":"product_cat","embeddable":true,"href":"https:\/\/intercommerce.si\/de\/wp-json\/wp\/v2\/product_cat?post=7256"},{"taxonomy":"product_tag","embeddable":true,"href":"https:\/\/intercommerce.si\/de\/wp-json\/wp\/v2\/product_tag?post=7256"}],"curies":[{"name":"wp","href":"https:\/\/api.w.org\/{rel}","templated":true}]}}