{"id":7254,"date":"2024-06-18T15:06:09","date_gmt":"2024-06-18T13:06:09","guid":{"rendered":"https:\/\/intercommerce.si\/izdelek\/jutesaecke\/"},"modified":"2024-06-18T15:06:09","modified_gmt":"2024-06-18T13:06:09","slug":"jutesaecke","status":"publish","type":"product","link":"https:\/\/intercommerce.si\/de\/produkt\/jutesaecke\/","title":{"rendered":"Jutes\u00e4cke"},"content":{"rendered":"<p><strong>Eigenschaften von Jutes\u00e4cken<\/strong><\/p>\n<ul>\n<li><strong>\u00d6kologisches Material<\/strong>: Jute ist ein nat\u00fcrliches, biologisch abbaubares Material, das eine nachhaltige Verpackung ohne negative Umweltauswirkungen erm\u00f6glicht.<\/li>\n<li><strong>Hohe Tragf\u00e4higkeit<\/strong>: Jutes\u00e4cke sind extrem strapazierf\u00e4hig und eignen sich zum Verpacken schwerer Materialien wie landwirtschaftliche Erzeugnisse, Mineralien oder Baumaterialien.<\/li>\n<li><strong>Atmungsaktivit\u00e4t<\/strong>: Das Material erm\u00f6glicht Atmungsaktivit\u00e4t, was hilft, Feuchtigkeit und Schimmel im Inneren des Sacks zu verhindern.<\/li>\n<li><strong>Effektiver Schutz<\/strong>: Bietet Schutz vor Staub, Schmutz, Besch\u00e4digungen und UV-Strahlen.<\/li>\n<li><strong>Anpassungsf\u00e4higkeit<\/strong>: Sie sind in verschiedenen Gr\u00f6\u00dfen und Formen erh\u00e4ltlich, passend f\u00fcr unterschiedliche Arten von Ladung und spezifische Benutzerbed\u00fcrfnisse.<\/li>\n<li><strong>Einfache Lagerung<\/strong>: Jutes\u00e4cke lassen sich bei Nichtgebrauch leicht zusammenfalten und lagern.<\/li>\n<li><strong>Wirtschaftlichkeit<\/strong>: Jutes\u00e4cke sind kosteng\u00fcnstig und bieten eine dauerhafte L\u00f6sung f\u00fcr Transport und Lagerung.<\/li>\n<li><strong>Breite Anwendung<\/strong>: Bietet ein breites Anwendungsspektrum in der Landwirtschaft, Lebensmittelindustrie, bei der Lagerung von Samen, Mais, Kaffee, Zucker und anderen Rohstoffen.<\/li>\n<li><strong>Haltbarkeit und Langlebigkeit<\/strong>: Aufgrund ihrer nat\u00fcrlichen Zusammensetzung sind Jutes\u00e4cke extrem widerstandsf\u00e4hig und f\u00fcr den langj\u00e4hrigen Gebrauch geeignet.<\/li>\n<\/ul>\n","protected":false},"excerpt":{"rendered":"Jutes\u00e4cke sind eine \u00f6kologische und strapazierf\u00e4hige L\u00f6sung f\u00fcr die Verpackung, den Transport und die Lagerung verschiedener Arten von Waren. Jute ist ein Naturmaterial, das extrem widerstandsf\u00e4hig und gleichzeitig umweltfreundlich ist, da es biologisch abbaubar und recycelbar ist. Diese S\u00e4cke werden h\u00e4ufig in der Landwirtschaft, der Lebensmittelindustrie sowie beim Transport und der Lagerung schwerer Materialien wie Getreide, Samen, Kartoffeln, Kaffee und anderer landwirtschaftlicher Erzeugnisse verwendet.   Jutes\u00e4cke sind bekannt f\u00fcr ihre hohe Tragf\u00e4higkeit und Strapazierf\u00e4higkeit und bieten gleichzeitig Schutz vor Besch\u00e4digungen, Staub und Feuchtigkeit.","protected":false},"featured_media":4950,"template":"","meta":{"_acf_changed":false,"inline_featured_image":false},"product_cat":[1813,1823,1885,1909,1836,1839],"product_tag":[],"class_list":{"0":"post-7254","1":"product","2":"type-product","3":"status-publish","4":"has-post-thumbnail","6":"product_cat-artikel","7":"product_cat-verpackungsmaterialien","8":"product_cat-sacke","9":"product_cat-jutesacke","10":"product_cat-nachhaltige-verpackung","11":"product_cat-beutel","13":"first","14":"instock","15":"product-type-simple"},"acf":[],"gallery_images":[4952],"_links":{"self":[{"href":"https:\/\/intercommerce.si\/de\/wp-json\/wp\/v2\/product\/7254","targetHints":{"allow":["GET"]}}],"collection":[{"href":"https:\/\/intercommerce.si\/de\/wp-json\/wp\/v2\/product"}],"about":[{"href":"https:\/\/intercommerce.si\/de\/wp-json\/wp\/v2\/types\/product"}],"wp:featuredmedia":[{"embeddable":true,"href":"https:\/\/intercommerce.si\/de\/wp-json\/wp\/v2\/media\/4950"}],"wp:attachment":[{"href":"https:\/\/intercommerce.si\/de\/wp-json\/wp\/v2\/media?parent=7254"}],"wp:term":[{"taxonomy":"product_cat","embeddable":true,"href":"https:\/\/intercommerce.si\/de\/wp-json\/wp\/v2\/product_cat?post=7254"},{"taxonomy":"product_tag","embeddable":true,"href":"https:\/\/intercommerce.si\/de\/wp-json\/wp\/v2\/product_tag?post=7254"}],"curies":[{"name":"wp","href":"https:\/\/api.w.org\/{rel}","templated":true}]}}