{"id":7252,"date":"2024-06-18T15:06:19","date_gmt":"2024-06-18T13:06:19","guid":{"rendered":"https:\/\/intercommerce.si\/izdelek\/inka-paletten\/"},"modified":"2024-06-18T15:06:19","modified_gmt":"2024-06-18T13:06:19","slug":"inka-paletten","status":"publish","type":"product","link":"https:\/\/intercommerce.si\/de\/produkt\/inka-paletten\/","title":{"rendered":"INKA-Paletten"},"content":{"rendered":"<p><strong>Eigenschaften von INKA-Paletten<\/strong><\/p>\n<ul>\n<li>Ihr Preis ist im Vergleich zu Standard-Holzpaletten niedriger.<\/li>\n<li> Sie sind w\u00e4rmebehandelt.<\/li>\n<li>Platzersparnis bei der Lagerung, da die Paletten ineinander gestapelt werden k\u00f6nnen.<\/li>\n<li>Sie sind biologisch abbaubar.<\/li>\n<\/ul>\n","protected":false},"excerpt":{"rendered":"INKA-Paletten sind Einwegpaletten. Sie bestehen aus gepressten Holzfasern, die im Herstellungsprozess der Paletten w\u00e4rmebehandelt werden. F\u00fcr INKA-Paletten ben\u00f6tigen wir daher keine zus\u00e4tzlichen Pflanzenschutzdokumente und Herstellerbescheinigungen.  ","protected":false},"featured_media":6579,"template":"","meta":{"_acf_changed":false,"inline_featured_image":false},"product_cat":[1813,1823,1903,1904,1836,1905],"product_tag":[],"class_list":{"0":"post-7252","1":"product","2":"type-product","3":"status-publish","4":"has-post-thumbnail","6":"product_cat-artikel","7":"product_cat-verpackungsmaterialien","8":"product_cat-paletten-und-rahmen","9":"product_cat-holzpaletten-und-rahmen","10":"product_cat-nachhaltige-verpackung","11":"product_cat-holzpaletten","13":"first","14":"instock","15":"product-type-simple"},"acf":[],"gallery_images":[5044],"_links":{"self":[{"href":"https:\/\/intercommerce.si\/de\/wp-json\/wp\/v2\/product\/7252","targetHints":{"allow":["GET"]}}],"collection":[{"href":"https:\/\/intercommerce.si\/de\/wp-json\/wp\/v2\/product"}],"about":[{"href":"https:\/\/intercommerce.si\/de\/wp-json\/wp\/v2\/types\/product"}],"wp:featuredmedia":[{"embeddable":true,"href":"https:\/\/intercommerce.si\/de\/wp-json\/wp\/v2\/media\/6579"}],"wp:attachment":[{"href":"https:\/\/intercommerce.si\/de\/wp-json\/wp\/v2\/media?parent=7252"}],"wp:term":[{"taxonomy":"product_cat","embeddable":true,"href":"https:\/\/intercommerce.si\/de\/wp-json\/wp\/v2\/product_cat?post=7252"},{"taxonomy":"product_tag","embeddable":true,"href":"https:\/\/intercommerce.si\/de\/wp-json\/wp\/v2\/product_tag?post=7252"}],"curies":[{"name":"wp","href":"https:\/\/api.w.org\/{rel}","templated":true}]}}