{"id":7250,"date":"2024-06-18T15:06:19","date_gmt":"2024-06-18T13:06:19","guid":{"rendered":"https:\/\/intercommerce.si\/izdelek\/kunststoffpaletten\/"},"modified":"2024-06-18T15:06:19","modified_gmt":"2024-06-18T13:06:19","slug":"kunststoffpaletten","status":"publish","type":"product","link":"https:\/\/intercommerce.si\/de\/produkt\/kunststoffpaletten\/","title":{"rendered":"Kunststoffpaletten"},"content":{"rendered":"<p><strong>Eigenschaften von Kunststoffpaletten<\/strong><\/p>\n<ul>\n<li>Verschiedene Abmessungen.<\/li>\n<li>Breite Anwendbarkeit, unabh\u00e4ngig von der Unternehmensbranche.<\/li>\n<li>Einfache Hygiene-Pflege.<\/li>\n<li>100-prozentige Recyclingf\u00e4higkeit.<\/li>\n<\/ul>\n","protected":false},"excerpt":{"rendered":"Kunststoffpaletten sind ein hervorragender Ersatz f\u00fcr Holzpaletten. Im Vergleich zu Holzpaletten hinterlassen sie keinen Schmutz und sind widerstandsf\u00e4higer gegen Besch\u00e4digungen. Sie sind f\u00fcr den Mehrweggebrauch geeignet. Sie werden in Unternehmen f\u00fcr den internen Transport, in der Pharmaindustrie, in der Automobilindustrie, in der Lebensmittelindustrie usw. eingesetzt. Das Hauptmerkmal von Kunststoffpaletten ist, dass sie gereinigt und desinfiziert werden k\u00f6nnen.   \n\n<strong>Wir unterscheiden verschiedene Typen von Kunststoffpaletten:<\/strong>\n<ul>\n \t<li>leichte Paletten<\/li>\n \t<li>Traglastpaletten<\/li>\n \t<li>Paletten mit geschlossenem Boden<\/li>\n \t<li>Hygienepaletten.<\/li>\n<\/ul>","protected":false},"featured_media":2174,"template":"","meta":{"_acf_changed":false,"inline_featured_image":false},"product_cat":[1813,1823,1903,1907],"product_tag":[],"class_list":{"0":"post-7250","1":"product","2":"type-product","3":"status-publish","4":"has-post-thumbnail","6":"product_cat-artikel","7":"product_cat-verpackungsmaterialien","8":"product_cat-paletten-und-rahmen","9":"product_cat-kunststoffpaletten","11":"first","12":"instock","13":"product-type-simple"},"acf":[],"gallery_images":[2175],"_links":{"self":[{"href":"https:\/\/intercommerce.si\/de\/wp-json\/wp\/v2\/product\/7250","targetHints":{"allow":["GET"]}}],"collection":[{"href":"https:\/\/intercommerce.si\/de\/wp-json\/wp\/v2\/product"}],"about":[{"href":"https:\/\/intercommerce.si\/de\/wp-json\/wp\/v2\/types\/product"}],"wp:featuredmedia":[{"embeddable":true,"href":"https:\/\/intercommerce.si\/de\/wp-json\/wp\/v2\/media\/2174"}],"wp:attachment":[{"href":"https:\/\/intercommerce.si\/de\/wp-json\/wp\/v2\/media?parent=7250"}],"wp:term":[{"taxonomy":"product_cat","embeddable":true,"href":"https:\/\/intercommerce.si\/de\/wp-json\/wp\/v2\/product_cat?post=7250"},{"taxonomy":"product_tag","embeddable":true,"href":"https:\/\/intercommerce.si\/de\/wp-json\/wp\/v2\/product_tag?post=7250"}],"curies":[{"name":"wp","href":"https:\/\/api.w.org\/{rel}","templated":true}]}}