{"id":7248,"date":"2024-06-18T15:06:19","date_gmt":"2024-06-18T13:06:19","guid":{"rendered":"https:\/\/intercommerce.si\/izdelek\/abdeckfolie\/"},"modified":"2024-06-18T15:06:19","modified_gmt":"2024-06-18T13:06:19","slug":"abdeckfolie","status":"publish","type":"product","link":"https:\/\/intercommerce.si\/de\/produkt\/abdeckfolie\/","title":{"rendered":"Abdeckfolie"},"content":{"rendered":"<p><strong>Eigenschaften von LDPE-Folien<\/strong><\/p>\n<ul>\n<li>Sie werden zum Abdecken von Paletten oder zum Abdecken gro\u00dfer Teile bzw. Elemente verwendet. <\/li>\n<li>Sie bieten Schutz vor Staub, Regen und anderen Faktoren.<\/li>\n<li>Mit einem UV-Zusatz bieten sie Schutz vor Sonnenstrahlen.<\/li>\n<li>Lieferbar in verschiedenen Farben und St\u00e4rken mit der M\u00f6glichkeit des Zusatzes von Antistatik und Gleitf\u00e4higkeit.<\/li>\n<\/ul>\n","protected":false},"excerpt":{"rendered":"Sie wird zum Schutz von Feldfr\u00fcchten, Silage und Ballen vor Witterungseinfl\u00fcssen, UV-Strahlen und Schmutz verwendet. Sie ist in verschiedenen St\u00e4rken, Farben und Abmessungen erh\u00e4ltlich. Sie ist auf die unterschiedlichen Bed\u00fcrfnisse der Landwirtschaft zugeschnitten.  ","protected":false},"featured_media":5398,"template":"","meta":{"_acf_changed":false,"inline_featured_image":false},"product_cat":[1813,1823,1892],"product_tag":[],"class_list":{"0":"post-7248","1":"product","2":"type-product","3":"status-publish","4":"has-post-thumbnail","6":"product_cat-artikel","7":"product_cat-verpackungsmaterialien","8":"product_cat-agrarprogramm","10":"first","11":"instock","12":"product-type-simple"},"acf":[],"gallery_images":[],"_links":{"self":[{"href":"https:\/\/intercommerce.si\/de\/wp-json\/wp\/v2\/product\/7248","targetHints":{"allow":["GET"]}}],"collection":[{"href":"https:\/\/intercommerce.si\/de\/wp-json\/wp\/v2\/product"}],"about":[{"href":"https:\/\/intercommerce.si\/de\/wp-json\/wp\/v2\/types\/product"}],"wp:featuredmedia":[{"embeddable":true,"href":"https:\/\/intercommerce.si\/de\/wp-json\/wp\/v2\/media\/5398"}],"wp:attachment":[{"href":"https:\/\/intercommerce.si\/de\/wp-json\/wp\/v2\/media?parent=7248"}],"wp:term":[{"taxonomy":"product_cat","embeddable":true,"href":"https:\/\/intercommerce.si\/de\/wp-json\/wp\/v2\/product_cat?post=7248"},{"taxonomy":"product_tag","embeddable":true,"href":"https:\/\/intercommerce.si\/de\/wp-json\/wp\/v2\/product_tag?post=7248"}],"curies":[{"name":"wp","href":"https:\/\/api.w.org\/{rel}","templated":true}]}}