{"id":7247,"date":"2024-06-18T15:06:19","date_gmt":"2024-06-18T13:06:19","guid":{"rendered":"https:\/\/intercommerce.si\/izdelek\/holzpaletten\/"},"modified":"2024-06-18T15:06:19","modified_gmt":"2024-06-18T13:06:19","slug":"holzpaletten","status":"publish","type":"product","link":"https:\/\/intercommerce.si\/de\/produkt\/holzpaletten\/","title":{"rendered":"Holzpaletten"},"content":{"rendered":"<p><strong>Eigenschaften von Holzpaletten<\/strong><\/p>\n<ul>\n<li>erm\u00f6glichen einen sicheren Transport und eine sichere Handhabung,<\/li>\n<li>werden \u00fcblicherweise aus Nadelholz hergestellt,<\/li>\n<li>es gibt verschiedene Palettentypen (EURO-Paletten, Einwegpaletten, Paletten nach Kundenwunsch).<\/li>\n<\/ul>\n","protected":false},"excerpt":{"rendered":"Holzpaletten sind eines der am h\u00e4ufigsten verwendeten Hilfsmittel, die einen sicheren Transport und die Handhabung verschiedenster Produkte erm\u00f6glichen. \u00dcblicherweise werden sie aus Nadelholz hergestellt. Abmessungen, Form und Zusammensetzung der Paletten sind an Art, Gewicht und Form der Ware angepasst.\nWir bieten verschiedene Palettentypen an:\n\u2022 EUR\/EPAL-Paletten (neu I. und II. Klasse, gebraucht)\n\u2022 EUR\/EPAL HT-Paletten \u2013 thermisch behandelt (neu, gebraucht)\n\u2022 Einwegpaletten\n\u2022 Paletten nach Kundenwunsch.  ","protected":false},"featured_media":5036,"template":"","meta":{"_acf_changed":false,"inline_featured_image":false},"product_cat":[1813,1823,1903,1904,1836,1905],"product_tag":[],"class_list":{"0":"post-7247","1":"product","2":"type-product","3":"status-publish","4":"has-post-thumbnail","6":"product_cat-artikel","7":"product_cat-verpackungsmaterialien","8":"product_cat-paletten-und-rahmen","9":"product_cat-holzpaletten-und-rahmen","10":"product_cat-nachhaltige-verpackung","11":"product_cat-holzpaletten","13":"first","14":"instock","15":"product-type-simple"},"acf":[],"gallery_images":[],"_links":{"self":[{"href":"https:\/\/intercommerce.si\/de\/wp-json\/wp\/v2\/product\/7247","targetHints":{"allow":["GET"]}}],"collection":[{"href":"https:\/\/intercommerce.si\/de\/wp-json\/wp\/v2\/product"}],"about":[{"href":"https:\/\/intercommerce.si\/de\/wp-json\/wp\/v2\/types\/product"}],"wp:featuredmedia":[{"embeddable":true,"href":"https:\/\/intercommerce.si\/de\/wp-json\/wp\/v2\/media\/5036"}],"wp:attachment":[{"href":"https:\/\/intercommerce.si\/de\/wp-json\/wp\/v2\/media?parent=7247"}],"wp:term":[{"taxonomy":"product_cat","embeddable":true,"href":"https:\/\/intercommerce.si\/de\/wp-json\/wp\/v2\/product_cat?post=7247"},{"taxonomy":"product_tag","embeddable":true,"href":"https:\/\/intercommerce.si\/de\/wp-json\/wp\/v2\/product_tag?post=7247"}],"curies":[{"name":"wp","href":"https:\/\/api.w.org\/{rel}","templated":true}]}}