{"id":7246,"date":"2024-06-18T15:06:19","date_gmt":"2024-06-18T13:06:19","guid":{"rendered":"https:\/\/intercommerce.si\/izdelek\/holzaufsatzrahmen-und-deckel\/"},"modified":"2024-06-18T15:06:19","modified_gmt":"2024-06-18T13:06:19","slug":"holzaufsatzrahmen-und-deckel","status":"publish","type":"product","link":"https:\/\/intercommerce.si\/de\/produkt\/holzaufsatzrahmen-und-deckel\/","title":{"rendered":"Holzaufsatzrahmen und Deckel"},"content":{"rendered":"<p><strong>Eigenschaften von Aufsatzrahmen und Deckeln<\/strong><\/p>\n<ul>\n<li>Sie werden zum Zusammenbau von Palettenboxen aus Holz beliebiger H\u00f6he verwendet.<\/li>\n<li>Sie sind diagonal zusammenklappbar, sodass sie im nicht zusammengebauten Zustand weniger Platz beanspruchen.<\/li>\n<li>Die Gelenkverbindungen sind zus\u00e4tzlich mit vernieteten, verzinkten Scharnieren gesch\u00fctzt.<\/li>\n<li>Gute Passform des Rahmens auf dem Rahmen.<\/li>\n<li>M\u00f6glichkeit der Mehrfachverwendung.<\/li>\n<li>Sie sind thermisch nach dem Standard ISPM 15 behandelt.<\/li>\n<li>Mit einem Deckel kann die zusammengebaute Kiste zus\u00e4tzlich verschlossen werden.<\/li>\n<\/ul>\n","protected":false},"excerpt":{"rendered":"Holzaufsatzrahmen werden zum Zusammenbau von Palettenboxen aus Holz verwendet. Die Basis ist eine Palette, auf die wir die Holzaufsatzrahmen aufeinander stecken. Wie viele wir verwenden, h\u00e4ngt davon ab, wie hoch die Kiste sein soll. Eine so zusammengebaute Holzkiste eignet sich zur Lagerung und zum Transport verschiedener Materialien.   \n\nPalettenboxen aus Holz sind f\u00fcr die Mehrfachverwendung beim Transport oder der Lagerung bestimmt. Der obere Teil kann mit einem Holzdeckel verschlossen werden, der einen besseren Schutz des Inhalts erm\u00f6glicht. Als L\u00f6sung zum Stapeln von Palettenboxen in der H\u00f6he verwenden wir einen Aufsatz, der das Stapeln mehrerer Palettenboxen \u00fcbereinander erm\u00f6glicht.  ","protected":false},"featured_media":2168,"template":"","meta":{"_acf_changed":false,"inline_featured_image":false},"product_cat":[1813,1823,1903,1904],"product_tag":[],"class_list":{"0":"post-7246","1":"product","2":"type-product","3":"status-publish","4":"has-post-thumbnail","6":"product_cat-artikel","7":"product_cat-verpackungsmaterialien","8":"product_cat-paletten-und-rahmen","9":"product_cat-holzpaletten-und-rahmen","11":"first","12":"instock","13":"product-type-simple"},"acf":[],"gallery_images":[2169],"_links":{"self":[{"href":"https:\/\/intercommerce.si\/de\/wp-json\/wp\/v2\/product\/7246","targetHints":{"allow":["GET"]}}],"collection":[{"href":"https:\/\/intercommerce.si\/de\/wp-json\/wp\/v2\/product"}],"about":[{"href":"https:\/\/intercommerce.si\/de\/wp-json\/wp\/v2\/types\/product"}],"wp:featuredmedia":[{"embeddable":true,"href":"https:\/\/intercommerce.si\/de\/wp-json\/wp\/v2\/media\/2168"}],"wp:attachment":[{"href":"https:\/\/intercommerce.si\/de\/wp-json\/wp\/v2\/media?parent=7246"}],"wp:term":[{"taxonomy":"product_cat","embeddable":true,"href":"https:\/\/intercommerce.si\/de\/wp-json\/wp\/v2\/product_cat?post=7246"},{"taxonomy":"product_tag","embeddable":true,"href":"https:\/\/intercommerce.si\/de\/wp-json\/wp\/v2\/product_tag?post=7246"}],"curies":[{"name":"wp","href":"https:\/\/api.w.org\/{rel}","templated":true}]}}