{"id":7245,"date":"2024-06-18T15:06:19","date_gmt":"2024-06-18T13:06:19","guid":{"rendered":"https:\/\/intercommerce.si\/izdelek\/stretchwickler-eva\/"},"modified":"2024-06-18T15:06:19","modified_gmt":"2024-06-18T13:06:19","slug":"stretchwickler-eva","status":"publish","type":"product","link":"https:\/\/intercommerce.si\/de\/produkt\/stretchwickler-eva\/","title":{"rendered":"Stretchwickler EVA"},"content":{"rendered":"<p><strong>Technische Daten der Maschine:<\/strong><\/p>\n<ul>\n<li>Drehtellerdurchmesser: 1.500 mm (Option: 1.650 mm)<\/li>\n<li>Wickelh\u00f6he: 2200 mm<\/li>\n<li>Maximales Ladungsgewicht: 1.500 kg<\/li>\n<li>Folienabrollsystem: mechanische Bremse \u201eFM\u201c<\/li>\n<li>Automatische H\u00f6henerkennung mit Fotozelle (Option: Fotozelle f\u00fcr schwarze Objekte)<\/li>\n<li>Sanfter Start\/Stopp des Zyklus<\/li>\n<li>Bedienfeld: digitales Touchscreen<\/li>\n<li>Anzahl der Programme: 1<\/li>\n<li>Verschiedene Wickelzyklen<\/li>\n<li>Grundlegende Einstellm\u00f6glichkeiten der Wicklung<\/li>\n<li>Drehtellergeschwindigkeit: 5-12 U\/min. (je nach Einstellung)<\/li>\n<li>Hub-\/Senkgeschwindigkeit des Wickelkopfs: 1,3 \u2013 5,4 m\/min. (je nach Einstellung) <\/li>\n<li>Versorgungsspannung 230V \/ 50Hz<\/li>\n<li>Schutzart des Systems und der Elektromotoren IP 54<\/li>\n<li>Maschine mit CE-Zertifikat<\/li>\n<\/ul>\n","protected":false},"excerpt":{"rendered":"Der Wickler ist mit einem Basisprogramm ausgestattet und bietet begrenzte Einstellm\u00f6glichkeiten f\u00fcr das Palettenwickeln. Er verf\u00fcgt \u00fcber ein mechanisches Bremssystem zur Folienzuf\u00fchrung.\nEin einfacher Wickler mit Drehteller, geeignet f\u00fcr das Wickeln einer geringen Anzahl von Paletten pro Tag (&lt;15 Paletten). ","protected":false},"featured_media":6376,"template":"","meta":{"_acf_changed":false,"inline_featured_image":false},"product_cat":[1813,1818,1829,1844],"product_tag":[],"class_list":{"0":"post-7245","1":"product","2":"type-product","3":"status-publish","4":"has-post-thumbnail","6":"product_cat-artikel","7":"product_cat-verpackungsmaschinen-und-gerate","8":"product_cat-maschinen","9":"product_cat-wickelmaschinen","11":"first","12":"instock","13":"product-type-simple"},"acf":[],"gallery_images":[6440,6437,6403],"_links":{"self":[{"href":"https:\/\/intercommerce.si\/de\/wp-json\/wp\/v2\/product\/7245","targetHints":{"allow":["GET"]}}],"collection":[{"href":"https:\/\/intercommerce.si\/de\/wp-json\/wp\/v2\/product"}],"about":[{"href":"https:\/\/intercommerce.si\/de\/wp-json\/wp\/v2\/types\/product"}],"wp:featuredmedia":[{"embeddable":true,"href":"https:\/\/intercommerce.si\/de\/wp-json\/wp\/v2\/media\/6376"}],"wp:attachment":[{"href":"https:\/\/intercommerce.si\/de\/wp-json\/wp\/v2\/media?parent=7245"}],"wp:term":[{"taxonomy":"product_cat","embeddable":true,"href":"https:\/\/intercommerce.si\/de\/wp-json\/wp\/v2\/product_cat?post=7245"},{"taxonomy":"product_tag","embeddable":true,"href":"https:\/\/intercommerce.si\/de\/wp-json\/wp\/v2\/product_tag?post=7245"}],"curies":[{"name":"wp","href":"https:\/\/api.w.org\/{rel}","templated":true}]}}