{"id":7244,"date":"2024-06-18T15:06:19","date_gmt":"2024-06-18T13:06:19","guid":{"rendered":"https:\/\/intercommerce.si\/izdelek\/stretchwickler-synthesi\/"},"modified":"2024-06-18T15:06:19","modified_gmt":"2024-06-18T13:06:19","slug":"stretchwickler-synthesi","status":"publish","type":"product","link":"https:\/\/intercommerce.si\/de\/produkt\/stretchwickler-synthesi\/","title":{"rendered":"Stretchwickler Synthesi"},"content":{"rendered":"<h2>Stretchwickler Synthesi<\/h2>\n<h3>Technische Daten:<\/h3>\n<ul>\n<li>Durchmesser Drehteller: 1.500 mm (Option: 1.650 mm, 1.800 mm, 2.200 mm, 2.400 mm)<\/li>\n<li>Wickelh\u00f6he: 2.450 mm (Option: bis zu 3.500 mm)<\/li>\n<li>M\u00f6glichkeit der Auswahl eines Abwickelsystems:\n<ul>\n<li>\u00bbFM\u00ab \u2013 manuelle Bremse,<\/li>\n<li>\u00bbFE\u00ab \u2013 elektromagnetische Bremse,<\/li>\n<li>\u201eOPRS\u201c \u2013 motorisierte Vorreckung mit einem Motor (200 %),<\/li>\n<li>\u00bbPRS\u00ab \u2013 motorisierter Pre-Stretch mit einem Motor (Pre-Stretch 150, 200 oder 250 %)<\/li>\n<li>\u00bbPS\u00ab \u2013 motorisierter, einstellbarer Pre-Stretch mit zwei Motoren (Pre-Stretch von 120 bis 400 %)<\/li>\n<\/ul>\n<\/li>\n<li>Anzahl der Programme: 6<\/li>\n<li>Maximales Ladungsgewicht: 2.000 kg (Optionen: 3.000 kg, TP- und LP-Version 1.200 kg)<\/li>\n<li>Verschiedene Wickelzyklen (hoch\/runter, hoch, manuell)<\/li>\n<li>Einstellbare Vorreckung und Spannung in verschiedenen Wickelschritten<\/li>\n<li>Bedienfeld: digital<\/li>\n<li>Automatische H\u00f6henerkennung mit Fotozelle (Option: Fotozelle f\u00fcr schwarze Objekte)<\/li>\n<li>Zus\u00e4tzliche Optionen (nach Absprache):\n<ul>\n<li>\u201eTP\u201c-Drehteller (Platte mit Aussparung f\u00fcr Handhubwagen)<\/li>\n<li>Niederhalter<\/li>\n<li>\u201eLP\u201c-Ausf\u00fchrung \u2013 niedrigere Ausf\u00fchrung f\u00fcr einfachere Zufahrt<\/li>\n<li>Waage<\/li>\n<li>WLAN-Verbindung<\/li>\n<\/ul>\n<\/li>\n<li>Maschine mit CE-Zertifikat<\/li>\n<\/ul>\n","protected":false},"excerpt":{"rendered":"Der Stretchwickler SYNTHESI ist bei den Anwendern am weitesten verbreitet, da Sie f\u00fcr einen erschwinglichen Preis ein Pre-Stretch-System erhalten. Es ist eine wirtschaftliche und einfache Maschine zum Wickeln mit Stretchfolie. Bereits das Basismodell bietet viele Einstellungsm\u00f6glichkeiten. Es kann mit verschiedenen Optionen des Wickelsystems ausgestattet werden, die auch nachtr\u00e4glich aufger\u00fcstet werden k\u00f6nnen. Pro Tag wird eine begrenzte Anzahl von Paletten gewickelt, aber mit dem Modell SYNTHESI k\u00f6nnen wir dennoch niedrigere Verpackungskosten erzielen, weshalb diese Maschine Ihr bester Partner bei Verpackung und Logistik wird. Optional kann er mit einer Fernbedienung zum Starten des Zyklus aufger\u00fcstet werden.     ","protected":false},"featured_media":6452,"template":"","meta":{"_acf_changed":false,"inline_featured_image":false},"product_cat":[1813,1818,1829,1844],"product_tag":[],"class_list":{"0":"post-7244","1":"product","2":"type-product","3":"status-publish","4":"has-post-thumbnail","6":"product_cat-artikel","7":"product_cat-verpackungsmaschinen-und-gerate","8":"product_cat-maschinen","9":"product_cat-wickelmaschinen","11":"first","12":"instock","13":"product-type-simple"},"acf":[],"gallery_images":[6443,6446,6449,6434,6431],"_links":{"self":[{"href":"https:\/\/intercommerce.si\/de\/wp-json\/wp\/v2\/product\/7244","targetHints":{"allow":["GET"]}}],"collection":[{"href":"https:\/\/intercommerce.si\/de\/wp-json\/wp\/v2\/product"}],"about":[{"href":"https:\/\/intercommerce.si\/de\/wp-json\/wp\/v2\/types\/product"}],"wp:featuredmedia":[{"embeddable":true,"href":"https:\/\/intercommerce.si\/de\/wp-json\/wp\/v2\/media\/6452"}],"wp:attachment":[{"href":"https:\/\/intercommerce.si\/de\/wp-json\/wp\/v2\/media?parent=7244"}],"wp:term":[{"taxonomy":"product_cat","embeddable":true,"href":"https:\/\/intercommerce.si\/de\/wp-json\/wp\/v2\/product_cat?post=7244"},{"taxonomy":"product_tag","embeddable":true,"href":"https:\/\/intercommerce.si\/de\/wp-json\/wp\/v2\/product_tag?post=7244"}],"curies":[{"name":"wp","href":"https:\/\/api.w.org\/{rel}","templated":true}]}}