{"id":7243,"date":"2025-09-05T14:54:12","date_gmt":"2025-09-05T12:54:12","guid":{"rendered":"https:\/\/intercommerce.si\/izdelek\/pistole-zum-aufblasen-von-luftsaecken\/"},"modified":"2025-09-05T14:54:12","modified_gmt":"2025-09-05T12:54:12","slug":"pistole-zum-aufblasen-von-luftsaecken","status":"publish","type":"product","link":"https:\/\/intercommerce.si\/de\/produkt\/pistole-zum-aufblasen-von-luftsaecken\/","title":{"rendered":"Pistole zum Aufblasen von Lufts\u00e4cken"},"content":{"rendered":"","protected":false},"excerpt":{"rendered":"Mit speziellen Luftpistolen k\u00f6nnen Lufts\u00e4cke (Staus\u00e4cke) zur Stabilisierung und zum Schutz der Ladung in weniger als einer Minute gef\u00fcllt werden. Es gibt Optionen mit Druckluft oder mit Akku. Letztere sind praktischer, mit ihnen lassen sich die S\u00e4cke leichter bef\u00fcllen, wenn der Zugang mit Druckluftpistolen erschwert ist.  ","protected":false},"featured_media":6714,"template":"","meta":{"_acf_changed":false,"inline_featured_image":false},"product_cat":[1813,1823,1824,1890],"product_tag":[],"class_list":{"0":"post-7243","1":"product","2":"type-product","3":"status-publish","4":"has-post-thumbnail","6":"product_cat-artikel","7":"product_cat-verpackungsmaterialien","8":"product_cat-schutz-von-produkten-und-fullmaterial","9":"product_cat-schutz-und-stabilisierung-der-ladung-beim-transport","11":"first","12":"instock","13":"taxable","14":"shipping-taxable","15":"product-type-simple"},"acf":[],"gallery_images":[6709,6715],"_links":{"self":[{"href":"https:\/\/intercommerce.si\/de\/wp-json\/wp\/v2\/product\/7243","targetHints":{"allow":["GET"]}}],"collection":[{"href":"https:\/\/intercommerce.si\/de\/wp-json\/wp\/v2\/product"}],"about":[{"href":"https:\/\/intercommerce.si\/de\/wp-json\/wp\/v2\/types\/product"}],"wp:featuredmedia":[{"embeddable":true,"href":"https:\/\/intercommerce.si\/de\/wp-json\/wp\/v2\/media\/6714"}],"wp:attachment":[{"href":"https:\/\/intercommerce.si\/de\/wp-json\/wp\/v2\/media?parent=7243"}],"wp:term":[{"taxonomy":"product_cat","embeddable":true,"href":"https:\/\/intercommerce.si\/de\/wp-json\/wp\/v2\/product_cat?post=7243"},{"taxonomy":"product_tag","embeddable":true,"href":"https:\/\/intercommerce.si\/de\/wp-json\/wp\/v2\/product_tag?post=7243"}],"curies":[{"name":"wp","href":"https:\/\/api.w.org\/{rel}","templated":true}]}}