{"id":7242,"date":"2024-09-12T13:08:43","date_gmt":"2024-09-12T11:08:43","guid":{"rendered":"https:\/\/intercommerce.si\/izdelek\/aufblasbare-kissen\/"},"modified":"2024-09-12T13:08:43","modified_gmt":"2024-09-12T11:08:43","slug":"aufblasbare-kissen","status":"publish","type":"product","link":"https:\/\/intercommerce.si\/de\/produkt\/aufblasbare-kissen\/","title":{"rendered":"Aufblasbare Kissen"},"content":{"rendered":"<p><strong>Eigenschaften von aufblasbaren Kissen:<\/strong><\/p>\n<ul>\n<li><strong>Produktschutz<\/strong>: Verhindern wirksam Bewegungen und Besch\u00e4digungen w\u00e4hrend des Transports.<\/li>\n<li><strong>Material<\/strong>: Hergestellt aus recycelbarer Folie, was sie umweltfreundlich macht.<\/li>\n<li><strong>F\u00fcllung<\/strong>: Mit Luft gef\u00fcllt, was einen hervorragenden Schutz und Wirtschaftlichkeit gew\u00e4hrleistet.<\/li>\n<li><strong>Anpassungsf\u00e4higkeit<\/strong>: Die Abmessungen der Kissen k\u00f6nnen an die spezifischen Bed\u00fcrfnisse des Kunden angepasst werden.<\/li>\n<li><strong>Wirtschaftlichkeit<\/strong>: Kosteng\u00fcnstige L\u00f6sung zum F\u00fcllen von Verpackungen.<\/li>\n<\/ul>\n","protected":false},"excerpt":{"rendered":"Aufblasbare Kissen sorgen f\u00fcr einen Transport ohne Besch\u00e4digungen und verhindern Bewegungen im Karton. Sie sind mit Luft gef\u00fcllt, was einen hervorragenden Produktschutz erm\u00f6glicht. Aufblasbare Kissen werden aus recycelbarer Folie hergestellt und gelten als sehr wirtschaftliche F\u00fcllung.  \n\nDie Abmessungen k\u00f6nnen wir an die W\u00fcnsche des Kunden anpassen.","protected":false},"featured_media":3373,"template":"","meta":{"_acf_changed":false,"inline_featured_image":false},"product_cat":[1813,1824,1902],"product_tag":[],"class_list":{"0":"post-7242","1":"product","2":"type-product","3":"status-publish","4":"has-post-thumbnail","6":"product_cat-artikel","7":"product_cat-schutz-von-produkten-und-fullmaterial","8":"product_cat-system-zum-aufblasen-von-kissen","10":"first","11":"instock","12":"taxable","13":"shipping-taxable","14":"product-type-simple"},"acf":[],"gallery_images":[3372],"_links":{"self":[{"href":"https:\/\/intercommerce.si\/de\/wp-json\/wp\/v2\/product\/7242","targetHints":{"allow":["GET"]}}],"collection":[{"href":"https:\/\/intercommerce.si\/de\/wp-json\/wp\/v2\/product"}],"about":[{"href":"https:\/\/intercommerce.si\/de\/wp-json\/wp\/v2\/types\/product"}],"wp:featuredmedia":[{"embeddable":true,"href":"https:\/\/intercommerce.si\/de\/wp-json\/wp\/v2\/media\/3373"}],"wp:attachment":[{"href":"https:\/\/intercommerce.si\/de\/wp-json\/wp\/v2\/media?parent=7242"}],"wp:term":[{"taxonomy":"product_cat","embeddable":true,"href":"https:\/\/intercommerce.si\/de\/wp-json\/wp\/v2\/product_cat?post=7242"},{"taxonomy":"product_tag","embeddable":true,"href":"https:\/\/intercommerce.si\/de\/wp-json\/wp\/v2\/product_tag?post=7242"}],"curies":[{"name":"wp","href":"https:\/\/api.w.org\/{rel}","templated":true}]}}