{"id":7241,"date":"2024-09-12T11:30:24","date_gmt":"2024-09-12T09:30:24","guid":{"rendered":"https:\/\/intercommerce.si\/izdelek\/luftpolsterfolie-in-formaten\/"},"modified":"2024-09-12T11:30:24","modified_gmt":"2024-09-12T09:30:24","slug":"luftpolsterfolie-in-formaten","status":"publish","type":"product","link":"https:\/\/intercommerce.si\/de\/produkt\/luftpolsterfolie-in-formaten\/","title":{"rendered":"Luftpolsterfolie in Formaten"},"content":{"rendered":"<p><strong>Vorteile der Luftpolsterfolie:<\/strong><\/p>\n<ul>\n<li><strong>Ausgezeichneter Schutz:<\/strong> Die Luftpolster sorgen f\u00fcr Sto\u00dfd\u00e4mpfung, wodurch das Risiko von Besch\u00e4digungen reduziert wird.<\/li>\n<li><strong>Vielseitige Verwendung:<\/strong> Geeignet zum Schutz von zerbrechlichen Gegenst\u00e4nden, Elektronik, M\u00f6beln und anderen empfindlichen Produkten.<\/li>\n<li><strong>Anpassungsf\u00e4higkeit:<\/strong> In verschiedenen Formaten erh\u00e4ltlich, die an spezifische Bed\u00fcrfnisse angepasst werden k\u00f6nnen.<\/li>\n<li><strong>Geringes Gewicht:<\/strong> Erh\u00f6ht nicht das Gewicht der Verpackung, was f\u00fcr die Transportkosten wichtig ist.<\/li>\n<\/ul>\n<p>Luftpolsterfolie ist die ideale L\u00f6sung f\u00fcr diejenigen, die die Sicherheit ihrer Produkte beim Transport oder der Lagerung gew\u00e4hrleisten m\u00f6chten.<\/p>\n","protected":false},"excerpt":{"rendered":"Luftpolsterfolie sch\u00fctzt Produkte wirksam vor Besch\u00e4digungen, Kratzern und Verformungen. Dank der Luftpolster, die St\u00f6\u00dfe absorbieren, ist sie ideal f\u00fcr die Verpackung von zerbrechlichen Gegenst\u00e4nden, Elektronik, M\u00f6beln und anderen empfindlichen Produkten. Sie ist in verschiedenen Formaten erh\u00e4ltlich, die an Ihre Bed\u00fcrfnisse angepasst sind, f\u00fcr eine sichere Lagerung und einen sicheren Transport.  ","protected":false},"featured_media":5386,"template":"","meta":{"_acf_changed":false,"inline_featured_image":false},"product_cat":[1813,1814,1815,1901,1899],"product_tag":[],"class_list":{"0":"post-7241","1":"product","2":"type-product","3":"status-publish","4":"has-post-thumbnail","6":"product_cat-artikel","7":"product_cat-folien","8":"product_cat-luftpolsterfolien","9":"product_cat-luftpolsterfolie-in-formaten","10":"product_cat-schutz-mit-luftpolsterfolie-de","12":"first","13":"instock","14":"taxable","15":"shipping-taxable","16":"product-type-simple"},"acf":[],"gallery_images":[],"_links":{"self":[{"href":"https:\/\/intercommerce.si\/de\/wp-json\/wp\/v2\/product\/7241","targetHints":{"allow":["GET"]}}],"collection":[{"href":"https:\/\/intercommerce.si\/de\/wp-json\/wp\/v2\/product"}],"about":[{"href":"https:\/\/intercommerce.si\/de\/wp-json\/wp\/v2\/types\/product"}],"wp:featuredmedia":[{"embeddable":true,"href":"https:\/\/intercommerce.si\/de\/wp-json\/wp\/v2\/media\/5386"}],"wp:attachment":[{"href":"https:\/\/intercommerce.si\/de\/wp-json\/wp\/v2\/media?parent=7241"}],"wp:term":[{"taxonomy":"product_cat","embeddable":true,"href":"https:\/\/intercommerce.si\/de\/wp-json\/wp\/v2\/product_cat?post=7241"},{"taxonomy":"product_tag","embeddable":true,"href":"https:\/\/intercommerce.si\/de\/wp-json\/wp\/v2\/product_tag?post=7241"}],"curies":[{"name":"wp","href":"https:\/\/api.w.org\/{rel}","templated":true}]}}