{"id":7240,"date":"2024-06-18T15:06:24","date_gmt":"2024-06-18T13:06:24","guid":{"rendered":"https:\/\/intercommerce.si\/izdelek\/klebemaschine-gem-320\/"},"modified":"2024-06-18T15:06:24","modified_gmt":"2024-06-18T13:06:24","slug":"klebemaschine-gem-320","status":"publish","type":"product","link":"https:\/\/intercommerce.si\/de\/produkt\/klebemaschine-gem-320\/","title":{"rendered":"Klebemaschine GEM 320"},"content":{"rendered":"<p>Zwei K\u00f6pfe bringen gleichzeitig Klebeband oben und unten auf den Karton an. Ideal zum Verschlie\u00dfen hoher und schmaler Kartons. Die Maschinenk\u00f6rperstruktur besteht aus gebogenem, verschraubtem und lackiertem Stahlblech. Der Transport der Kartons erfolgt \u00fcber vier Antriebsb\u00e4nder, zwei untere und zwei obere, die von einem einzigen Motor angetrieben werden. Anpassungen f\u00fcr verschiedene Formate erfolgen mittels Handr\u00e4dern. Der Karton muss mit geschlossenen unteren Klappen auf die Arbeitsfl\u00e4che gestellt werden. Die Maschine ist mit 4 Rollen mit Bremsen ausgestattet.      <\/p>\n","protected":false},"excerpt":{"rendered":"Halbautomatische Verschlie\u00dfmaschine mit unteren Antriebsb\u00e4ndern, geeignet f\u00fcr schwere und stabile Kartons.","protected":false},"featured_media":2480,"template":"","meta":{"_acf_changed":false,"inline_featured_image":false},"product_cat":[1813,1818,1829,1898],"product_tag":[],"class_list":{"0":"post-7240","1":"product","2":"type-product","3":"status-publish","4":"has-post-thumbnail","6":"product_cat-artikel","7":"product_cat-verpackungsmaschinen-und-gerate","8":"product_cat-maschinen","9":"product_cat-klebebandmaschinen-und-klebekopfe","11":"first","12":"instock","13":"product-type-simple"},"acf":[],"gallery_images":[],"_links":{"self":[{"href":"https:\/\/intercommerce.si\/de\/wp-json\/wp\/v2\/product\/7240","targetHints":{"allow":["GET"]}}],"collection":[{"href":"https:\/\/intercommerce.si\/de\/wp-json\/wp\/v2\/product"}],"about":[{"href":"https:\/\/intercommerce.si\/de\/wp-json\/wp\/v2\/types\/product"}],"wp:featuredmedia":[{"embeddable":true,"href":"https:\/\/intercommerce.si\/de\/wp-json\/wp\/v2\/media\/2480"}],"wp:attachment":[{"href":"https:\/\/intercommerce.si\/de\/wp-json\/wp\/v2\/media?parent=7240"}],"wp:term":[{"taxonomy":"product_cat","embeddable":true,"href":"https:\/\/intercommerce.si\/de\/wp-json\/wp\/v2\/product_cat?post=7240"},{"taxonomy":"product_tag","embeddable":true,"href":"https:\/\/intercommerce.si\/de\/wp-json\/wp\/v2\/product_tag?post=7240"}],"curies":[{"name":"wp","href":"https:\/\/api.w.org\/{rel}","templated":true}]}}