{"id":7236,"date":"2024-06-18T15:06:24","date_gmt":"2024-06-18T13:06:24","guid":{"rendered":"https:\/\/intercommerce.si\/izdelek\/klebebandmaschine-gem-350-und-360\/"},"modified":"2024-06-18T15:06:24","modified_gmt":"2024-06-18T13:06:24","slug":"klebebandmaschine-gem-350-und-360","status":"publish","type":"product","link":"https:\/\/intercommerce.si\/de\/produkt\/klebebandmaschine-gem-350-und-360\/","title":{"rendered":"Klebebandmaschine GEM 350 und 360"},"content":{"rendered":"<p>Zwei K\u00f6pfe tragen gleichzeitig Klebeband oben und unten auf den Karton auf. Ideal zum Verschlie\u00dfen von hohen und schmalen Kartons. Die Struktur des Maschinenk\u00f6rpers besteht aus gebogenem, verschraubtem und lackiertem Stahlblech. Der Transport der Kartons erfolgt \u00fcber vier Antriebsb\u00e4nder, zwei untere und zwei obere, die von einem einzigen Motor angetrieben werden. Die Anpassung an verschiedene Formate erfolgt \u00fcber Handr\u00e4der. Der Karton muss mit geschlossenen unteren Klappen auf die Arbeitsfl\u00e4che gestellt werden. Die Maschine ist mit 4 R\u00e4dern mit Bremsen ausgestattet.      <\/p>\n","protected":false},"excerpt":{"rendered":"Halbautomatische Verschlussmaschine, geeignet f\u00fcr schwere und stabile Kartons. Das Besondere an den Maschinen GEM 320, 350 und 360 ist das andere Antriebssystem im Vergleich zu anderen Maschinen. Oben und unten befinden sich vier B\u00e4nder parallel zur Arbeitsfl\u00e4che.  ","protected":false},"featured_media":3246,"template":"","meta":{"_acf_changed":false,"inline_featured_image":false},"product_cat":[1813,1818,1829,1898],"product_tag":[],"class_list":{"0":"post-7236","1":"product","2":"type-product","3":"status-publish","4":"has-post-thumbnail","6":"product_cat-artikel","7":"product_cat-verpackungsmaschinen-und-gerate","8":"product_cat-maschinen","9":"product_cat-klebebandmaschinen-und-klebekopfe","11":"first","12":"instock","13":"product-type-simple"},"acf":[],"gallery_images":[],"_links":{"self":[{"href":"https:\/\/intercommerce.si\/de\/wp-json\/wp\/v2\/product\/7236","targetHints":{"allow":["GET"]}}],"collection":[{"href":"https:\/\/intercommerce.si\/de\/wp-json\/wp\/v2\/product"}],"about":[{"href":"https:\/\/intercommerce.si\/de\/wp-json\/wp\/v2\/types\/product"}],"wp:featuredmedia":[{"embeddable":true,"href":"https:\/\/intercommerce.si\/de\/wp-json\/wp\/v2\/media\/3246"}],"wp:attachment":[{"href":"https:\/\/intercommerce.si\/de\/wp-json\/wp\/v2\/media?parent=7236"}],"wp:term":[{"taxonomy":"product_cat","embeddable":true,"href":"https:\/\/intercommerce.si\/de\/wp-json\/wp\/v2\/product_cat?post=7236"},{"taxonomy":"product_tag","embeddable":true,"href":"https:\/\/intercommerce.si\/de\/wp-json\/wp\/v2\/product_tag?post=7236"}],"curies":[{"name":"wp","href":"https:\/\/api.w.org\/{rel}","templated":true}]}}