{"id":7235,"date":"2024-09-12T14:39:03","date_gmt":"2024-09-12T12:39:03","guid":{"rendered":"https:\/\/intercommerce.si\/izdelek\/halterungen-fuer-epe-und-luftpolsterfolien\/"},"modified":"2024-09-12T14:39:03","modified_gmt":"2024-09-12T12:39:03","slug":"halterungen-fuer-epe-und-luftpolsterfolien","status":"publish","type":"product","link":"https:\/\/intercommerce.si\/de\/produkt\/halterungen-fuer-epe-und-luftpolsterfolien\/","title":{"rendered":"Halterungen f\u00fcr EPE- und Luftpolsterfolien"},"content":{"rendered":"<div class=\"flex-shrink-0 flex flex-col relative items-end\">\n<div class=\"pt-0\">\n<div class=\"gizmo-bot-avatar flex h-8 w-8 items-center justify-center overflow-hidden rounded-full\">\n<div class=\"relative p-1 rounded-sm flex items-center justify-center bg-token-main-surface-primary text-token-text-primary h-8 w-8\">\n<p><strong>Eigenschaften von Halterungen f\u00fcr EPE- und Luftpolsterfolien<\/strong><\/p>\n<p>Halterungen f\u00fcr EPE- und Luftpolsterfolien bieten zahlreiche Vorteile, die die Effizienz von Verpackungsprozessen verbessern:<\/p>\n<ul>\n<li><strong>Einfaches Abrollen und Schneiden<\/strong> von EPE-Schaum und Luftpolsterfolie f\u00fcr eine schnellere Anwendung.<\/li>\n<li><strong>Anpassungsf\u00e4higkeit<\/strong> an verschiedene Rollenbreiten und -l\u00e4ngen, was eine Anpassung an die Unternehmensbed\u00fcrfnisse erm\u00f6glicht.<\/li>\n<li><strong>Geeignet f\u00fcr den Einsatz<\/strong> in Lagern, Produktionsst\u00e4tten und Gesch\u00e4ften, wo schnelles und effizientes Verpacken erforderlich ist.<\/li>\n<li><strong>Steigert die Effizienz<\/strong> von Verpackungsprozessen durch Optimierung von Zeit und Ressourcen.<\/li>\n<li><strong>Verbessert die Organisation<\/strong> des Arbeitsbereichs, da es eine geordnete Lagerung der Folien gew\u00e4hrleistet.<\/li>\n<li><strong>Reduziert Materialverluste und Besch\u00e4digungen<\/strong>, da es Besch\u00e4digungen der Folien w\u00e4hrend des Gebrauchs verhindert.<\/li>\n<li><strong>Erm\u00f6glicht schnelleres und effizienteres Verpacken<\/strong>, was zu einer h\u00f6heren Produktivit\u00e4t beitr\u00e4gt.<\/li>\n<\/ul>\n<\/div>\n<\/div>\n<\/div>\n<\/div>\n","protected":false},"excerpt":{"rendered":"Halterungen f\u00fcr EPE- und Luftpolsterfolien erm\u00f6glichen eine einfache und effiziente Lagerung und Verwendung von Verpackungsmaterialien. Sie sind f\u00fcr das schnelle Abrollen und Schneiden von Folien konzipiert, was die Verpackungsprozesse in Lagern, Produktionsst\u00e4tten und Gesch\u00e4ften beschleunigt. \n\nSie sind aus strapazierf\u00e4higen Materialien gefertigt, anpassbar an verschiedene Rollenbreiten und -l\u00e4ngen und sorgen f\u00fcr eine bessere Organisation des Arbeitsbereichs. Sie reduzieren Materialverluste und verhindern Besch\u00e4digungen der Folien w\u00e4hrend des Gebrauchs. ","protected":false},"featured_media":5400,"template":"","meta":{"_acf_changed":false,"inline_featured_image":false},"product_cat":[1813,1814,1896,1875,1818,1897],"product_tag":[],"class_list":{"0":"post-7235","1":"product","2":"type-product","3":"status-publish","4":"has-post-thumbnail","6":"product_cat-artikel","7":"product_cat-folien","8":"product_cat-halterungen-fur-epe-und-luftpolsterfolie","9":"product_cat-epe-folien-und-profile","10":"product_cat-verpackungsmaschinen-und-gerate","11":"product_cat-halterungen-fur-epe-und-luftpolsterfolie-de","13":"first","14":"instock","15":"taxable","16":"shipping-taxable","17":"product-type-simple"},"acf":[],"gallery_images":[3382,3383],"_links":{"self":[{"href":"https:\/\/intercommerce.si\/de\/wp-json\/wp\/v2\/product\/7235","targetHints":{"allow":["GET"]}}],"collection":[{"href":"https:\/\/intercommerce.si\/de\/wp-json\/wp\/v2\/product"}],"about":[{"href":"https:\/\/intercommerce.si\/de\/wp-json\/wp\/v2\/types\/product"}],"wp:featuredmedia":[{"embeddable":true,"href":"https:\/\/intercommerce.si\/de\/wp-json\/wp\/v2\/media\/5400"}],"wp:attachment":[{"href":"https:\/\/intercommerce.si\/de\/wp-json\/wp\/v2\/media?parent=7235"}],"wp:term":[{"taxonomy":"product_cat","embeddable":true,"href":"https:\/\/intercommerce.si\/de\/wp-json\/wp\/v2\/product_cat?post=7235"},{"taxonomy":"product_tag","embeddable":true,"href":"https:\/\/intercommerce.si\/de\/wp-json\/wp\/v2\/product_tag?post=7235"}],"curies":[{"name":"wp","href":"https:\/\/api.w.org\/{rel}","templated":true}]}}