{"id":7234,"date":"2024-09-13T11:49:42","date_gmt":"2024-09-13T09:49:42","guid":{"rendered":"https:\/\/intercommerce.si\/izdelek\/pp-stausaecke\/"},"modified":"2024-09-13T11:49:42","modified_gmt":"2024-09-13T09:49:42","slug":"pp-stausaecke","status":"publish","type":"product","link":"https:\/\/intercommerce.si\/de\/produkt\/pp-stausaecke\/","title":{"rendered":"PP-Staus\u00e4cke"},"content":{"rendered":"<p><strong>Eigenschaften von PP-Staus\u00e4cken<\/strong><\/p>\n<div class=\"group\/conversation-turn relative flex w-full min-w-0 flex-col agent-turn\">\n<div class=\"flex-col gap-1 md:gap-3\">\n<div class=\"flex max-w-full flex-col flex-grow\">\n<div class=\"min-h-[20px] text-message flex w-full flex-col items-end gap-2 whitespace-normal break-words [.text-message+&amp;]:mt-5\" dir=\"auto\" data-message-author-role=\"assistant\" data-message-id=\"8d8316f8-5a20-4c2b-9dd7-9f583013e814\">\n<div class=\"flex w-full flex-col gap-1 empty:hidden first:pt-[3px]\">\n<div class=\"markdown prose w-full break-words dark:prose-invert light\">\n<ul>\n<li><strong>Zweischichtmaterial:<\/strong> Au\u00dfenschicht aus Polypropylen (PP) und Innenschicht aus Polyethylen (PE).<\/li>\n<li><strong>Gro\u00dfe Auswahl:<\/strong> Auswahl an verschiedenen Schichtst\u00e4rken je nach Bedarf.<\/li>\n<li><strong>Ladungssicherung:<\/strong> Sie verhindern das Verrutschen der Ladung w\u00e4hrend des Transports und reduzieren das Risiko von Besch\u00e4digungen.<\/li>\n<li><strong>Feuchtigkeitsbest\u00e4ndigkeit:<\/strong> Feuchtigkeitsbest\u00e4ndig, geeignet f\u00fcr Seecontainer.<\/li>\n<li><strong>Chemikalienbest\u00e4ndigkeit:<\/strong> Best\u00e4ndigkeit gegen zahlreiche Chemikalien wie S\u00e4uren und L\u00f6sungsmittel.<\/li>\n<li><strong>Verschiedene Abmessungen:<\/strong> Erh\u00e4ltlich in Standardabmessungen von 60 x 90 cm bis 120 x 240 cm.<\/li>\n<li><strong>Ma\u00dfanfertigung:<\/strong> M\u00f6glichkeit der Herstellung von S\u00e4cken nach Ma\u00df.<\/li>\n<\/ul>\n<\/div>\n<\/div>\n<\/div>\n<\/div>\n<\/div>\n<\/div>\n","protected":false},"excerpt":{"rendered":"<div class=\"flex-shrink-0 flex flex-col relative items-end\">\n<div class=\"pt-0\">\n<div class=\"gizmo-bot-avatar flex h-8 w-8 items-center justify-center overflow-hidden rounded-full\">\n<div class=\"relative p-1 rounded-sm flex items-center justify-center bg-token-main-surface-primary text-token-text-primary h-8 w-8\">\n\nPP-Staus\u00e4cke sind die ideale L\u00f6sung zum Schutz der Ladung w\u00e4hrend des Transports. Sie werden aus hochwertigem Polypropylenmaterial hergestellt, das eine hohe Haltbarkeit und Widerstandsf\u00e4higkeit gew\u00e4hrleistet. Die S\u00e4cke werden zur Stabilisierung und zum Schutz der Ladung auf Paletten oder in Transportcontainern verwendet, wo sie das Verrutschen und Besch\u00e4digen der Produkte w\u00e4hrend des Transports verhindern. Aufgrund ihrer Struktur sind sie leicht, einfach zu handhaben und erm\u00f6glichen eine effektive F\u00fcllung des Leerraums zwischen der Ladung.   \n\nSie sind in Standardabmessungen von 60 x 90 cm bis 120 x 240 cm erh\u00e4ltlich, auf Bestellung fertigen wir aber auch S\u00e4cke in Sondergr\u00f6\u00dfen an.\n\n<\/div>\n<\/div>\n<\/div>\n<\/div>","protected":false},"featured_media":5408,"template":"","meta":{"_acf_changed":false,"inline_featured_image":false},"product_cat":[1813,1890],"product_tag":[],"class_list":{"0":"post-7234","1":"product","2":"type-product","3":"status-publish","4":"has-post-thumbnail","6":"product_cat-artikel","7":"product_cat-schutz-und-stabilisierung-der-ladung-beim-transport","9":"first","10":"instock","11":"taxable","12":"shipping-taxable","13":"product-type-simple"},"acf":[],"gallery_images":[3384,4345,4346,4347],"_links":{"self":[{"href":"https:\/\/intercommerce.si\/de\/wp-json\/wp\/v2\/product\/7234","targetHints":{"allow":["GET"]}}],"collection":[{"href":"https:\/\/intercommerce.si\/de\/wp-json\/wp\/v2\/product"}],"about":[{"href":"https:\/\/intercommerce.si\/de\/wp-json\/wp\/v2\/types\/product"}],"wp:featuredmedia":[{"embeddable":true,"href":"https:\/\/intercommerce.si\/de\/wp-json\/wp\/v2\/media\/5408"}],"wp:attachment":[{"href":"https:\/\/intercommerce.si\/de\/wp-json\/wp\/v2\/media?parent=7234"}],"wp:term":[{"taxonomy":"product_cat","embeddable":true,"href":"https:\/\/intercommerce.si\/de\/wp-json\/wp\/v2\/product_cat?post=7234"},{"taxonomy":"product_tag","embeddable":true,"href":"https:\/\/intercommerce.si\/de\/wp-json\/wp\/v2\/product_tag?post=7234"}],"curies":[{"name":"wp","href":"https:\/\/api.w.org\/{rel}","templated":true}]}}