{"id":7233,"date":"2024-10-14T14:40:53","date_gmt":"2024-10-14T12:40:53","guid":{"rendered":"https:\/\/intercommerce.si\/izdelek\/akku-umreifungsgeraet-fuer-pp-und-pet-baender\/"},"modified":"2024-10-14T14:40:53","modified_gmt":"2024-10-14T12:40:53","slug":"akku-umreifungsgeraet-fuer-pp-und-pet-baender","status":"publish","type":"product","link":"https:\/\/intercommerce.si\/de\/produkt\/akku-umreifungsgeraet-fuer-pp-und-pet-baender\/","title":{"rendered":"Akku-Umreifungsger\u00e4t f\u00fcr PP- und PET-B\u00e4nder"},"content":{"rendered":"<p>Das Akku-Umreifungsger\u00e4t wird zum Umreifen von PP- und PET-B\u00e4ndern verwendet. Es erm\u00f6glicht das automatische Spannen, Verschwei\u00dfen und Abschneiden des Bandes. Am Umreifungsger\u00e4t k\u00f6nnen Spannung und Schwei\u00dfzeit manuell oder automatisch eingestellt werden.<br \/>\nEs sind zwei Typen von Akku-Umreifungsger\u00e4ten erh\u00e4ltlich:<br \/>\n\u2022 zum Umreifen von B\u00e4ndern mit einer Breite von 12 und 16 mm und einer Dicke von bis zu 1 mm,<br \/>\n\u2022 zum Umreifen von B\u00e4ndern mit einer Breite von 19 mm und einer Dicke von bis zu 1,25 mm.  <\/p>\n","protected":false},"excerpt":{"rendered":"Das Akku-Umreifungsger\u00e4t wird zum Umreifen von PP- und PET-B\u00e4ndern verwendet. Es erm\u00f6glicht das automatische Spannen, Verschwei\u00dfen und Abschneiden des Bandes. Am Umreifungsger\u00e4t k\u00f6nnen Spannung und Schwei\u00dfzeit manuell oder automatisch eingestellt werden. Es sind zwei Typen von Akku-Umreifungsger\u00e4ten erh\u00e4ltlich: \u2022 zum Umreifen von B\u00e4ndern mit einer Breite von 12 und 16 mm und einer Dicke von&#8230; <a class=\"view-article\" href=\"https:\/\/intercommerce.si\/de\/produkt\/akku-umreifungsgeraet-fuer-pp-und-pet-baender\/\">View Article<\/a>","protected":false},"featured_media":6419,"template":"","meta":{"_acf_changed":false,"inline_featured_image":false},"product_cat":[1813,1831,1894,1895,1818,1829,1827,1828,1820,1819],"product_tag":[],"class_list":{"0":"post-7233","1":"product","2":"type-product","3":"status-publish","4":"has-post-thumbnail","6":"product_cat-artikel","7":"product_cat-umreifungsbander","8":"product_cat-pp-umreifungsbander","9":"product_cat-pet-umreifungsbander","10":"product_cat-verpackungsmaschinen-und-gerate","11":"product_cat-maschinen","12":"product_cat-umreifungsmaschinen","13":"product_cat-umreifungsgerate-fur-pp-pet-band","14":"product_cat-handgerate-und-zubehor-fur-die-verpackung","15":"product_cat-spanner-und-umreifungsgerate-fur-umreifungsbander","17":"first","18":"instock","19":"taxable","20":"shipping-taxable","21":"product-type-simple"},"acf":[],"gallery_images":[],"_links":{"self":[{"href":"https:\/\/intercommerce.si\/de\/wp-json\/wp\/v2\/product\/7233","targetHints":{"allow":["GET"]}}],"collection":[{"href":"https:\/\/intercommerce.si\/de\/wp-json\/wp\/v2\/product"}],"about":[{"href":"https:\/\/intercommerce.si\/de\/wp-json\/wp\/v2\/types\/product"}],"wp:featuredmedia":[{"embeddable":true,"href":"https:\/\/intercommerce.si\/de\/wp-json\/wp\/v2\/media\/6419"}],"wp:attachment":[{"href":"https:\/\/intercommerce.si\/de\/wp-json\/wp\/v2\/media?parent=7233"}],"wp:term":[{"taxonomy":"product_cat","embeddable":true,"href":"https:\/\/intercommerce.si\/de\/wp-json\/wp\/v2\/product_cat?post=7233"},{"taxonomy":"product_tag","embeddable":true,"href":"https:\/\/intercommerce.si\/de\/wp-json\/wp\/v2\/product_tag?post=7233"}],"curies":[{"name":"wp","href":"https:\/\/api.w.org\/{rel}","templated":true}]}}