{"id":7232,"date":"2025-09-09T10:23:10","date_gmt":"2025-09-09T08:23:10","guid":{"rendered":"https:\/\/intercommerce.si\/izdelek\/thermoschrumpfende-ldpe-folien\/"},"modified":"2025-09-09T10:23:10","modified_gmt":"2025-09-09T08:23:10","slug":"thermoschrumpfende-ldpe-folien","status":"publish","type":"product","link":"https:\/\/intercommerce.si\/de\/produkt\/thermoschrumpfende-ldpe-folien\/","title":{"rendered":"Thermoschrumpfende LDPE-Folien"},"content":{"rendered":"<p><strong>Thermoschrumpfende LDPE-Folien<\/strong> sind eine zuverl\u00e4ssige L\u00f6sung f\u00fcr die Verpackung verschiedenster Produkte und Halbfabrikate. Beim Erhitzen schrumpft die Folie und schmiegt sich eng an das Produkt an, was Stabilit\u00e4t, Schutz und ein ordentliches Erscheinungsbild der verpackten Ware gew\u00e4hrleistet. <\/p>\n<p>Sie werden am h\u00e4ufigsten verwendet in:<\/p>\n<ul>\n<li>der Lebensmittelindustrie,<\/li>\n<li>der Getr\u00e4nkeindustrie,<\/li>\n<li>der Kerzenherstellung,<\/li>\n<li>der Holzindustrie und vielen anderen Branchen.<\/li>\n<\/ul>\n<p>Es ist eine breite Palette von Folien erh\u00e4ltlich, die sich in <strong>Breite<\/strong> und <strong>Dicke<\/strong> unterscheiden, sodass sie an die spezifischen Bed\u00fcrfnisse jedes Kunden angepasst werden k\u00f6nnen.<\/p>\n<p><strong>Vorteile von thermoschrumpfenden LDPE-Folien:<\/strong><\/p>\n<ul>\n<li>M\u00f6glichkeit des mehrfarbigen Foliendrucks,<\/li>\n<li>Auswahl verschiedener Farben (meist transparent),<\/li>\n<li>M\u00f6glichkeit der Wahl einer gleitenden oder nicht gleitenden Version,<\/li>\n<li>hoher Schutzgrad beim Transport,<\/li>\n<li>UV-Best\u00e4ndigkeit f\u00fcr eine l\u00e4ngere Lebensdauer der Produkte.<\/li>\n<\/ul>\n<p>Aufgrund ihrer Vielseitigkeit sind Thermoschrumpffolien eine ausgezeichnete Wahl f\u00fcr Unternehmen, die eine sichere, \u00e4sthetische und kosteng\u00fcnstige Verpackungsmethode suchen.<\/p>\n","protected":false},"excerpt":{"rendered":"Thermoschrumpfende LDPE-Folien sind eine zuverl\u00e4ssige L\u00f6sung f\u00fcr die Verpackung von Halbzeugen und Produkten. Beim Erhitzen schrumpft die Folie und passt sich perfekt an das Produkt an, was die Stabilit\u00e4t und Sicherheit der Verpackung gew\u00e4hrleistet. Sie werden in der Lebensmittel-, Getr\u00e4nke- und Holzindustrie, in der Kerzenherstellung und in vielen anderen Branchen eingesetzt.  \n\nEs ist eine breite Palette von Folien unterschiedlicher Breite und Dicke erh\u00e4ltlich, mit der M\u00f6glichkeit des Bedruckens, der Farbauswahl und der Ausf\u00fchrung in einer gleitenden oder nicht gleitenden Variante. UV-Best\u00e4ndigkeit und hoher Schutz beim Transport machen sie zu einer ausgezeichneten Wahl f\u00fcr alle, die eine sichere, \u00e4sthetische und professionelle Verpackungsmethode suchen. ","protected":false},"featured_media":6725,"template":"","meta":{"_acf_changed":false,"inline_featured_image":false},"product_cat":[1813,1823,1814,1866],"product_tag":[],"class_list":{"0":"post-7232","1":"product","2":"type-product","3":"status-publish","4":"has-post-thumbnail","6":"product_cat-artikel","7":"product_cat-verpackungsmaterialien","8":"product_cat-folien","9":"product_cat-pe-folien-ldpe-hdpe","11":"first","12":"instock","13":"taxable","14":"shipping-taxable","15":"product-type-simple"},"acf":[],"gallery_images":[6726,6729,6732],"_links":{"self":[{"href":"https:\/\/intercommerce.si\/de\/wp-json\/wp\/v2\/product\/7232","targetHints":{"allow":["GET"]}}],"collection":[{"href":"https:\/\/intercommerce.si\/de\/wp-json\/wp\/v2\/product"}],"about":[{"href":"https:\/\/intercommerce.si\/de\/wp-json\/wp\/v2\/types\/product"}],"wp:featuredmedia":[{"embeddable":true,"href":"https:\/\/intercommerce.si\/de\/wp-json\/wp\/v2\/media\/6725"}],"wp:attachment":[{"href":"https:\/\/intercommerce.si\/de\/wp-json\/wp\/v2\/media?parent=7232"}],"wp:term":[{"taxonomy":"product_cat","embeddable":true,"href":"https:\/\/intercommerce.si\/de\/wp-json\/wp\/v2\/product_cat?post=7232"},{"taxonomy":"product_tag","embeddable":true,"href":"https:\/\/intercommerce.si\/de\/wp-json\/wp\/v2\/product_tag?post=7232"}],"curies":[{"name":"wp","href":"https:\/\/api.w.org\/{rel}","templated":true}]}}