{"id":7231,"date":"2024-10-15T08:33:36","date_gmt":"2024-10-15T06:33:36","guid":{"rendered":"https:\/\/intercommerce.si\/izdelek\/manuelles-spannwerkzeug-fuer-metallband\/"},"modified":"2024-10-15T08:33:36","modified_gmt":"2024-10-15T06:33:36","slug":"manuelles-spannwerkzeug-fuer-metallband","status":"publish","type":"product","link":"https:\/\/intercommerce.si\/de\/produkt\/manuelles-spannwerkzeug-fuer-metallband\/","title":{"rendered":"Manuelles Spannwerkzeug f\u00fcr Metallband"},"content":{"rendered":"<p>Eigenschaften des manuellen Spannwerkzeugs f\u00fcr Metallband:<\/p>\n<ul>\n<li>f\u00fcr die Verwendung ohne Klammern,<\/li>\n<li>f\u00fcr Band von 13 bis 19 mm,<\/li>\n<li>einfach zu bedienen.<\/li>\n<\/ul>\n","protected":false},"excerpt":{"rendered":"Das manuelle Spannwerkzeug f\u00fcr Metallb\u00e4nder muss je nach Bandbreite ausgew\u00e4hlt werden. F\u00fcr B\u00e4nder mit einer Breite von 16 mm und 19 mm. ","protected":false},"featured_media":4888,"template":"","meta":{"_acf_changed":false,"inline_featured_image":false},"product_cat":[1813,1818,1820,1819],"product_tag":[],"class_list":{"0":"post-7231","1":"product","2":"type-product","3":"status-publish","4":"has-post-thumbnail","6":"product_cat-artikel","7":"product_cat-verpackungsmaschinen-und-gerate","8":"product_cat-handgerate-und-zubehor-fur-die-verpackung","9":"product_cat-spanner-und-umreifungsgerate-fur-umreifungsbander","11":"first","12":"instock","13":"taxable","14":"shipping-taxable","15":"product-type-simple"},"acf":[],"gallery_images":[1952],"_links":{"self":[{"href":"https:\/\/intercommerce.si\/de\/wp-json\/wp\/v2\/product\/7231","targetHints":{"allow":["GET"]}}],"collection":[{"href":"https:\/\/intercommerce.si\/de\/wp-json\/wp\/v2\/product"}],"about":[{"href":"https:\/\/intercommerce.si\/de\/wp-json\/wp\/v2\/types\/product"}],"wp:featuredmedia":[{"embeddable":true,"href":"https:\/\/intercommerce.si\/de\/wp-json\/wp\/v2\/media\/4888"}],"wp:attachment":[{"href":"https:\/\/intercommerce.si\/de\/wp-json\/wp\/v2\/media?parent=7231"}],"wp:term":[{"taxonomy":"product_cat","embeddable":true,"href":"https:\/\/intercommerce.si\/de\/wp-json\/wp\/v2\/product_cat?post=7231"},{"taxonomy":"product_tag","embeddable":true,"href":"https:\/\/intercommerce.si\/de\/wp-json\/wp\/v2\/product_tag?post=7231"}],"curies":[{"name":"wp","href":"https:\/\/api.w.org\/{rel}","templated":true}]}}