{"id":7230,"date":"2024-10-15T08:29:38","date_gmt":"2024-10-15T06:29:38","guid":{"rendered":"https:\/\/intercommerce.si\/izdelek\/verschlussgeraet-fuer-metallklammern-fuer-pp-pet-band\/"},"modified":"2024-10-15T08:29:38","modified_gmt":"2024-10-15T06:29:38","slug":"verschlussgeraet-fuer-metallklammern-fuer-pp-pet-band","status":"publish","type":"product","link":"https:\/\/intercommerce.si\/de\/produkt\/verschlussgeraet-fuer-metallklammern-fuer-pp-pet-band\/","title":{"rendered":"Verschlussger\u00e4t f\u00fcr Metallklammern f\u00fcr PP-\/PET-Band"},"content":{"rendered":"<p>Eigenschaften des Spanners:<\/p>\n<ul>\n<li>einfach zu bedienen,<\/li>\n<li>geeignet f\u00fcr PP- und PET-B\u00e4nder von 12-16 mm.<\/li>\n<\/ul>\n","protected":false},"excerpt":{"rendered":"Das Verschlussger\u00e4t ist zum Verschlie\u00dfen von PP-\/PET-Band mit Metallklammern vorgesehen. Die Klammern m\u00fcssen entsprechend der Bandbreite ausgew\u00e4hlt werden. Erh\u00e4ltlich f\u00fcr Bandbreiten von 12 und 16 mm.  ","protected":false},"featured_media":6347,"template":"","meta":{"_acf_changed":false,"inline_featured_image":false},"product_cat":[1813,1818,1820,1819],"product_tag":[],"class_list":{"0":"post-7230","1":"product","2":"type-product","3":"status-publish","4":"has-post-thumbnail","6":"product_cat-artikel","7":"product_cat-verpackungsmaschinen-und-gerate","8":"product_cat-handgerate-und-zubehor-fur-die-verpackung","9":"product_cat-spanner-und-umreifungsgerate-fur-umreifungsbander","11":"first","12":"instock","13":"taxable","14":"shipping-taxable","15":"product-type-simple"},"acf":[],"gallery_images":[],"_links":{"self":[{"href":"https:\/\/intercommerce.si\/de\/wp-json\/wp\/v2\/product\/7230","targetHints":{"allow":["GET"]}}],"collection":[{"href":"https:\/\/intercommerce.si\/de\/wp-json\/wp\/v2\/product"}],"about":[{"href":"https:\/\/intercommerce.si\/de\/wp-json\/wp\/v2\/types\/product"}],"wp:featuredmedia":[{"embeddable":true,"href":"https:\/\/intercommerce.si\/de\/wp-json\/wp\/v2\/media\/6347"}],"wp:attachment":[{"href":"https:\/\/intercommerce.si\/de\/wp-json\/wp\/v2\/media?parent=7230"}],"wp:term":[{"taxonomy":"product_cat","embeddable":true,"href":"https:\/\/intercommerce.si\/de\/wp-json\/wp\/v2\/product_cat?post=7230"},{"taxonomy":"product_tag","embeddable":true,"href":"https:\/\/intercommerce.si\/de\/wp-json\/wp\/v2\/product_tag?post=7230"}],"curies":[{"name":"wp","href":"https:\/\/api.w.org\/{rel}","templated":true}]}}