{"id":7229,"date":"2025-09-05T14:28:41","date_gmt":"2025-09-05T12:28:41","guid":{"rendered":"https:\/\/intercommerce.si\/izdelek\/silagetunnel\/"},"modified":"2025-09-05T14:28:41","modified_gmt":"2025-09-05T12:28:41","slug":"silagetunnel","status":"publish","type":"product","link":"https:\/\/intercommerce.si\/de\/produkt\/silagetunnel\/","title":{"rendered":"Silagetunnel"},"content":{"rendered":"<p><strong>Eigenschaften:<\/strong><\/p>\n<ul>\n<li>UV-Best\u00e4ndigkeit.<\/li>\n<li>Anpassungsf\u00e4higkeit an Menge und Art des Futters.<\/li>\n<li>Eignung f\u00fcr die Langzeitlagerung<\/li>\n<li>Durchmesser: 2,7 m<\/li>\n<li>L\u00e4nge: 60 m<\/li>\n<li>Dicke: 225 und 240 my<\/li>\n<\/ul>\n","protected":false},"excerpt":{"rendered":"<p data-start=\"161\" data-end=\"381\">Silagetunnel sind spezielle Folien in Form eines Schlauches, die f\u00fcr die Lagerung und Fermentation von Futtermitteln in der Landwirtschaft bestimmt sind. Sie erm\u00f6glichen optimale Bedingungen f\u00fcr die Konservierung von Futtermitteln, da sie die Sauerstoffzufuhr reduzieren und so den Verderb verhindern.\nSie zeichnen sich durch hohe mechanische Festigkeit, UV-Best\u00e4ndigkeit und Anpassungsf\u00e4higkeit an Art und Menge des Futters aus. Aufgrund dieser Eigenschaften sind Silagetunnel eine ausgezeichnete Wahl f\u00fcr eine langfristige, sichere und qualitativ hochwertige Lagerung.  <\/p>\n&nbsp;","protected":false},"featured_media":6799,"template":"","meta":{"_acf_changed":false,"inline_featured_image":false},"product_cat":[1813,1823,1892],"product_tag":[],"class_list":{"0":"post-7229","1":"product","2":"type-product","3":"status-publish","4":"has-post-thumbnail","6":"product_cat-artikel","7":"product_cat-verpackungsmaterialien","8":"product_cat-agrarprogramm","10":"first","11":"instock","12":"taxable","13":"shipping-taxable","14":"product-type-simple"},"acf":[],"gallery_images":[],"_links":{"self":[{"href":"https:\/\/intercommerce.si\/de\/wp-json\/wp\/v2\/product\/7229","targetHints":{"allow":["GET"]}}],"collection":[{"href":"https:\/\/intercommerce.si\/de\/wp-json\/wp\/v2\/product"}],"about":[{"href":"https:\/\/intercommerce.si\/de\/wp-json\/wp\/v2\/types\/product"}],"wp:featuredmedia":[{"embeddable":true,"href":"https:\/\/intercommerce.si\/de\/wp-json\/wp\/v2\/media\/6799"}],"wp:attachment":[{"href":"https:\/\/intercommerce.si\/de\/wp-json\/wp\/v2\/media?parent=7229"}],"wp:term":[{"taxonomy":"product_cat","embeddable":true,"href":"https:\/\/intercommerce.si\/de\/wp-json\/wp\/v2\/product_cat?post=7229"},{"taxonomy":"product_tag","embeddable":true,"href":"https:\/\/intercommerce.si\/de\/wp-json\/wp\/v2\/product_tag?post=7229"}],"curies":[{"name":"wp","href":"https:\/\/api.w.org\/{rel}","templated":true}]}}