{"id":7227,"date":"2025-03-25T08:36:35","date_gmt":"2025-03-25T07:36:35","guid":{"rendered":"https:\/\/intercommerce.si\/izdelek\/tesa-4341\/"},"modified":"2025-03-25T08:36:35","modified_gmt":"2025-03-25T07:36:35","slug":"tesa-4341","status":"publish","type":"product","link":"https:\/\/intercommerce.si\/de\/produkt\/tesa-4341\/","title":{"rendered":"tesa\u00ae 4341"},"content":{"rendered":"<h3><strong>Eigenschaften:<\/strong><\/h3>\n<ul>\n<li><strong>Hohe Temperaturbest\u00e4ndigkeit<\/strong> \u2013 Geeignet f\u00fcr den Einsatz unter hohen Temperaturen.<\/li>\n<li><strong>Naturkautschukkleber ohne L\u00f6sungsmittel<\/strong> \u2013 Bietet eine gute Haftung.<\/li>\n<li><strong>Hohe Flexibilit\u00e4t und Dehnbarkeit<\/strong> \u2013 Kann gedehnt und an Kurven angepasst werden, was das Abkleben auf schwierigen Formen erleichtert.<\/li>\n<li><strong>Weich, aber strapazierf\u00e4hig<\/strong> \u2013 auch f\u00fcr empfindliche Oberfl\u00e4chen geeignet.<\/li>\n<li><strong>Gute Tragf\u00e4higkeit.<\/strong><\/li>\n<\/ul>\n","protected":false},"excerpt":{"rendered":"Tesa 4341 ist ein feincrepptes, \u00e4u\u00dferst dehnbares und flexibles Papiermaskierband f\u00fcr Lackierarbeiten. Sein l\u00f6sungsmittelfreier Naturkautschukkleber hat gut ausgewogene Eigenschaften in Bezug auf Klebrigkeit, Haftung, Scherfestigkeit und Temperaturbest\u00e4ndigkeit. ","protected":false},"featured_media":4163,"template":"","meta":{"_acf_changed":false,"inline_featured_image":false},"product_cat":[1821,1893],"product_tag":[],"class_list":{"0":"post-7227","1":"product","2":"type-product","3":"status-publish","4":"has-post-thumbnail","6":"product_cat-nachhaltige-klebebander-von-tesa","7":"product_cat-abdeckbander","9":"first","10":"instock","11":"taxable","12":"shipping-taxable","13":"product-type-simple"},"acf":[],"gallery_images":[],"_links":{"self":[{"href":"https:\/\/intercommerce.si\/de\/wp-json\/wp\/v2\/product\/7227","targetHints":{"allow":["GET"]}}],"collection":[{"href":"https:\/\/intercommerce.si\/de\/wp-json\/wp\/v2\/product"}],"about":[{"href":"https:\/\/intercommerce.si\/de\/wp-json\/wp\/v2\/types\/product"}],"wp:featuredmedia":[{"embeddable":true,"href":"https:\/\/intercommerce.si\/de\/wp-json\/wp\/v2\/media\/4163"}],"wp:attachment":[{"href":"https:\/\/intercommerce.si\/de\/wp-json\/wp\/v2\/media?parent=7227"}],"wp:term":[{"taxonomy":"product_cat","embeddable":true,"href":"https:\/\/intercommerce.si\/de\/wp-json\/wp\/v2\/product_cat?post=7227"},{"taxonomy":"product_tag","embeddable":true,"href":"https:\/\/intercommerce.si\/de\/wp-json\/wp\/v2\/product_tag?post=7227"}],"curies":[{"name":"wp","href":"https:\/\/api.w.org\/{rel}","templated":true}]}}